{"id":1240,"date":"2023-02-27T07:52:34","date_gmt":"2023-02-27T07:52:34","guid":{"rendered":"http:\/\/madachkollegium.hu\/?page_id=1240"},"modified":"2023-02-27T07:52:34","modified_gmt":"2023-02-27T07:52:34","slug":"okoiskola","status":"publish","type":"page","link":"https:\/\/madachkollegium.hu\/index.php\/okoiskola\/","title":{"rendered":"\u00d6koiskola"},"content":{"rendered":"\t\t<div data-elementor-type=\"wp-page\" data-elementor-id=\"1240\" class=\"elementor elementor-1240\" data-elementor-post-type=\"page\">\n\t\t\t\t\t\t<section class=\"elementor-section elementor-top-section elementor-element elementor-element-b540f0f elementor-section-boxed elementor-section-height-default elementor-section-height-default\" data-id=\"b540f0f\" data-element_type=\"section\">\n\t\t\t\t\t\t<div class=\"elementor-container elementor-column-gap-default\">\n\t\t\t\t\t<div class=\"elementor-column elementor-col-100 elementor-top-column elementor-element elementor-element-784cdcf\" data-id=\"784cdcf\" data-element_type=\"column\">\n\t\t\t<div class=\"elementor-widget-wrap elementor-element-populated\">\n\t\t\t\t\t\t<div class=\"elementor-element elementor-element-29ac67c elementor-widget elementor-widget-image\" data-id=\"29ac67c\" data-element_type=\"widget\" data-widget_type=\"image.default\">\n\t\t\t\t<div class=\"elementor-widget-container\">\n\t\t\t\t\t\t\t\t\t\t\t\t\t\t\t<img fetchpriority=\"high\" decoding=\"async\" width=\"300\" height=\"300\" src=\"https:\/\/madachkollegium.hu\/wp-content\/uploads\/2023\/02\/bolygo21.png\" class=\"attachment-medium size-medium wp-image-1242\" alt=\"\" \/>\t\t\t\t\t\t\t\t\t\t\t\t\t\t\t<\/div>\n\t\t\t\t<\/div>\n\t\t\t\t\t<\/div>\n\t\t<\/div>\n\t\t\t\t\t<\/div>\n\t\t<\/section>\n\t\t\t\t<section class=\"elementor-section elementor-top-section elementor-element elementor-element-17f6230 elementor-section-boxed elementor-section-height-default elementor-section-height-default\" data-id=\"17f6230\" data-element_type=\"section\">\n\t\t\t\t\t\t<div class=\"elementor-container elementor-column-gap-default\">\n\t\t\t\t\t<div class=\"elementor-column elementor-col-100 elementor-top-column elementor-element elementor-element-f20daef\" data-id=\"f20daef\" data-element_type=\"column\">\n\t\t\t<div class=\"elementor-widget-wrap elementor-element-populated\">\n\t\t\t\t\t\t<div class=\"elementor-element elementor-element-eb51f01 elementor-widget elementor-widget-heading\" data-id=\"eb51f01\" data-element_type=\"widget\" data-widget_type=\"heading.default\">\n\t\t\t\t<div class=\"elementor-widget-container\">\n\t\t\t\t\t<h2 class=\"elementor-heading-title elementor-size-default\">\u00d6koiskolai program bemutat\u00e1sa a Mad\u00e1ch Imre Koll\u00e9giumban<\/h2>\t\t\t\t<\/div>\n\t\t\t\t<\/div>\n\t\t\t\t\t<\/div>\n\t\t<\/div>\n\t\t\t\t\t<\/div>\n\t\t<\/section>\n\t\t\t\t<section class=\"elementor-section elementor-top-section elementor-element elementor-element-1909a00 elementor-section-boxed elementor-section-height-default elementor-section-height-default\" data-id=\"1909a00\" data-element_type=\"section\">\n\t\t\t\t\t\t<div class=\"elementor-container elementor-column-gap-default\">\n\t\t\t\t\t<div class=\"elementor-column elementor-col-100 elementor-top-column elementor-element elementor-element-36f82d8\" data-id=\"36f82d8\" data-element_type=\"column\">\n\t\t\t<div class=\"elementor-widget-wrap elementor-element-populated\">\n\t\t\t\t\t\t<div class=\"elementor-element elementor-element-3c7b362 elementor-widget elementor-widget-text-editor\" data-id=\"3c7b362\" data-element_type=\"widget\" data-widget_type=\"text-editor.default\">\n\t\t\t\t<div class=\"elementor-widget-container\">\n\t\t\t\t\t\t\t\t\t<p>A Mad\u00e1ch Imre Koll\u00e9gium els\u0151 \u00d6koiskola c\u00edm\u00e9t 2016. \u00e9vben szerezte meg egy \u00e9v felk\u00e9sz\u00fcl\u00e9si id\u0151szak ut\u00e1n. A nevel\u0151test\u00fclet az int\u00e9zm\u00e9ny vezet\u00e9se a tanul\u00f3kkal \u00e9s az alkalmazotti k\u00f6z\u00f6ss\u00e9ggel k\u00f6z\u00f6sen az al\u00e1bbi nevel\u00e9si c\u00e9lokat szerette volna, hogy hangs\u00falyosabban megjelenjenek az int\u00e9zm\u00e9ny mindennapjaiban.<br \/>K\u00f6rnyezettudatoss\u00e1gra nevel\u00e9s<br \/>Fenntarthat\u00f3s\u00e1gra nevel\u00e9s<br \/>Eg\u00e9szs\u00e9ges \u00e9letm\u00f3dra nevel\u00e9s<br \/>A c\u00edm elnyer\u00e9s\u00e9vel (2016.01.30.-2018.12.31) h\u00e1rom v\u00e1llal\u00e1st fogalmazott meg az \u00f6ko csoport a p\u00e1ly\u00e1zatban:<br \/>* PET palackok, szelekt\u00edv hullad\u00e9kok gy\u0171jt\u00e9se<br \/>* \u00d6n\u00e9rt\u00e9kel\u00e9s \u00e1tdolgoz\u00e1sa a k\u00f6rnyezettudatos szeml\u00e9let jegy\u00e9ben<br \/>* K\u00f6rnyezetv\u00e9delmi versenyek szervez\u00e9se<br \/>Ezeken k\u00edv\u00fcl sz\u00e1mos program, kezdem\u00e9nyez\u00e9s val\u00f3sult meg:<br \/>* Heti rendszeress\u00e9ggel szem\u00e9t szed\u00e9s az udvaron<br \/>* Napi szoba ellen\u0151rz\u00e9s<br \/>* Hullad\u00e9k feldolgoz\u00f3k l\u00e1togat\u00e1sa<br \/>* Erdei iskolai program<br \/>* T\u00far\u00e1k szervez\u00e9se haz\u00e1nkban \u00e9s hat\u00e1ron t\u00fal<br \/>* Honlap \u2013\u201e\u00f6ko\u201d besz\u00e1mol\u00f3k<br \/>* Vir\u00e1goskert<br \/>* El\u0151ad\u00e1sok, programok az eg\u00e9szs\u00e9ges t\u00e1pl\u00e1lkoz\u00e1s jegy\u00e9ben<br \/>* T\u00e9mahetek<br \/>* \u00dasz\u00e1s, s\u00edt\u00e1bor, sportnapok.<br \/>Az int\u00e9zm\u00e9ny alkalmazotti \u00e9s tanul\u00f3i k\u00f6z\u00f6ss\u00e9ge \u00fagy d\u00f6nt\u00f6tt, hogy a c\u00edm elnyer\u00e9s\u00e9\u00e9rt \u00fajra p\u00e1ly\u00e1zik 2019. \u00e9vben. A beny\u00fajtott p\u00e1ly\u00e1zatban \u00faj v\u00e1llal\u00e1sok, c\u00e9lok lettek megfogalmazva:<br \/>* F\u0171szerkert l\u00e9trehoz\u00e1sa<br \/>* \u0150shonos n\u00f6v\u00e9nyzet telep\u00edt\u00e9se (f\u00e1k, bokrok) az int\u00e9zm\u00e9ny kertj\u00e9ben<br \/>* Mad\u00e1retet\u0151, lepkeitat\u00f3, rovartanya kialak\u00edt\u00e1sa \u00e9s bemutat\u00f3 t\u00e1bl\u00e1k kihelyez\u00e9se.<\/p>\t\t\t\t\t\t\t\t<\/div>\n\t\t\t\t<\/div>\n\t\t\t\t\t<\/div>\n\t\t<\/div>\n\t\t\t\t\t<\/div>\n\t\t<\/section>\n\t\t\t\t<section class=\"elementor-section elementor-top-section elementor-element elementor-element-c616330 elementor-section-boxed elementor-section-height-default elementor-section-height-default\" data-id=\"c616330\" data-element_type=\"section\">\n\t\t\t\t\t\t<div class=\"elementor-container elementor-column-gap-default\">\n\t\t\t\t\t<div class=\"elementor-column elementor-col-100 elementor-top-column elementor-element elementor-element-7274966\" data-id=\"7274966\" data-element_type=\"column\">\n\t\t\t<div class=\"elementor-widget-wrap elementor-element-populated\">\n\t\t\t\t\t\t<div class=\"elementor-element elementor-element-584bebd elementor-widget elementor-widget-gallery\" data-id=\"584bebd\" data-element_type=\"widget\" data-settings=\"{&quot;columns&quot;:3,&quot;gap&quot;:{&quot;unit&quot;:&quot;px&quot;,&quot;size&quot;:9,&quot;sizes&quot;:[]},&quot;image_hover_animation&quot;:&quot;grow&quot;,&quot;lazyload&quot;:&quot;yes&quot;,&quot;gallery_layout&quot;:&quot;grid&quot;,&quot;columns_tablet&quot;:2,&quot;columns_mobile&quot;:1,&quot;gap_tablet&quot;:{&quot;unit&quot;:&quot;px&quot;,&quot;size&quot;:10,&quot;sizes&quot;:[]},&quot;gap_mobile&quot;:{&quot;unit&quot;:&quot;px&quot;,&quot;size&quot;:10,&quot;sizes&quot;:[]},&quot;link_to&quot;:&quot;file&quot;,&quot;aspect_ratio&quot;:&quot;3:2&quot;,&quot;overlay_background&quot;:&quot;yes&quot;,&quot;content_hover_animation&quot;:&quot;fade-in&quot;}\" data-widget_type=\"gallery.default\">\n\t\t\t\t<div class=\"elementor-widget-container\">\n\t\t\t\t\t\t\t<div class=\"elementor-gallery__container\">\n\t\t\t\t\t\t\t<a class=\"e-gallery-item elementor-gallery-item elementor-animated-content\" href=\"https:\/\/madachkollegium.hu\/wp-content\/uploads\/2021\/11\/3-5.jpg\" data-elementor-open-lightbox=\"yes\" data-elementor-lightbox-slideshow=\"584bebd\" data-elementor-lightbox-title=\"3\" data-e-action-hash=\"#elementor-action%3Aaction%3Dlightbox%26settings%3DeyJpZCI6NzIzLCJ1cmwiOiJodHRwczpcL1wvbWFkYWNoa29sbGVnaXVtLmh1XC93cC1jb250ZW50XC91cGxvYWRzXC8yMDIxXC8xMVwvMy01LmpwZyIsInNsaWRlc2hvdyI6IjU4NGJlYmQifQ%3D%3D\">\n\t\t\t\t\t<div class=\"e-gallery-image elementor-gallery-item__image\" data-thumbnail=\"https:\/\/madachkollegium.hu\/wp-content\/uploads\/2021\/11\/3-5.jpg\" data-width=\"300\" data-height=\"225\" aria-label=\"\" role=\"img\" ><\/div>\n\t\t\t\t\t\t\t\t\t\t\t<div class=\"elementor-gallery-item__overlay\"><\/div>\n\t\t\t\t\t\t\t\t\t\t\t\t\t\t<\/a>\n\t\t\t\t\t\t\t<a class=\"e-gallery-item elementor-gallery-item elementor-animated-content\" href=\"https:\/\/madachkollegium.hu\/wp-content\/uploads\/2021\/11\/2-5.jpg\" data-elementor-open-lightbox=\"yes\" data-elementor-lightbox-slideshow=\"584bebd\" data-elementor-lightbox-title=\"2\" data-e-action-hash=\"#elementor-action%3Aaction%3Dlightbox%26settings%3DeyJpZCI6NzIyLCJ1cmwiOiJodHRwczpcL1wvbWFkYWNoa29sbGVnaXVtLmh1XC93cC1jb250ZW50XC91cGxvYWRzXC8yMDIxXC8xMVwvMi01LmpwZyIsInNsaWRlc2hvdyI6IjU4NGJlYmQifQ%3D%3D\">\n\t\t\t\t\t<div class=\"e-gallery-image elementor-gallery-item__image\" data-thumbnail=\"https:\/\/madachkollegium.hu\/wp-content\/uploads\/2021\/11\/2-5.jpg\" data-width=\"225\" data-height=\"300\" aria-label=\"\" role=\"img\" ><\/div>\n\t\t\t\t\t\t\t\t\t\t\t<div class=\"elementor-gallery-item__overlay\"><\/div>\n\t\t\t\t\t\t\t\t\t\t\t\t\t\t<\/a>\n\t\t\t\t\t\t\t<a class=\"e-gallery-item elementor-gallery-item elementor-animated-content\" href=\"https:\/\/madachkollegium.hu\/wp-content\/uploads\/2021\/11\/1-5.jpg\" data-elementor-open-lightbox=\"yes\" data-elementor-lightbox-slideshow=\"584bebd\" data-elementor-lightbox-title=\"1\" data-e-action-hash=\"#elementor-action%3Aaction%3Dlightbox%26settings%3DeyJpZCI6NzIxLCJ1cmwiOiJodHRwczpcL1wvbWFkYWNoa29sbGVnaXVtLmh1XC93cC1jb250ZW50XC91cGxvYWRzXC8yMDIxXC8xMVwvMS01LmpwZyIsInNsaWRlc2hvdyI6IjU4NGJlYmQifQ%3D%3D\">\n\t\t\t\t\t<div class=\"e-gallery-image elementor-gallery-item__image\" data-thumbnail=\"https:\/\/madachkollegium.hu\/wp-content\/uploads\/2021\/11\/1-5.jpg\" data-width=\"225\" data-height=\"300\" aria-label=\"\" role=\"img\" ><\/div>\n\t\t\t\t\t\t\t\t\t\t\t<div class=\"elementor-gallery-item__overlay\"><\/div>\n\t\t\t\t\t\t\t\t\t\t\t\t\t\t<\/a>\n\t\t\t\t\t<\/div>\n\t\t\t\t\t<\/div>\n\t\t\t\t<\/div>\n\t\t\t\t\t<\/div>\n\t\t<\/div>\n\t\t\t\t\t<\/div>\n\t\t<\/section>\n\t\t\t\t<\/div>\n\t\t","protected":false},"excerpt":{"rendered":"<p>\u00d6koiskolai program bemutat\u00e1sa a Mad\u00e1ch Imre Koll\u00e9giumban A Mad\u00e1ch Imre Koll\u00e9gium els\u0151 \u00d6koiskola c\u00edm\u00e9t 2016. \u00e9vben szerezte meg egy \u00e9v felk\u00e9sz\u00fcl\u00e9si id\u0151szak ut\u00e1n. A nevel\u0151test\u00fclet az int\u00e9zm\u00e9ny vezet\u00e9se a tanul\u00f3kkal \u00e9s az alkalmazotti k\u00f6z\u00f6ss\u00e9ggel k\u00f6z\u00f6sen az al\u00e1bbi nevel\u00e9si c\u00e9lokat szerette volna, hogy hangs\u00falyosabban megjelenjenek az int\u00e9zm\u00e9ny mindennapjaiban.K\u00f6rnyezettudatoss\u00e1gra nevel\u00e9sFenntarthat\u00f3s\u00e1gra nevel\u00e9sEg\u00e9szs\u00e9ges \u00e9letm\u00f3dra nevel\u00e9sA c\u00edm elnyer\u00e9s\u00e9vel (2016.01.30.-2018.12.31) h\u00e1rom [&hellip;]<\/p>\n","protected":false},"author":1,"featured_media":0,"parent":0,"menu_order":0,"comment_status":"closed","ping_status":"closed","template":"","meta":{"footnotes":""},"class_list":["post-1240","page","type-page","status-publish","hentry"],"yoast_head":"<!-- This site is optimized with the Yoast SEO plugin v26.6 - https:\/\/yoast.com\/wordpress\/plugins\/seo\/ -->\n<title>\u00d6koiskola - .<\/title>\n<meta name=\"robots\" content=\"index, follow, max-snippet:-1, max-image-preview:large, max-video-preview:-1\" \/>\n<link rel=\"canonical\" href=\"https:\/\/madachkollegium.hu\/index.php\/okoiskola\/\" \/>\n<meta property=\"og:locale\" content=\"hu_HU\" \/>\n<meta property=\"og:type\" content=\"article\" \/>\n<meta property=\"og:title\" content=\"\u00d6koiskola - .\" \/>\n<meta property=\"og:description\" content=\"\u00d6koiskolai program bemutat\u00e1sa a Mad\u00e1ch Imre Koll\u00e9giumban A Mad\u00e1ch Imre Koll\u00e9gium els\u0151 \u00d6koiskola c\u00edm\u00e9t 2016. \u00e9vben szerezte meg egy \u00e9v felk\u00e9sz\u00fcl\u00e9si id\u0151szak ut\u00e1n. A nevel\u0151test\u00fclet az int\u00e9zm\u00e9ny vezet\u00e9se a tanul\u00f3kkal \u00e9s az alkalmazotti k\u00f6z\u00f6ss\u00e9ggel k\u00f6z\u00f6sen az al\u00e1bbi nevel\u00e9si c\u00e9lokat szerette volna, hogy hangs\u00falyosabban megjelenjenek az int\u00e9zm\u00e9ny mindennapjaiban.K\u00f6rnyezettudatoss\u00e1gra nevel\u00e9sFenntarthat\u00f3s\u00e1gra nevel\u00e9sEg\u00e9szs\u00e9ges \u00e9letm\u00f3dra nevel\u00e9sA c\u00edm elnyer\u00e9s\u00e9vel (2016.01.30.-2018.12.31) h\u00e1rom [&hellip;]\" \/>\n<meta property=\"og:url\" content=\"https:\/\/madachkollegium.hu\/index.php\/okoiskola\/\" \/>\n<meta property=\"og:site_name\" content=\".\" \/>\n<meta property=\"article:publisher\" content=\"https:\/\/www.facebook.com\/madachkollegium\" \/>\n<meta property=\"og:image\" content=\"http:\/\/madachkollegium.hu\/wp-content\/uploads\/2023\/02\/bolygo21-300x300.png\" \/>\n<meta name=\"twitter:card\" content=\"summary_large_image\" \/>\n<meta name=\"twitter:label1\" content=\"Becs\u00fclt olvas\u00e1si id\u0151\" \/>\n\t<meta name=\"twitter:data1\" content=\"1 perc\" \/>\n<script type=\"application\/ld+json\" class=\"yoast-schema-graph\">{\"@context\":\"https:\/\/schema.org\",\"@graph\":[{\"@type\":\"WebPage\",\"@id\":\"https:\/\/madachkollegium.hu\/index.php\/okoiskola\/\",\"url\":\"https:\/\/madachkollegium.hu\/index.php\/okoiskola\/\",\"name\":\"\u00d6koiskola - .\",\"isPartOf\":{\"@id\":\"https:\/\/madachkollegium.hu\/#website\"},\"primaryImageOfPage\":{\"@id\":\"https:\/\/madachkollegium.hu\/index.php\/okoiskola\/#primaryimage\"},\"image\":{\"@id\":\"https:\/\/madachkollegium.hu\/index.php\/okoiskola\/#primaryimage\"},\"thumbnailUrl\":\"http:\/\/madachkollegium.hu\/wp-content\/uploads\/2023\/02\/bolygo21-300x300.png\",\"datePublished\":\"2023-02-27T07:52:34+00:00\",\"breadcrumb\":{\"@id\":\"https:\/\/madachkollegium.hu\/index.php\/okoiskola\/#breadcrumb\"},\"inLanguage\":\"hu\",\"potentialAction\":[{\"@type\":\"ReadAction\",\"target\":[\"https:\/\/madachkollegium.hu\/index.php\/okoiskola\/\"]}]},{\"@type\":\"ImageObject\",\"inLanguage\":\"hu\",\"@id\":\"https:\/\/madachkollegium.hu\/index.php\/okoiskola\/#primaryimage\",\"url\":\"http:\/\/madachkollegium.hu\/wp-content\/uploads\/2023\/02\/bolygo21-300x300.png\",\"contentUrl\":\"http:\/\/madachkollegium.hu\/wp-content\/uploads\/2023\/02\/bolygo21-300x300.png\"},{\"@type\":\"BreadcrumbList\",\"@id\":\"https:\/\/madachkollegium.hu\/index.php\/okoiskola\/#breadcrumb\",\"itemListElement\":[{\"@type\":\"ListItem\",\"position\":1,\"name\":\"Kezd\u0151lap\",\"item\":\"https:\/\/madachkollegium.hu\/\"},{\"@type\":\"ListItem\",\"position\":2,\"name\":\"\u00d6koiskola\"}]},{\"@type\":\"WebSite\",\"@id\":\"https:\/\/madachkollegium.hu\/#website\",\"url\":\"https:\/\/madachkollegium.hu\/\",\"name\":\"www.madachkollegium.hu\",\"description\":\"\",\"publisher\":{\"@id\":\"https:\/\/madachkollegium.hu\/#organization\"},\"potentialAction\":[{\"@type\":\"SearchAction\",\"target\":{\"@type\":\"EntryPoint\",\"urlTemplate\":\"https:\/\/madachkollegium.hu\/?s={search_term_string}\"},\"query-input\":{\"@type\":\"PropertyValueSpecification\",\"valueRequired\":true,\"valueName\":\"search_term_string\"}}],\"inLanguage\":\"hu\"},{\"@type\":\"Organization\",\"@id\":\"https:\/\/madachkollegium.hu\/#organization\",\"name\":\"Mad\u00e1ch Koll\u00e9gium Balassagyarmat\",\"url\":\"https:\/\/madachkollegium.hu\/\",\"logo\":{\"@type\":\"ImageObject\",\"inLanguage\":\"hu\",\"@id\":\"https:\/\/madachkollegium.hu\/#\/schema\/logo\/image\/\",\"url\":\"https:\/\/madachkollegium.hu\/wp-content\/uploads\/2021\/10\/cropped-cimer4_160x160.jpg\",\"contentUrl\":\"https:\/\/madachkollegium.hu\/wp-content\/uploads\/2021\/10\/cropped-cimer4_160x160.jpg\",\"width\":160,\"height\":160,\"caption\":\"Mad\u00e1ch Koll\u00e9gium Balassagyarmat\"},\"image\":{\"@id\":\"https:\/\/madachkollegium.hu\/#\/schema\/logo\/image\/\"},\"sameAs\":[\"https:\/\/www.facebook.com\/madachkollegium\"]}]}<\/script>\n<!-- \/ Yoast SEO plugin. -->","yoast_head_json":{"title":"\u00d6koiskola - .","robots":{"index":"index","follow":"follow","max-snippet":"max-snippet:-1","max-image-preview":"max-image-preview:large","max-video-preview":"max-video-preview:-1"},"canonical":"https:\/\/madachkollegium.hu\/index.php\/okoiskola\/","og_locale":"hu_HU","og_type":"article","og_title":"\u00d6koiskola - .","og_description":"\u00d6koiskolai program bemutat\u00e1sa a Mad\u00e1ch Imre Koll\u00e9giumban A Mad\u00e1ch Imre Koll\u00e9gium els\u0151 \u00d6koiskola c\u00edm\u00e9t 2016. \u00e9vben szerezte meg egy \u00e9v felk\u00e9sz\u00fcl\u00e9si id\u0151szak ut\u00e1n. A nevel\u0151test\u00fclet az int\u00e9zm\u00e9ny vezet\u00e9se a tanul\u00f3kkal \u00e9s az alkalmazotti k\u00f6z\u00f6ss\u00e9ggel k\u00f6z\u00f6sen az al\u00e1bbi nevel\u00e9si c\u00e9lokat szerette volna, hogy hangs\u00falyosabban megjelenjenek az int\u00e9zm\u00e9ny mindennapjaiban.K\u00f6rnyezettudatoss\u00e1gra nevel\u00e9sFenntarthat\u00f3s\u00e1gra nevel\u00e9sEg\u00e9szs\u00e9ges \u00e9letm\u00f3dra nevel\u00e9sA c\u00edm elnyer\u00e9s\u00e9vel (2016.01.30.-2018.12.31) h\u00e1rom [&hellip;]","og_url":"https:\/\/madachkollegium.hu\/index.php\/okoiskola\/","og_site_name":".","article_publisher":"https:\/\/www.facebook.com\/madachkollegium","og_image":[{"url":"http:\/\/madachkollegium.hu\/wp-content\/uploads\/2023\/02\/bolygo21-300x300.png","type":"","width":"","height":""}],"twitter_card":"summary_large_image","twitter_misc":{"Becs\u00fclt olvas\u00e1si id\u0151":"1 perc"},"schema":{"@context":"https:\/\/schema.org","@graph":[{"@type":"WebPage","@id":"https:\/\/madachkollegium.hu\/index.php\/okoiskola\/","url":"https:\/\/madachkollegium.hu\/index.php\/okoiskola\/","name":"\u00d6koiskola - .","isPartOf":{"@id":"https:\/\/madachkollegium.hu\/#website"},"primaryImageOfPage":{"@id":"https:\/\/madachkollegium.hu\/index.php\/okoiskola\/#primaryimage"},"image":{"@id":"https:\/\/madachkollegium.hu\/index.php\/okoiskola\/#primaryimage"},"thumbnailUrl":"http:\/\/madachkollegium.hu\/wp-content\/uploads\/2023\/02\/bolygo21-300x300.png","datePublished":"2023-02-27T07:52:34+00:00","breadcrumb":{"@id":"https:\/\/madachkollegium.hu\/index.php\/okoiskola\/#breadcrumb"},"inLanguage":"hu","potentialAction":[{"@type":"ReadAction","target":["https:\/\/madachkollegium.hu\/index.php\/okoiskola\/"]}]},{"@type":"ImageObject","inLanguage":"hu","@id":"https:\/\/madachkollegium.hu\/index.php\/okoiskola\/#primaryimage","url":"http:\/\/madachkollegium.hu\/wp-content\/uploads\/2023\/02\/bolygo21-300x300.png","contentUrl":"http:\/\/madachkollegium.hu\/wp-content\/uploads\/2023\/02\/bolygo21-300x300.png"},{"@type":"BreadcrumbList","@id":"https:\/\/madachkollegium.hu\/index.php\/okoiskola\/#breadcrumb","itemListElement":[{"@type":"ListItem","position":1,"name":"Kezd\u0151lap","item":"https:\/\/madachkollegium.hu\/"},{"@type":"ListItem","position":2,"name":"\u00d6koiskola"}]},{"@type":"WebSite","@id":"https:\/\/madachkollegium.hu\/#website","url":"https:\/\/madachkollegium.hu\/","name":"www.madachkollegium.hu","description":"","publisher":{"@id":"https:\/\/madachkollegium.hu\/#organization"},"potentialAction":[{"@type":"SearchAction","target":{"@type":"EntryPoint","urlTemplate":"https:\/\/madachkollegium.hu\/?s={search_term_string}"},"query-input":{"@type":"PropertyValueSpecification","valueRequired":true,"valueName":"search_term_string"}}],"inLanguage":"hu"},{"@type":"Organization","@id":"https:\/\/madachkollegium.hu\/#organization","name":"Mad\u00e1ch Koll\u00e9gium Balassagyarmat","url":"https:\/\/madachkollegium.hu\/","logo":{"@type":"ImageObject","inLanguage":"hu","@id":"https:\/\/madachkollegium.hu\/#\/schema\/logo\/image\/","url":"https:\/\/madachkollegium.hu\/wp-content\/uploads\/2021\/10\/cropped-cimer4_160x160.jpg","contentUrl":"https:\/\/madachkollegium.hu\/wp-content\/uploads\/2021\/10\/cropped-cimer4_160x160.jpg","width":160,"height":160,"caption":"Mad\u00e1ch Koll\u00e9gium Balassagyarmat"},"image":{"@id":"https:\/\/madachkollegium.hu\/#\/schema\/logo\/image\/"},"sameAs":["https:\/\/www.facebook.com\/madachkollegium"]}]}},"_links":{"self":[{"href":"https:\/\/madachkollegium.hu\/index.php\/wp-json\/wp\/v2\/pages\/1240","targetHints":{"allow":["GET"]}}],"collection":[{"href":"https:\/\/madachkollegium.hu\/index.php\/wp-json\/wp\/v2\/pages"}],"about":[{"href":"https:\/\/madachkollegium.hu\/index.php\/wp-json\/wp\/v2\/types\/page"}],"author":[{"embeddable":true,"href":"https:\/\/madachkollegium.hu\/index.php\/wp-json\/wp\/v2\/users\/1"}],"replies":[{"embeddable":true,"href":"https:\/\/madachkollegium.hu\/index.php\/wp-json\/wp\/v2\/comments?post=1240"}],"version-history":[{"count":0,"href":"https:\/\/madachkollegium.hu\/index.php\/wp-json\/wp\/v2\/pages\/1240\/revisions"}],"wp:attachment":[{"href":"https:\/\/madachkollegium.hu\/index.php\/wp-json\/wp\/v2\/media?parent=1240"}],"curies":[{"name":"wp","href":"https:\/\/api.w.org\/{rel}","templated":true}]}}