{"id":1267,"date":"2023-02-27T08:40:37","date_gmt":"2023-02-27T08:40:37","guid":{"rendered":"http:\/\/madachkollegium.hu\/?page_id=1267"},"modified":"2024-03-20T19:36:58","modified_gmt":"2024-03-20T18:36:58","slug":"oklevel","status":"publish","type":"page","link":"https:\/\/madachkollegium.hu\/index.php\/oklevel\/","title":{"rendered":"Oklev\u00e9l"},"content":{"rendered":"\t\t<div data-elementor-type=\"wp-page\" data-elementor-id=\"1267\" class=\"elementor elementor-1267\" data-elementor-post-type=\"page\">\n\t\t\t\t\t\t<section class=\"elementor-section elementor-top-section elementor-element elementor-element-8fbd749 elementor-section-boxed elementor-section-height-default elementor-section-height-default\" data-id=\"8fbd749\" data-element_type=\"section\">\n\t\t\t\t\t\t<div class=\"elementor-container elementor-column-gap-default\">\n\t\t\t\t\t<div class=\"elementor-column elementor-col-100 elementor-top-column elementor-element elementor-element-7d34f73\" data-id=\"7d34f73\" data-element_type=\"column\">\n\t\t\t<div class=\"elementor-widget-wrap elementor-element-populated\">\n\t\t\t\t\t\t<div class=\"elementor-element elementor-element-8e43c0f elementor-widget elementor-widget-image\" data-id=\"8e43c0f\" data-element_type=\"widget\" data-widget_type=\"image.default\">\n\t\t\t\t<div class=\"elementor-widget-container\">\n\t\t\t\t\t\t\t\t\t\t\t\t\t\t\t<img fetchpriority=\"high\" decoding=\"async\" width=\"640\" height=\"905\" src=\"https:\/\/madachkollegium.hu\/wp-content\/uploads\/2024\/03\/Oklevel_page-0001-724x1024.jpg\" class=\"attachment-large size-large wp-image-2399\" alt=\"\" srcset=\"https:\/\/madachkollegium.hu\/wp-content\/uploads\/2024\/03\/Oklevel_page-0001-724x1024.jpg 724w, https:\/\/madachkollegium.hu\/wp-content\/uploads\/2024\/03\/Oklevel_page-0001-212x300.jpg 212w, https:\/\/madachkollegium.hu\/wp-content\/uploads\/2024\/03\/Oklevel_page-0001-768x1086.jpg 768w, https:\/\/madachkollegium.hu\/wp-content\/uploads\/2024\/03\/Oklevel_page-0001-1086x1536.jpg 1086w, https:\/\/madachkollegium.hu\/wp-content\/uploads\/2024\/03\/Oklevel_page-0001.jpg 1240w\" sizes=\"(max-width: 640px) 100vw, 640px\" \/>\t\t\t\t\t\t\t\t\t\t\t\t\t\t\t<\/div>\n\t\t\t\t<\/div>\n\t\t\t\t\t<\/div>\n\t\t<\/div>\n\t\t\t\t\t<\/div>\n\t\t<\/section>\n\t\t\t\t<\/div>\n\t\t","protected":false},"excerpt":{"rendered":"","protected":false},"author":1,"featured_media":0,"parent":0,"menu_order":0,"comment_status":"closed","ping_status":"closed","template":"","meta":{"footnotes":""},"class_list":["post-1267","page","type-page","status-publish","hentry"],"yoast_head":"<!-- This site is optimized with the Yoast SEO plugin v26.6 - https:\/\/yoast.com\/wordpress\/plugins\/seo\/ -->\n<title>Oklev\u00e9l - .<\/title>\n<meta name=\"robots\" content=\"index, follow, max-snippet:-1, max-image-preview:large, max-video-preview:-1\" \/>\n<link rel=\"canonical\" href=\"https:\/\/madachkollegium.hu\/index.php\/oklevel\/\" \/>\n<meta property=\"og:locale\" content=\"hu_HU\" \/>\n<meta property=\"og:type\" content=\"article\" \/>\n<meta property=\"og:title\" content=\"Oklev\u00e9l - .\" \/>\n<meta property=\"og:url\" content=\"https:\/\/madachkollegium.hu\/index.php\/oklevel\/\" \/>\n<meta property=\"og:site_name\" content=\".\" \/>\n<meta property=\"article:publisher\" content=\"https:\/\/www.facebook.com\/madachkollegium\" \/>\n<meta property=\"article:modified_time\" content=\"2024-03-20T18:36:58+00:00\" \/>\n<meta property=\"og:image\" content=\"https:\/\/madachkollegium.hu\/wp-content\/uploads\/2024\/03\/Oklevel_page-0001-724x1024.jpg\" \/>\n<meta name=\"twitter:card\" content=\"summary_large_image\" \/>\n<meta name=\"twitter:label1\" content=\"Becs\u00fclt olvas\u00e1si id\u0151\" \/>\n\t<meta name=\"twitter:data1\" content=\"1 perc\" \/>\n<script type=\"application\/ld+json\" class=\"yoast-schema-graph\">{\"@context\":\"https:\/\/schema.org\",\"@graph\":[{\"@type\":\"WebPage\",\"@id\":\"https:\/\/madachkollegium.hu\/index.php\/oklevel\/\",\"url\":\"https:\/\/madachkollegium.hu\/index.php\/oklevel\/\",\"name\":\"Oklev\u00e9l - .\",\"isPartOf\":{\"@id\":\"https:\/\/madachkollegium.hu\/#website\"},\"primaryImageOfPage\":{\"@id\":\"https:\/\/madachkollegium.hu\/index.php\/oklevel\/#primaryimage\"},\"image\":{\"@id\":\"https:\/\/madachkollegium.hu\/index.php\/oklevel\/#primaryimage\"},\"thumbnailUrl\":\"https:\/\/madachkollegium.hu\/wp-content\/uploads\/2024\/03\/Oklevel_page-0001-724x1024.jpg\",\"datePublished\":\"2023-02-27T08:40:37+00:00\",\"dateModified\":\"2024-03-20T18:36:58+00:00\",\"breadcrumb\":{\"@id\":\"https:\/\/madachkollegium.hu\/index.php\/oklevel\/#breadcrumb\"},\"inLanguage\":\"hu\",\"potentialAction\":[{\"@type\":\"ReadAction\",\"target\":[\"https:\/\/madachkollegium.hu\/index.php\/oklevel\/\"]}]},{\"@type\":\"ImageObject\",\"inLanguage\":\"hu\",\"@id\":\"https:\/\/madachkollegium.hu\/index.php\/oklevel\/#primaryimage\",\"url\":\"https:\/\/madachkollegium.hu\/wp-content\/uploads\/2024\/03\/Oklevel_page-0001.jpg\",\"contentUrl\":\"https:\/\/madachkollegium.hu\/wp-content\/uploads\/2024\/03\/Oklevel_page-0001.jpg\",\"width\":1240,\"height\":1754},{\"@type\":\"BreadcrumbList\",\"@id\":\"https:\/\/madachkollegium.hu\/index.php\/oklevel\/#breadcrumb\",\"itemListElement\":[{\"@type\":\"ListItem\",\"position\":1,\"name\":\"Kezd\u0151lap\",\"item\":\"https:\/\/madachkollegium.hu\/\"},{\"@type\":\"ListItem\",\"position\":2,\"name\":\"Oklev\u00e9l\"}]},{\"@type\":\"WebSite\",\"@id\":\"https:\/\/madachkollegium.hu\/#website\",\"url\":\"https:\/\/madachkollegium.hu\/\",\"name\":\"www.madachkollegium.hu\",\"description\":\"\",\"publisher\":{\"@id\":\"https:\/\/madachkollegium.hu\/#organization\"},\"potentialAction\":[{\"@type\":\"SearchAction\",\"target\":{\"@type\":\"EntryPoint\",\"urlTemplate\":\"https:\/\/madachkollegium.hu\/?s={search_term_string}\"},\"query-input\":{\"@type\":\"PropertyValueSpecification\",\"valueRequired\":true,\"valueName\":\"search_term_string\"}}],\"inLanguage\":\"hu\"},{\"@type\":\"Organization\",\"@id\":\"https:\/\/madachkollegium.hu\/#organization\",\"name\":\"Mad\u00e1ch Koll\u00e9gium Balassagyarmat\",\"url\":\"https:\/\/madachkollegium.hu\/\",\"logo\":{\"@type\":\"ImageObject\",\"inLanguage\":\"hu\",\"@id\":\"https:\/\/madachkollegium.hu\/#\/schema\/logo\/image\/\",\"url\":\"https:\/\/madachkollegium.hu\/wp-content\/uploads\/2021\/10\/cropped-cimer4_160x160.jpg\",\"contentUrl\":\"https:\/\/madachkollegium.hu\/wp-content\/uploads\/2021\/10\/cropped-cimer4_160x160.jpg\",\"width\":160,\"height\":160,\"caption\":\"Mad\u00e1ch Koll\u00e9gium Balassagyarmat\"},\"image\":{\"@id\":\"https:\/\/madachkollegium.hu\/#\/schema\/logo\/image\/\"},\"sameAs\":[\"https:\/\/www.facebook.com\/madachkollegium\"]}]}<\/script>\n<!-- \/ Yoast SEO plugin. -->","yoast_head_json":{"title":"Oklev\u00e9l - .","robots":{"index":"index","follow":"follow","max-snippet":"max-snippet:-1","max-image-preview":"max-image-preview:large","max-video-preview":"max-video-preview:-1"},"canonical":"https:\/\/madachkollegium.hu\/index.php\/oklevel\/","og_locale":"hu_HU","og_type":"article","og_title":"Oklev\u00e9l - .","og_url":"https:\/\/madachkollegium.hu\/index.php\/oklevel\/","og_site_name":".","article_publisher":"https:\/\/www.facebook.com\/madachkollegium","article_modified_time":"2024-03-20T18:36:58+00:00","og_image":[{"url":"https:\/\/madachkollegium.hu\/wp-content\/uploads\/2024\/03\/Oklevel_page-0001-724x1024.jpg","type":"","width":"","height":""}],"twitter_card":"summary_large_image","twitter_misc":{"Becs\u00fclt olvas\u00e1si id\u0151":"1 perc"},"schema":{"@context":"https:\/\/schema.org","@graph":[{"@type":"WebPage","@id":"https:\/\/madachkollegium.hu\/index.php\/oklevel\/","url":"https:\/\/madachkollegium.hu\/index.php\/oklevel\/","name":"Oklev\u00e9l - .","isPartOf":{"@id":"https:\/\/madachkollegium.hu\/#website"},"primaryImageOfPage":{"@id":"https:\/\/madachkollegium.hu\/index.php\/oklevel\/#primaryimage"},"image":{"@id":"https:\/\/madachkollegium.hu\/index.php\/oklevel\/#primaryimage"},"thumbnailUrl":"https:\/\/madachkollegium.hu\/wp-content\/uploads\/2024\/03\/Oklevel_page-0001-724x1024.jpg","datePublished":"2023-02-27T08:40:37+00:00","dateModified":"2024-03-20T18:36:58+00:00","breadcrumb":{"@id":"https:\/\/madachkollegium.hu\/index.php\/oklevel\/#breadcrumb"},"inLanguage":"hu","potentialAction":[{"@type":"ReadAction","target":["https:\/\/madachkollegium.hu\/index.php\/oklevel\/"]}]},{"@type":"ImageObject","inLanguage":"hu","@id":"https:\/\/madachkollegium.hu\/index.php\/oklevel\/#primaryimage","url":"https:\/\/madachkollegium.hu\/wp-content\/uploads\/2024\/03\/Oklevel_page-0001.jpg","contentUrl":"https:\/\/madachkollegium.hu\/wp-content\/uploads\/2024\/03\/Oklevel_page-0001.jpg","width":1240,"height":1754},{"@type":"BreadcrumbList","@id":"https:\/\/madachkollegium.hu\/index.php\/oklevel\/#breadcrumb","itemListElement":[{"@type":"ListItem","position":1,"name":"Kezd\u0151lap","item":"https:\/\/madachkollegium.hu\/"},{"@type":"ListItem","position":2,"name":"Oklev\u00e9l"}]},{"@type":"WebSite","@id":"https:\/\/madachkollegium.hu\/#website","url":"https:\/\/madachkollegium.hu\/","name":"www.madachkollegium.hu","description":"","publisher":{"@id":"https:\/\/madachkollegium.hu\/#organization"},"potentialAction":[{"@type":"SearchAction","target":{"@type":"EntryPoint","urlTemplate":"https:\/\/madachkollegium.hu\/?s={search_term_string}"},"query-input":{"@type":"PropertyValueSpecification","valueRequired":true,"valueName":"search_term_string"}}],"inLanguage":"hu"},{"@type":"Organization","@id":"https:\/\/madachkollegium.hu\/#organization","name":"Mad\u00e1ch Koll\u00e9gium Balassagyarmat","url":"https:\/\/madachkollegium.hu\/","logo":{"@type":"ImageObject","inLanguage":"hu","@id":"https:\/\/madachkollegium.hu\/#\/schema\/logo\/image\/","url":"https:\/\/madachkollegium.hu\/wp-content\/uploads\/2021\/10\/cropped-cimer4_160x160.jpg","contentUrl":"https:\/\/madachkollegium.hu\/wp-content\/uploads\/2021\/10\/cropped-cimer4_160x160.jpg","width":160,"height":160,"caption":"Mad\u00e1ch Koll\u00e9gium Balassagyarmat"},"image":{"@id":"https:\/\/madachkollegium.hu\/#\/schema\/logo\/image\/"},"sameAs":["https:\/\/www.facebook.com\/madachkollegium"]}]}},"_links":{"self":[{"href":"https:\/\/madachkollegium.hu\/index.php\/wp-json\/wp\/v2\/pages\/1267","targetHints":{"allow":["GET"]}}],"collection":[{"href":"https:\/\/madachkollegium.hu\/index.php\/wp-json\/wp\/v2\/pages"}],"about":[{"href":"https:\/\/madachkollegium.hu\/index.php\/wp-json\/wp\/v2\/types\/page"}],"author":[{"embeddable":true,"href":"https:\/\/madachkollegium.hu\/index.php\/wp-json\/wp\/v2\/users\/1"}],"replies":[{"embeddable":true,"href":"https:\/\/madachkollegium.hu\/index.php\/wp-json\/wp\/v2\/comments?post=1267"}],"version-history":[{"count":3,"href":"https:\/\/madachkollegium.hu\/index.php\/wp-json\/wp\/v2\/pages\/1267\/revisions"}],"predecessor-version":[{"id":2402,"href":"https:\/\/madachkollegium.hu\/index.php\/wp-json\/wp\/v2\/pages\/1267\/revisions\/2402"}],"wp:attachment":[{"href":"https:\/\/madachkollegium.hu\/index.php\/wp-json\/wp\/v2\/media?parent=1267"}],"curies":[{"name":"wp","href":"https:\/\/api.w.org\/{rel}","templated":true}]}}