{"id":17,"date":"2021-10-17T12:01:06","date_gmt":"2021-10-17T12:01:06","guid":{"rendered":"http:\/\/madachkollegium.hu\/?page_id=17"},"modified":"2024-03-18T06:53:05","modified_gmt":"2024-03-18T05:53:05","slug":"meno-menza","status":"publish","type":"page","link":"https:\/\/madachkollegium.hu\/index.php\/meno-menza\/","title":{"rendered":"Men\u0151 Menza"},"content":{"rendered":"\t\t<div data-elementor-type=\"wp-page\" data-elementor-id=\"17\" class=\"elementor elementor-17\" data-elementor-post-type=\"page\">\n\t\t\t\t\t\t<section class=\"elementor-section elementor-top-section elementor-element elementor-element-50f3826 elementor-section-boxed elementor-section-height-default elementor-section-height-default\" data-id=\"50f3826\" data-element_type=\"section\">\n\t\t\t\t\t\t<div class=\"elementor-container elementor-column-gap-default\">\n\t\t\t\t\t<div class=\"elementor-column elementor-col-100 elementor-top-column elementor-element elementor-element-b1de269\" data-id=\"b1de269\" data-element_type=\"column\">\n\t\t\t<div class=\"elementor-widget-wrap elementor-element-populated\">\n\t\t\t\t\t\t<div class=\"elementor-element elementor-element-191fb5f elementor-widget elementor-widget-wp-widget-newsup_posts_list\" data-id=\"191fb5f\" data-element_type=\"widget\" data-widget_type=\"wp-widget-newsup_posts_list.default\">\n\t\t\t\t<div class=\"elementor-widget-container\">\n\t\t\t\t\t<!-- widget_post_list -->        <div class=\"mg-posts-sec mg-posts-modul-2 widget_post_list mt-0\">\r\n                             \r\n                <div class=\"mg-sec-title\">\r\n                <!-- mg-sec-title -->\r\n                <h4>Men\u0151 menza esem\u00e9nyei<\/h4>\r\n                <\/div>\r\n                                                    <!-- mg-posts-sec-inner -->\r\n            <div class=\"mg-posts-sec-inner widget_post_list_inner\">\r\n                                                <!-- small-list-post --> \r\n                                <div class=\"small-post clearfix mb-0\">\r\n                                        <!-- small_post -->\r\n                                                                                <div class=\"small-post-content\">\r\n                                        <div class=\"mg-blog-category\"><a class=\"newsup-categories category-color-1\" href=\"https:\/\/madachkollegium.hu\/index.php\/category\/meno-menza\/\" alt=\"View all posts in Men\u0151 Menza\"> \r\n                                 Men\u0151 Menza\r\n                             <\/a><\/div> \r\n                                            <!-- small-post-content -->\r\n                                            <h5 class=\"title\"><a href=\"https:\/\/madachkollegium.hu\/index.php\/2021\/10\/17\/eletmodot-es-taplalkozast-fejleszto-programok-a-balassagyarmati-madach-imre-kollegiumban\/\">\u00c9letm\u00f3dot \u00e9s t\u00e1pl\u00e1lkoz\u00e1st fejleszt\u0151 programok a balassagyarmati Mad\u00e1ch Imre Koll\u00e9giumban<\/a><\/h5>\r\n                                            <!-- \/\/ title_small_post -->\r\n                                        <\/div>\r\n                                        <!-- \/\/ small-post-content -->\r\n                                <\/div>\r\n\r\n                                                        <!-- small-list-post --> \r\n                                <div class=\"small-post clearfix mb-0\">\r\n                                        <!-- small_post -->\r\n                                                                                <div class=\"img-small-post\">\r\n                                            <a href=\"https:\/\/madachkollegium.hu\/index.php\/2019\/10\/17\/fitt-szendvics-keszites-kepekben\/\">\r\n                                                                                                    <img decoding=\"async\" src=\"https:\/\/madachkollegium.hu\/wp-content\/uploads\/2021\/10\/1-1.jpg\" alt=\"Fitt szendvics k\u00e9sz\u00edt\u00e9s k\u00e9pekben\">\r\n                                                                                            <\/a>\r\n                                            <!-- img-small-post -->\r\n                                        <\/div>\r\n                                        <!-- \/\/ img-small-post -->\r\n                                                                                <div class=\"small-post-content\">\r\n                                        <div class=\"mg-blog-category\"><a class=\"newsup-categories category-color-1\" href=\"https:\/\/madachkollegium.hu\/index.php\/category\/meno-menza\/\" alt=\"View all posts in Men\u0151 Menza\"> \r\n                                 Men\u0151 Menza\r\n                             <\/a><\/div> \r\n                                            <!-- small-post-content -->\r\n                                            <h5 class=\"title\"><a href=\"https:\/\/madachkollegium.hu\/index.php\/2019\/10\/17\/fitt-szendvics-keszites-kepekben\/\">Fitt szendvics k\u00e9sz\u00edt\u00e9s k\u00e9pekben<\/a><\/h5>\r\n                                            <!-- \/\/ title_small_post -->\r\n                                        <\/div>\r\n                                        <!-- \/\/ small-post-content -->\r\n                                <\/div>\r\n\r\n                                                        <!-- small-list-post --> \r\n                                <div class=\"small-post clearfix mb-0\">\r\n                                        <!-- small_post -->\r\n                                                                                <div class=\"img-small-post\">\r\n                                            <a href=\"https:\/\/madachkollegium.hu\/index.php\/2019\/10\/17\/bole-keszites\/\">\r\n                                                                                                    <img decoding=\"async\" src=\"https:\/\/madachkollegium.hu\/wp-content\/uploads\/2021\/10\/bole2.jpg\" alt=\"B\u00f3l\u00e9 k\u00e9sz\u00edt\u00e9s\">\r\n                                                                                            <\/a>\r\n                                            <!-- img-small-post -->\r\n                                        <\/div>\r\n                                        <!-- \/\/ img-small-post -->\r\n                                                                                <div class=\"small-post-content\">\r\n                                        <div class=\"mg-blog-category\"><a class=\"newsup-categories category-color-1\" href=\"https:\/\/madachkollegium.hu\/index.php\/category\/meno-menza\/\" alt=\"View all posts in Men\u0151 Menza\"> \r\n                                 Men\u0151 Menza\r\n                             <\/a><\/div> \r\n                                            <!-- small-post-content -->\r\n                                            <h5 class=\"title\"><a href=\"https:\/\/madachkollegium.hu\/index.php\/2019\/10\/17\/bole-keszites\/\">B\u00f3l\u00e9 k\u00e9sz\u00edt\u00e9s<\/a><\/h5>\r\n                                            <!-- \/\/ title_small_post -->\r\n                                        <\/div>\r\n                                        <!-- \/\/ small-post-content -->\r\n                                <\/div>\r\n\r\n                                                        <!-- small-list-post --> \r\n                                <div class=\"small-post clearfix mb-0\">\r\n                                        <!-- small_post -->\r\n                                                                                <div class=\"small-post-content\">\r\n                                        <div class=\"mg-blog-category\"><a class=\"newsup-categories category-color-1\" href=\"https:\/\/madachkollegium.hu\/index.php\/category\/meno-menza\/\" alt=\"View all posts in Men\u0151 Menza\"> \r\n                                 Men\u0151 Menza\r\n                             <\/a><\/div> \r\n                                            <!-- small-post-content -->\r\n                                            <h5 class=\"title\"><a href=\"https:\/\/madachkollegium.hu\/index.php\/2019\/09\/03\/kostolo-a-tajegyseg-kulonleges-eteleibol\/\">K\u00f3stol\u00f3 a t\u00e1jegys\u00e9g k\u00fcl\u00f6nleges \u00e9teleib\u0151l<\/a><\/h5>\r\n                                            <!-- \/\/ title_small_post -->\r\n                                        <\/div>\r\n                                        <!-- \/\/ small-post-content -->\r\n                                <\/div>\r\n\r\n                                                        <!-- small-list-post --> \r\n                                <div class=\"small-post clearfix mb-0\">\r\n                                        <!-- small_post -->\r\n                                                                                <div class=\"small-post-content\">\r\n                                        <div class=\"mg-blog-category\"><a class=\"newsup-categories category-color-1\" href=\"https:\/\/madachkollegium.hu\/index.php\/category\/meno-menza\/\" alt=\"View all posts in Men\u0151 Menza\"> \r\n                                 Men\u0151 Menza\r\n                             <\/a><a class=\"newsup-categories category-color-1\" href=\"https:\/\/madachkollegium.hu\/index.php\/category\/oko-koli\/\" alt=\"View all posts in \u00d6ko-koli\"> \r\n                                 \u00d6ko-koli\r\n                             <\/a><\/div> \r\n                                            <!-- small-post-content -->\r\n                                            <h5 class=\"title\"><a href=\"https:\/\/madachkollegium.hu\/index.php\/2019\/06\/26\/meno-menza-esemenyei-2019-junius\/\">Men\u0151 Menza esem\u00e9nyei &#8211; 2019. j\u00fanius<\/a><\/h5>\r\n                                            <!-- \/\/ title_small_post -->\r\n                                        <\/div>\r\n                                        <!-- \/\/ small-post-content -->\r\n                                <\/div>\r\n\r\n                                                        <!-- small-list-post --> \r\n                                <div class=\"small-post clearfix mb-0\">\r\n                                        <!-- small_post -->\r\n                                                                                <div class=\"small-post-content\">\r\n                                        <div class=\"mg-blog-category\"><a class=\"newsup-categories category-color-1\" href=\"https:\/\/madachkollegium.hu\/index.php\/category\/meno-menza\/\" alt=\"View all posts in Men\u0151 Menza\"> \r\n                                 Men\u0151 Menza\r\n                             <\/a><a class=\"newsup-categories category-color-1\" href=\"https:\/\/madachkollegium.hu\/index.php\/category\/oko-koli\/\" alt=\"View all posts in \u00d6ko-koli\"> \r\n                                 \u00d6ko-koli\r\n                             <\/a><\/div> \r\n                                            <!-- small-post-content -->\r\n                                            <h5 class=\"title\"><a href=\"https:\/\/madachkollegium.hu\/index.php\/2018\/11\/07\/eletmodot-es-taplalkozast-fejleszto-programok-a-balassagyarmati-madach-imre-kollegiumban-2\/\">\u00c9letm\u00f3dot \u00e9s t\u00e1pl\u00e1lkoz\u00e1st fejleszt\u0151 programok a balassagyarmati Mad\u00e1ch Imre Koll\u00e9giumban<\/a><\/h5>\r\n                                            <!-- \/\/ title_small_post -->\r\n                                        <\/div>\r\n                                        <!-- \/\/ small-post-content -->\r\n                                <\/div>\r\n\r\n                                        <\/div>\r\n        <\/div>\r\n        <!-- \/widget_post_list -->\t\t\t\t<\/div>\n\t\t\t\t<\/div>\n\t\t\t\t\t<\/div>\n\t\t<\/div>\n\t\t\t\t\t<\/div>\n\t\t<\/section>\n\t\t\t\t<\/div>\n\t\t","protected":false},"excerpt":{"rendered":"","protected":false},"author":1,"featured_media":0,"parent":0,"menu_order":0,"comment_status":"closed","ping_status":"closed","template":"","meta":{"footnotes":""},"class_list":["post-17","page","type-page","status-publish","hentry"],"yoast_head":"<!-- This site is optimized with the Yoast SEO plugin v26.6 - https:\/\/yoast.com\/wordpress\/plugins\/seo\/ -->\n<title>Men\u0151 Menza - .<\/title>\n<meta name=\"robots\" content=\"index, follow, max-snippet:-1, max-image-preview:large, max-video-preview:-1\" \/>\n<link rel=\"canonical\" href=\"https:\/\/madachkollegium.hu\/index.php\/meno-menza\/\" \/>\n<meta property=\"og:locale\" content=\"hu_HU\" \/>\n<meta property=\"og:type\" content=\"article\" \/>\n<meta property=\"og:title\" content=\"Men\u0151 Menza - .\" \/>\n<meta property=\"og:url\" content=\"https:\/\/madachkollegium.hu\/index.php\/meno-menza\/\" \/>\n<meta property=\"og:site_name\" content=\".\" \/>\n<meta property=\"article:publisher\" content=\"https:\/\/www.facebook.com\/madachkollegium\" \/>\n<meta property=\"article:modified_time\" content=\"2024-03-18T05:53:05+00:00\" \/>\n<meta name=\"twitter:card\" content=\"summary_large_image\" \/>\n<script type=\"application\/ld+json\" class=\"yoast-schema-graph\">{\"@context\":\"https:\/\/schema.org\",\"@graph\":[{\"@type\":\"WebPage\",\"@id\":\"https:\/\/madachkollegium.hu\/index.php\/meno-menza\/\",\"url\":\"https:\/\/madachkollegium.hu\/index.php\/meno-menza\/\",\"name\":\"Men\u0151 Menza - .\",\"isPartOf\":{\"@id\":\"https:\/\/madachkollegium.hu\/#website\"},\"datePublished\":\"2021-10-17T12:01:06+00:00\",\"dateModified\":\"2024-03-18T05:53:05+00:00\",\"breadcrumb\":{\"@id\":\"https:\/\/madachkollegium.hu\/index.php\/meno-menza\/#breadcrumb\"},\"inLanguage\":\"hu\",\"potentialAction\":[{\"@type\":\"ReadAction\",\"target\":[\"https:\/\/madachkollegium.hu\/index.php\/meno-menza\/\"]}]},{\"@type\":\"BreadcrumbList\",\"@id\":\"https:\/\/madachkollegium.hu\/index.php\/meno-menza\/#breadcrumb\",\"itemListElement\":[{\"@type\":\"ListItem\",\"position\":1,\"name\":\"Kezd\u0151lap\",\"item\":\"https:\/\/madachkollegium.hu\/\"},{\"@type\":\"ListItem\",\"position\":2,\"name\":\"Men\u0151 Menza\"}]},{\"@type\":\"WebSite\",\"@id\":\"https:\/\/madachkollegium.hu\/#website\",\"url\":\"https:\/\/madachkollegium.hu\/\",\"name\":\"www.madachkollegium.hu\",\"description\":\"\",\"publisher\":{\"@id\":\"https:\/\/madachkollegium.hu\/#organization\"},\"potentialAction\":[{\"@type\":\"SearchAction\",\"target\":{\"@type\":\"EntryPoint\",\"urlTemplate\":\"https:\/\/madachkollegium.hu\/?s={search_term_string}\"},\"query-input\":{\"@type\":\"PropertyValueSpecification\",\"valueRequired\":true,\"valueName\":\"search_term_string\"}}],\"inLanguage\":\"hu\"},{\"@type\":\"Organization\",\"@id\":\"https:\/\/madachkollegium.hu\/#organization\",\"name\":\"Mad\u00e1ch Koll\u00e9gium Balassagyarmat\",\"url\":\"https:\/\/madachkollegium.hu\/\",\"logo\":{\"@type\":\"ImageObject\",\"inLanguage\":\"hu\",\"@id\":\"https:\/\/madachkollegium.hu\/#\/schema\/logo\/image\/\",\"url\":\"https:\/\/madachkollegium.hu\/wp-content\/uploads\/2021\/10\/cropped-cimer4_160x160.jpg\",\"contentUrl\":\"https:\/\/madachkollegium.hu\/wp-content\/uploads\/2021\/10\/cropped-cimer4_160x160.jpg\",\"width\":160,\"height\":160,\"caption\":\"Mad\u00e1ch Koll\u00e9gium Balassagyarmat\"},\"image\":{\"@id\":\"https:\/\/madachkollegium.hu\/#\/schema\/logo\/image\/\"},\"sameAs\":[\"https:\/\/www.facebook.com\/madachkollegium\"]}]}<\/script>\n<!-- \/ Yoast SEO plugin. -->","yoast_head_json":{"title":"Men\u0151 Menza - .","robots":{"index":"index","follow":"follow","max-snippet":"max-snippet:-1","max-image-preview":"max-image-preview:large","max-video-preview":"max-video-preview:-1"},"canonical":"https:\/\/madachkollegium.hu\/index.php\/meno-menza\/","og_locale":"hu_HU","og_type":"article","og_title":"Men\u0151 Menza - .","og_url":"https:\/\/madachkollegium.hu\/index.php\/meno-menza\/","og_site_name":".","article_publisher":"https:\/\/www.facebook.com\/madachkollegium","article_modified_time":"2024-03-18T05:53:05+00:00","twitter_card":"summary_large_image","schema":{"@context":"https:\/\/schema.org","@graph":[{"@type":"WebPage","@id":"https:\/\/madachkollegium.hu\/index.php\/meno-menza\/","url":"https:\/\/madachkollegium.hu\/index.php\/meno-menza\/","name":"Men\u0151 Menza - .","isPartOf":{"@id":"https:\/\/madachkollegium.hu\/#website"},"datePublished":"2021-10-17T12:01:06+00:00","dateModified":"2024-03-18T05:53:05+00:00","breadcrumb":{"@id":"https:\/\/madachkollegium.hu\/index.php\/meno-menza\/#breadcrumb"},"inLanguage":"hu","potentialAction":[{"@type":"ReadAction","target":["https:\/\/madachkollegium.hu\/index.php\/meno-menza\/"]}]},{"@type":"BreadcrumbList","@id":"https:\/\/madachkollegium.hu\/index.php\/meno-menza\/#breadcrumb","itemListElement":[{"@type":"ListItem","position":1,"name":"Kezd\u0151lap","item":"https:\/\/madachkollegium.hu\/"},{"@type":"ListItem","position":2,"name":"Men\u0151 Menza"}]},{"@type":"WebSite","@id":"https:\/\/madachkollegium.hu\/#website","url":"https:\/\/madachkollegium.hu\/","name":"www.madachkollegium.hu","description":"","publisher":{"@id":"https:\/\/madachkollegium.hu\/#organization"},"potentialAction":[{"@type":"SearchAction","target":{"@type":"EntryPoint","urlTemplate":"https:\/\/madachkollegium.hu\/?s={search_term_string}"},"query-input":{"@type":"PropertyValueSpecification","valueRequired":true,"valueName":"search_term_string"}}],"inLanguage":"hu"},{"@type":"Organization","@id":"https:\/\/madachkollegium.hu\/#organization","name":"Mad\u00e1ch Koll\u00e9gium Balassagyarmat","url":"https:\/\/madachkollegium.hu\/","logo":{"@type":"ImageObject","inLanguage":"hu","@id":"https:\/\/madachkollegium.hu\/#\/schema\/logo\/image\/","url":"https:\/\/madachkollegium.hu\/wp-content\/uploads\/2021\/10\/cropped-cimer4_160x160.jpg","contentUrl":"https:\/\/madachkollegium.hu\/wp-content\/uploads\/2021\/10\/cropped-cimer4_160x160.jpg","width":160,"height":160,"caption":"Mad\u00e1ch Koll\u00e9gium Balassagyarmat"},"image":{"@id":"https:\/\/madachkollegium.hu\/#\/schema\/logo\/image\/"},"sameAs":["https:\/\/www.facebook.com\/madachkollegium"]}]}},"_links":{"self":[{"href":"https:\/\/madachkollegium.hu\/index.php\/wp-json\/wp\/v2\/pages\/17","targetHints":{"allow":["GET"]}}],"collection":[{"href":"https:\/\/madachkollegium.hu\/index.php\/wp-json\/wp\/v2\/pages"}],"about":[{"href":"https:\/\/madachkollegium.hu\/index.php\/wp-json\/wp\/v2\/types\/page"}],"author":[{"embeddable":true,"href":"https:\/\/madachkollegium.hu\/index.php\/wp-json\/wp\/v2\/users\/1"}],"replies":[{"embeddable":true,"href":"https:\/\/madachkollegium.hu\/index.php\/wp-json\/wp\/v2\/comments?post=17"}],"version-history":[{"count":3,"href":"https:\/\/madachkollegium.hu\/index.php\/wp-json\/wp\/v2\/pages\/17\/revisions"}],"predecessor-version":[{"id":2389,"href":"https:\/\/madachkollegium.hu\/index.php\/wp-json\/wp\/v2\/pages\/17\/revisions\/2389"}],"wp:attachment":[{"href":"https:\/\/madachkollegium.hu\/index.php\/wp-json\/wp\/v2\/media?parent=17"}],"curies":[{"name":"wp","href":"https:\/\/api.w.org\/{rel}","templated":true}]}}