{"id":24,"date":"2021-10-17T12:05:35","date_gmt":"2021-10-17T12:05:35","guid":{"rendered":"http:\/\/madachkollegium.hu\/?page_id=24"},"modified":"2021-10-17T12:05:35","modified_gmt":"2021-10-17T12:05:35","slug":"kollegiumunk-tortenete","status":"publish","type":"page","link":"https:\/\/madachkollegium.hu\/index.php\/kollegiumunk-tortenete\/","title":{"rendered":"Koll\u00e9giumunk   t\u00f6rt\u00e9nete"},"content":{"rendered":"\t\t<div data-elementor-type=\"wp-page\" data-elementor-id=\"24\" class=\"elementor elementor-24\" data-elementor-post-type=\"page\">\n\t\t\t\t\t\t<section class=\"elementor-section elementor-top-section elementor-element elementor-element-5482cff elementor-section-boxed elementor-section-height-default elementor-section-height-default\" data-id=\"5482cff\" data-element_type=\"section\">\n\t\t\t\t\t\t<div class=\"elementor-container elementor-column-gap-default\">\n\t\t\t\t\t<div class=\"elementor-column elementor-col-100 elementor-top-column elementor-element elementor-element-a2cfa52\" data-id=\"a2cfa52\" data-element_type=\"column\">\n\t\t\t<div class=\"elementor-widget-wrap elementor-element-populated\">\n\t\t\t\t\t\t<div class=\"elementor-element elementor-element-4164816 elementor-widget elementor-widget-text-editor\" data-id=\"4164816\" data-element_type=\"widget\" data-widget_type=\"text-editor.default\">\n\t\t\t\t<div class=\"elementor-widget-container\">\n\t\t\t\t\t\t\t\t\t<p>A\u00a0 gy\u00f6kerek az els\u0151 vil\u00e1gh\u00e1bor\u00faig ny\u00falnak vissza:\u00a0 a vas\u00fat\u00e1llom\u00e1s fel\u00e9 halad\u00f3 sz\u00e9les \u00faton, a Kossuth Lajos utca \u00e9s a mai Ady Endre utca sark\u00e1n emelkedik egy kezdetben csend\u0151rlaktany\u00e1nak haszn\u00e1lt hossz\u00fa \u00e9p\u00fclet,\u00a0 melyben 1924-t\u0151l hadi\u00e1rv\u00e1kat helyeztek el.\u00a0 Ezzel kezd\u0151d\u00f6tt a hajdan szebb napokat l\u00e1tott\u00a0 \u00e9p\u00fcletkomplexum\u00a0 fiatalokhoz kapcsol\u00f3d\u00f3 t\u00f6rt\u00e9nete.\u00a0 Az olaszorsz\u00e1gi eredet\u0171 Szal\u00e9zi rend Trik\u00e1l J\u00f3zserf katolikus f\u0151pap megh\u00edv\u00e1s\u00e1ra Balassagyarmaton is megjelent 1934-ben.\u00a0 A neh\u00e9z helyzet\u0171 fiatalok tanulm\u00e1nyi, beilleszked\u00e9si, hit\u00e9leti seg\u00edt\u00e9s\u00e9t f\u0151hivat\u00e1suknak tekint\u0151 egyh\u00e1zi szakemberek \u00e1tvett\u00e9k a Szent Imr\u00e9r\u0151l elnevezett \u00e1rvah\u00e1z vezet\u00e9s\u00e9t, ahol hamarosan k\u00f6z\u00e9piskolai intern\u00e1tust nyitottak.\u00a0 Ugyanitt 1935-t\u0151l templomot, 1937-t\u0151l pedig rendh\u00e1zat m\u0171k\u00f6dtettek.<\/p><p><img fetchpriority=\"high\" decoding=\"async\" class=\"alignnone size-full wp-image-30\" src=\"http:\/\/madachkollegium.hu\/wp-content\/uploads\/2021\/10\/kolesz.jpg\" alt=\"\" width=\"259\" height=\"194\" \/><\/p><p>A m\u00e1sodik h\u00e1bor\u00fa \u00e9vei ut\u00e1n agressz\u00edv t\u00e1rsadalom\u00e1talak\u00edt\u00f3, egyh\u00e1zellenes id\u0151 j\u00f6tt, R\u00e1kosi M\u00e1ty\u00e1s \u00e1llamhatalma a szal\u00e9ziakat is el\u00fcld\u00f6zte innen.\u00a0 \u00c1llami k\u00e9zbe ker\u00fclt a fi\u00fakoll\u00e9gium, \u00faj feladatokkal, \u00faj, gyakran v\u00e1ltoz\u00f3 vezet\u0151kkel.\u00a0 Stabilabb\u00e1 akkor v\u00e1lt a helyzet, amikor a Szolnokr\u00f3l ideker\u00fclt\u00a0 Dubovszky K\u00e1roly lett az\u00a0 igazgat\u00f3 majd k\u00e9t \u00e9vtizedre.\u00a0 Rengeteg dolga volt: az elmaradott falvakb\u00f3l be\u00e1ramlott\u00a0 k\u00f6z\u00e9piskol\u00e1s gyerekeknek a fogkefehaszn\u00e1latt\u00f3l a v\u00edz\u00f6bl\u00edt\u00e9ses v\u00e9c\u00e9ig minden \u00fajnak sz\u00e1m\u00edtott.\u00a0 Diszn\u00f3tart\u00e1ssal, saj\u00e1t kerttel pr\u00f3b\u00e1lt seg\u00edteni mag\u00e1n a koll\u00e9gium, a f\u00fcrd\u0151helyis\u00e9gben hetente egyszer felf\u0171t\u00f6tt\u00e9k a kaz\u00e1nt,\u00a0 ekkor f\u00fcr\u00f6dhettek a fi\u00fak, hiszen melegv\u00edz csak ilyenkor volt.\u00a0 A szal\u00e9ziakt\u00f3l \u00f6r\u00f6k\u00f6lt , ma is l\u00e1that\u00f3 harang kondul\u00e1s\u00e1ra \u00e9bredtek, a szilenciumra \u00e9s a takarod\u00f3ra is ez adott jelet.\u00a0\u00a0\u00a0\u00a0\u00a0\u00a0\u00a0\u00a0\u00a0\u00a0\u00a0\u00a0\u00a0\u00a0\u00a0\u00a0\u00a0\u00a0\u00a0\u00a0\u00a0\u00a0\u00a0\u00a0<\/p><p>Dubovszky K\u00e1roly volt a koll\u00e9gium t\u00f6rt\u00e9net\u00e9ben a leghosszabb ideig hivatalban l\u00e9v\u0151 igazgat\u00f3, 1971-ben ment nyugd\u00edjba. Az ezt megel\u0151z\u0151 k\u00e9t \u00e9vtized \u2013 mint a fentiekb\u0151l m\u00e1r l\u00e1tszik &#8211; az int\u00e9zm\u00e9ny legmozgalmasabb id\u0151szaka is egyben.\u00a0 A kavarg\u00f3 t\u00e1rsadalmi v\u00e1ltoz\u00e1sok a tan\u00edt\u00f3k\u00e9pz\u0151s\u00f6ket is behozt\u00e1k a koll\u00e9gium egy szomsz\u00e9dos \u00e9p\u00fclet\u00e9be: a szint\u00e9n k\u00f6z\u00e9piskol\u00e1s kor\u00fa k\u00e9pz\u0151s\u00f6k 1951-t\u0151l 1957-ig laktak itt, hogy gyors \/de ig\u00e9nyes\/ oktat\u00e1son \u00e1tesve \u00faj tan\u00edt\u00f3k sokas\u00e1ga \u00e1llhasson a \u201efelemelni\u201d, fejleszteni k\u00edv\u00e1nt falu iskolai katedr\u00e1j\u00e1ra.\u00a0\u00a0<\/p><p>Karcsi b\u00e1csira visszat\u00e9rve: a felvid\u00e9ki Kist\u00farr\u00f3l sz\u00e1rmazott, \u00edgy szlov\u00e1kiai kapcsolatait felhaszn\u00e1lta a koll\u00e9gista gyerekek kir\u00e1ndultat\u00e1s\u00e1ra, kast\u00e9lyok, m\u0171eml\u00e9kek megismertet\u00e9s\u00e9re N\u00f3gr\u00e1d- \u00e9s Hont megye-szerte. M\u00e9lt\u00e1n volt n\u00e9pszer\u0171, hiszen megv\u00e9dte az 1956-os felvonul\u00e1son r\u00e9sztvev\u0151 di\u00e1kjait, mint ahogy s\u00edkra sz\u00e1llt &#8211; a\u00a0 gomb\u00e1sod\u00f3 faszerkezet\u0171, \u00e9letvesz\u00e9lyess\u00e9 v\u00e1l\u00f3 r\u00e9gi \u00e9p\u00fclet helyett \u2013\u00a0 \u00faj, emeletes sz\u00e1ll\u00f3 \u00e9p\u00edt\u00e9s\u00e9\u00e9rt .\u00a0 Nem sajn\u00e1lta a f\u00e1rads\u00e1got, Ortutay m\u0171vel\u0151d\u00e9si miniszterig\u00a0 elment kik\u00e9nyszer\u00edteni a beruh\u00e1z\u00e1st.\u00a0 A koll\u00e9gium 1959 \u00f3ta viseli Mad\u00e1ch Imre nev\u00e9t, jelezve \u00e9s v\u00e1llalva a n\u00f3gr\u00e1di kultur\u00e1lis misszi\u00f3t.\u00a0\u00a0\u00a0\u00a0\u00a0\u00a0\u00a0\u00a0\u00a0\u00a0\u00a0\u00a0\u00a0\u00a0\u00a0\u00a0\u00a0\u00a0\u00a0\u00a0\u00a0\u00a0\u00a0\u00a0\u00a0\u00a0\u00a0\u00a0\u00a0\u00a0\u00a0\u00a0\u00a0\u00a0\u00a0\u00a0\u00a0\u00a0\u00a0\u00a0\u00a0\u00a0\u00a0\u00a0\u00a0\u00a0\u00a0\u00a0\u00a0\u00a0\u00a0\u00a0\u00a0\u00a0\u00a0\u00a0\u00a0\u00a0\u00a0\u00a0\u00a0\u00a0\u00a0\u00a0\u00a0\u00a0\u00a0\u00a0\u00a0\u00a0\u00a0\u00a0\u00a0<\/p><p>A v\u00e1ros k\u00f6z\u00e9piskol\u00e1s l\u00e1nyai a mai \u00f6nkorm\u00e1nyzati \u00e9p\u00fclettel szemben, egy volt z\u00e1rd\u00e1ban kaptak koll\u00e9giumi elhelyez\u00e9st.\u00a0 A Dubovszky \u00e1ltal kiharcolt \u00faj \u00e9p\u00fclet m\u00e1r alkalmas lett volna arra, hogy a fi\u00fa- \u00e9s l\u00e1nykoll\u00e9giumot az \u00e9sszer\u0171s\u00e9g jegy\u00e9ben egyes\u00edtve a fi\u00fak \u00e9s a l\u00e1nyok egy helyen lakjanak.\u00a0 K\u00f6zbej\u00f6tt azonban egy olyan nagy kavarod\u00e1st okoz\u00f3 esem\u00e9ny, amilyenre a v\u00e1ros t\u00f6rt\u00e9net\u00e9ben m\u00e9g nem volt p\u00e9lda. A Pintye-\u00fcgyr\u0151l van sz\u00f3. 1972 janu\u00e1rj\u00e1ban ide, a k\u00f6zpont helyen l\u00e9v\u0151 koll\u00e9giumba t\u00f6rt be h\u00e1rom fegyveres tizen\u00e9ves, tetemes \u00f6sszeg\u0171 p\u00e9nzt \u00e9s szabad nyugatra-t\u00e1voz\u00e1st k\u00f6vetelve.\u00a0 A koll\u00e9gista l\u00e1nyokat azok h\u00e1l\u00f3term\u00e9ben ejtett\u00e9k t\u00faszul napokra, m\u00edg a t\u00faszejt\u0151k f\u00e1rad\u00e1s\u00e1t\u00a0 kihaszn\u00e1lva\u00a0 az egyiket k\u00edv\u00fclr\u0151l lel\u0151tt\u00e9k, a t\u00f6bbit elfogt\u00e1k. A megrettent v\u00e1rosvezet\u00e9s a l\u00e1nyokat gyorsan kicser\u00e9lte a fi\u00fakkal: \u0151k ide, a l\u00e1nyok pedig az addigi fi\u00faintern\u00e1tusba k\u00f6lt\u00f6ztek:\u00a0 feltehet\u0151en a szemben l\u00e9v\u0151 laktanya \u00e9s a k\u00f6zeli rend\u0151rs\u00e9g v\u00e9delm\u00e9ben bizakodtak a rend\u00e9rt agg\u00f3d\u00f3 illet\u00e9kesek.\u00a0\u00a0<\/p><p>Balassagyarmat egyre t\u00f6bb di\u00e1kot fogadott be, a koll\u00e9giumi helyek b\u0151v\u00edt\u00e9s\u00e9re is id\u0151vel sz\u00fcks\u00e9g lett\u00a0 \u2013 a fi\u00fakat a fentebb t\u00e1rgyalt R\u00e1k\u00f3czi \u00fati sz\u00e1ll\u00e1sr\u00f3l a H\u00e9tvez\u00e9r utcai Miksz\u00e1th K\u00e1lm\u00e1nr\u00f3l elnevezett k\u00f6z\u00e9piskolai int\u00e9zm\u00e9ny egyik \u00faj \u00e9p\u00fclet\u00e9be k\u00f6lt\u00f6ztett\u00e9k, k\u00e9s\u0151bb itt m\u00e1r l\u00e1nyoknak is akadt hely.<\/p><p>M\u00e1r a nyolcvanas \u00e9vek elej\u00e9n j\u00e1runk, amikor v\u00e9gre m\u00f3d ny\u00edlik a sz\u00e9ttagolt, ide-oda k\u00f6lt\u00f6ztetett int\u00e9zm\u00e9ny v\u00e9gleges helyfoglal\u00e1s\u00e1ra:\u00a0 1982-ben,\u00a0 az Ipolyhoz k\u00f6zel,\u00a0 a R\u00e9gimalom utc\u00e1ban meg\u00e9p\u00edtett\u00e9k azt a n\u00e9gyemeletes, kiv\u00e1l\u00f3 adotts\u00e1gokkal\u00a0 b\u00edr\u00f3 \u00e9p\u00fcletet, amelyben a Mad\u00e1ch Koll\u00e9gium ma is tal\u00e1lhat\u00f3. Az \u00e9p\u00edtm\u00e9ny panelb\u0151l van, de ami egy lak\u00f3telepi lak\u00f3h\u00e1zn\u00e1l\u00a0 h\u00e1tr\u00e1ny, az itt tal\u00e1n el\u0151nynek is felfoghat\u00f3: az egy k\u00e9zben l\u00e9v\u0151 int\u00e9zm\u00e9ny \u00fczemeltet\u00e9se, karbantart\u00e1sa\u00a0 viszonylag \u00e1ttekinthet\u0151, kev\u00e9s embert ig\u00e9nyel, helyis\u00e9gei 30 \u00e9v eltelt\u00e9vel is c\u00e9lszer\u0171en szolg\u00e1lj\u00e1k az \u00fajabb \u00e9s \u00fajabb di\u00e1kgener\u00e1ci\u00f3k ig\u00e9nyeit.\u00a0 Nagyobb fel\u00faj\u00edt\u00e1sra n\u00e9gy \u00e9ve ker\u00fclt sor:\u00a0 \u00faj ablakokat, ajt\u00f3kat kaptunk, a burkolatot t\u00f6bb helyen fel\u00faj\u00edtott\u00e1k.\u00a0 Az aul\u00e1ban egy Mad\u00e1chot \u00e1br\u00e1zol\u00f3 fresk\u00f3 k\u00f6sz\u00f6nti a bel\u00e9p\u0151ket.\u00a0 Az elm\u00falt \u00e9vtized fontos, koll\u00e9giumi \u00e9let\u00fcnket is meghat\u00e1roz\u00f3 esem\u00e9nye, hogy a Balassi B\u00e1lint Gimn\u00e1ziummal egy\u00fctt bekapcsol\u00f3dtunk az Arany J\u00e1nos Tehets\u00e9ggondoz\u00f3 Programba, di\u00e1kjaink nagyobbik fele \u2013 m\u00e9g gyarmatiak is \u2013 r\u00e9szesei ennek. Lak\u00f3ink lettek a rendszerv\u00e1lt\u00e1s ut\u00e1n, 97-ben\u00a0 \u00fajb\u00f3l l\u00e9trehozott, majd anyagi okb\u00f3l nemr\u00e9g megsz\u0171nt Szal\u00e9zi Koll\u00e9gium koll\u00e9gist\u00e1i is, m\u00e9g sokr\u00e9t\u0171bb\u00e9 t\u00e9ve ezzel a nevel\u00e9si feladatokat.<\/p><p>V\u00e9gezet\u00fcl k\u00f6sz\u00f6net illeti azokat, akik a koll\u00e9gium nem \u00e9pp egyszer\u0171 t\u00f6rt\u00e9net\u00e9nek r\u00f6gz\u00edt\u00e9s\u00e9hez inform\u00e1ci\u00f3kat adtak, n\u00e9vszerint:\u00a0 Dubovszky Katalin, Dubovszky L\u00edvia, J\u00e1szber\u00e9nyi Emil, J\u00e1szber\u00e9nyi Emiln\u00e9, Kalocsay Frigyes,\u00a0 Kert\u00e9sz G\u00e1bor, Kontra Judit, Kov\u00e1cs Ferenc\u00a0 \u00e9s Szab\u00f3 Andrea.\u00a0<\/p>\t\t\t\t\t\t\t\t<\/div>\n\t\t\t\t<\/div>\n\t\t\t\t\t<\/div>\n\t\t<\/div>\n\t\t\t\t\t<\/div>\n\t\t<\/section>\n\t\t\t\t<\/div>\n\t\t","protected":false},"excerpt":{"rendered":"<p>A\u00a0 gy\u00f6kerek az els\u0151 vil\u00e1gh\u00e1bor\u00faig ny\u00falnak vissza:\u00a0 a vas\u00fat\u00e1llom\u00e1s fel\u00e9 halad\u00f3 sz\u00e9les \u00faton, a Kossuth Lajos utca \u00e9s a mai Ady Endre utca sark\u00e1n emelkedik egy kezdetben csend\u0151rlaktany\u00e1nak haszn\u00e1lt hossz\u00fa \u00e9p\u00fclet,\u00a0 melyben 1924-t\u0151l hadi\u00e1rv\u00e1kat helyeztek el.\u00a0 Ezzel kezd\u0151d\u00f6tt a hajdan szebb napokat l\u00e1tott\u00a0 \u00e9p\u00fcletkomplexum\u00a0 fiatalokhoz kapcsol\u00f3d\u00f3 t\u00f6rt\u00e9nete.\u00a0 Az olaszorsz\u00e1gi eredet\u0171 Szal\u00e9zi rend Trik\u00e1l J\u00f3zserf katolikus [&hellip;]<\/p>\n","protected":false},"author":1,"featured_media":0,"parent":0,"menu_order":0,"comment_status":"closed","ping_status":"closed","template":"","meta":{"footnotes":""},"class_list":["post-24","page","type-page","status-publish","hentry"],"yoast_head":"<!-- This site is optimized with the Yoast SEO plugin v26.6 - https:\/\/yoast.com\/wordpress\/plugins\/seo\/ -->\n<title>Koll\u00e9giumunk  t\u00f6rt\u00e9nete - .<\/title>\n<meta name=\"robots\" content=\"index, follow, max-snippet:-1, max-image-preview:large, max-video-preview:-1\" \/>\n<link rel=\"canonical\" href=\"https:\/\/madachkollegium.hu\/index.php\/kollegiumunk-tortenete\/\" \/>\n<meta property=\"og:locale\" content=\"hu_HU\" \/>\n<meta property=\"og:type\" content=\"article\" \/>\n<meta property=\"og:title\" content=\"Koll\u00e9giumunk  t\u00f6rt\u00e9nete - .\" \/>\n<meta property=\"og:description\" content=\"A\u00a0 gy\u00f6kerek az els\u0151 vil\u00e1gh\u00e1bor\u00faig ny\u00falnak vissza:\u00a0 a vas\u00fat\u00e1llom\u00e1s fel\u00e9 halad\u00f3 sz\u00e9les \u00faton, a Kossuth Lajos utca \u00e9s a mai Ady Endre utca sark\u00e1n emelkedik egy kezdetben csend\u0151rlaktany\u00e1nak haszn\u00e1lt hossz\u00fa \u00e9p\u00fclet,\u00a0 melyben 1924-t\u0151l hadi\u00e1rv\u00e1kat helyeztek el.\u00a0 Ezzel kezd\u0151d\u00f6tt a hajdan szebb napokat l\u00e1tott\u00a0 \u00e9p\u00fcletkomplexum\u00a0 fiatalokhoz kapcsol\u00f3d\u00f3 t\u00f6rt\u00e9nete.\u00a0 Az olaszorsz\u00e1gi eredet\u0171 Szal\u00e9zi rend Trik\u00e1l J\u00f3zserf katolikus [&hellip;]\" \/>\n<meta property=\"og:url\" content=\"https:\/\/madachkollegium.hu\/index.php\/kollegiumunk-tortenete\/\" \/>\n<meta property=\"og:site_name\" content=\".\" \/>\n<meta property=\"article:publisher\" content=\"https:\/\/www.facebook.com\/madachkollegium\" \/>\n<meta property=\"og:image\" content=\"http:\/\/madachkollegium.hu\/wp-content\/uploads\/2021\/10\/kolesz.jpg\" \/>\n<meta name=\"twitter:card\" content=\"summary_large_image\" \/>\n<meta name=\"twitter:label1\" content=\"Becs\u00fclt olvas\u00e1si id\u0151\" \/>\n\t<meta name=\"twitter:data1\" content=\"6 perc\" \/>\n<script type=\"application\/ld+json\" class=\"yoast-schema-graph\">{\"@context\":\"https:\/\/schema.org\",\"@graph\":[{\"@type\":\"WebPage\",\"@id\":\"https:\/\/madachkollegium.hu\/index.php\/kollegiumunk-tortenete\/\",\"url\":\"https:\/\/madachkollegium.hu\/index.php\/kollegiumunk-tortenete\/\",\"name\":\"Koll\u00e9giumunk t\u00f6rt\u00e9nete - .\",\"isPartOf\":{\"@id\":\"https:\/\/madachkollegium.hu\/#website\"},\"primaryImageOfPage\":{\"@id\":\"https:\/\/madachkollegium.hu\/index.php\/kollegiumunk-tortenete\/#primaryimage\"},\"image\":{\"@id\":\"https:\/\/madachkollegium.hu\/index.php\/kollegiumunk-tortenete\/#primaryimage\"},\"thumbnailUrl\":\"http:\/\/madachkollegium.hu\/wp-content\/uploads\/2021\/10\/kolesz.jpg\",\"datePublished\":\"2021-10-17T12:05:35+00:00\",\"breadcrumb\":{\"@id\":\"https:\/\/madachkollegium.hu\/index.php\/kollegiumunk-tortenete\/#breadcrumb\"},\"inLanguage\":\"hu\",\"potentialAction\":[{\"@type\":\"ReadAction\",\"target\":[\"https:\/\/madachkollegium.hu\/index.php\/kollegiumunk-tortenete\/\"]}]},{\"@type\":\"ImageObject\",\"inLanguage\":\"hu\",\"@id\":\"https:\/\/madachkollegium.hu\/index.php\/kollegiumunk-tortenete\/#primaryimage\",\"url\":\"https:\/\/madachkollegium.hu\/wp-content\/uploads\/2021\/10\/kolesz.jpg\",\"contentUrl\":\"https:\/\/madachkollegium.hu\/wp-content\/uploads\/2021\/10\/kolesz.jpg\",\"width\":259,\"height\":194},{\"@type\":\"BreadcrumbList\",\"@id\":\"https:\/\/madachkollegium.hu\/index.php\/kollegiumunk-tortenete\/#breadcrumb\",\"itemListElement\":[{\"@type\":\"ListItem\",\"position\":1,\"name\":\"Kezd\u0151lap\",\"item\":\"https:\/\/madachkollegium.hu\/\"},{\"@type\":\"ListItem\",\"position\":2,\"name\":\"Koll\u00e9giumunk t\u00f6rt\u00e9nete\"}]},{\"@type\":\"WebSite\",\"@id\":\"https:\/\/madachkollegium.hu\/#website\",\"url\":\"https:\/\/madachkollegium.hu\/\",\"name\":\"www.madachkollegium.hu\",\"description\":\"\",\"publisher\":{\"@id\":\"https:\/\/madachkollegium.hu\/#organization\"},\"potentialAction\":[{\"@type\":\"SearchAction\",\"target\":{\"@type\":\"EntryPoint\",\"urlTemplate\":\"https:\/\/madachkollegium.hu\/?s={search_term_string}\"},\"query-input\":{\"@type\":\"PropertyValueSpecification\",\"valueRequired\":true,\"valueName\":\"search_term_string\"}}],\"inLanguage\":\"hu\"},{\"@type\":\"Organization\",\"@id\":\"https:\/\/madachkollegium.hu\/#organization\",\"name\":\"Mad\u00e1ch Koll\u00e9gium Balassagyarmat\",\"url\":\"https:\/\/madachkollegium.hu\/\",\"logo\":{\"@type\":\"ImageObject\",\"inLanguage\":\"hu\",\"@id\":\"https:\/\/madachkollegium.hu\/#\/schema\/logo\/image\/\",\"url\":\"https:\/\/madachkollegium.hu\/wp-content\/uploads\/2021\/10\/cropped-cimer4_160x160.jpg\",\"contentUrl\":\"https:\/\/madachkollegium.hu\/wp-content\/uploads\/2021\/10\/cropped-cimer4_160x160.jpg\",\"width\":160,\"height\":160,\"caption\":\"Mad\u00e1ch Koll\u00e9gium Balassagyarmat\"},\"image\":{\"@id\":\"https:\/\/madachkollegium.hu\/#\/schema\/logo\/image\/\"},\"sameAs\":[\"https:\/\/www.facebook.com\/madachkollegium\"]}]}<\/script>\n<!-- \/ Yoast SEO plugin. -->","yoast_head_json":{"title":"Koll\u00e9giumunk  t\u00f6rt\u00e9nete - .","robots":{"index":"index","follow":"follow","max-snippet":"max-snippet:-1","max-image-preview":"max-image-preview:large","max-video-preview":"max-video-preview:-1"},"canonical":"https:\/\/madachkollegium.hu\/index.php\/kollegiumunk-tortenete\/","og_locale":"hu_HU","og_type":"article","og_title":"Koll\u00e9giumunk  t\u00f6rt\u00e9nete - .","og_description":"A\u00a0 gy\u00f6kerek az els\u0151 vil\u00e1gh\u00e1bor\u00faig ny\u00falnak vissza:\u00a0 a vas\u00fat\u00e1llom\u00e1s fel\u00e9 halad\u00f3 sz\u00e9les \u00faton, a Kossuth Lajos utca \u00e9s a mai Ady Endre utca sark\u00e1n emelkedik egy kezdetben csend\u0151rlaktany\u00e1nak haszn\u00e1lt hossz\u00fa \u00e9p\u00fclet,\u00a0 melyben 1924-t\u0151l hadi\u00e1rv\u00e1kat helyeztek el.\u00a0 Ezzel kezd\u0151d\u00f6tt a hajdan szebb napokat l\u00e1tott\u00a0 \u00e9p\u00fcletkomplexum\u00a0 fiatalokhoz kapcsol\u00f3d\u00f3 t\u00f6rt\u00e9nete.\u00a0 Az olaszorsz\u00e1gi eredet\u0171 Szal\u00e9zi rend Trik\u00e1l J\u00f3zserf katolikus [&hellip;]","og_url":"https:\/\/madachkollegium.hu\/index.php\/kollegiumunk-tortenete\/","og_site_name":".","article_publisher":"https:\/\/www.facebook.com\/madachkollegium","og_image":[{"url":"http:\/\/madachkollegium.hu\/wp-content\/uploads\/2021\/10\/kolesz.jpg","type":"","width":"","height":""}],"twitter_card":"summary_large_image","twitter_misc":{"Becs\u00fclt olvas\u00e1si id\u0151":"6 perc"},"schema":{"@context":"https:\/\/schema.org","@graph":[{"@type":"WebPage","@id":"https:\/\/madachkollegium.hu\/index.php\/kollegiumunk-tortenete\/","url":"https:\/\/madachkollegium.hu\/index.php\/kollegiumunk-tortenete\/","name":"Koll\u00e9giumunk t\u00f6rt\u00e9nete - .","isPartOf":{"@id":"https:\/\/madachkollegium.hu\/#website"},"primaryImageOfPage":{"@id":"https:\/\/madachkollegium.hu\/index.php\/kollegiumunk-tortenete\/#primaryimage"},"image":{"@id":"https:\/\/madachkollegium.hu\/index.php\/kollegiumunk-tortenete\/#primaryimage"},"thumbnailUrl":"http:\/\/madachkollegium.hu\/wp-content\/uploads\/2021\/10\/kolesz.jpg","datePublished":"2021-10-17T12:05:35+00:00","breadcrumb":{"@id":"https:\/\/madachkollegium.hu\/index.php\/kollegiumunk-tortenete\/#breadcrumb"},"inLanguage":"hu","potentialAction":[{"@type":"ReadAction","target":["https:\/\/madachkollegium.hu\/index.php\/kollegiumunk-tortenete\/"]}]},{"@type":"ImageObject","inLanguage":"hu","@id":"https:\/\/madachkollegium.hu\/index.php\/kollegiumunk-tortenete\/#primaryimage","url":"https:\/\/madachkollegium.hu\/wp-content\/uploads\/2021\/10\/kolesz.jpg","contentUrl":"https:\/\/madachkollegium.hu\/wp-content\/uploads\/2021\/10\/kolesz.jpg","width":259,"height":194},{"@type":"BreadcrumbList","@id":"https:\/\/madachkollegium.hu\/index.php\/kollegiumunk-tortenete\/#breadcrumb","itemListElement":[{"@type":"ListItem","position":1,"name":"Kezd\u0151lap","item":"https:\/\/madachkollegium.hu\/"},{"@type":"ListItem","position":2,"name":"Koll\u00e9giumunk t\u00f6rt\u00e9nete"}]},{"@type":"WebSite","@id":"https:\/\/madachkollegium.hu\/#website","url":"https:\/\/madachkollegium.hu\/","name":"www.madachkollegium.hu","description":"","publisher":{"@id":"https:\/\/madachkollegium.hu\/#organization"},"potentialAction":[{"@type":"SearchAction","target":{"@type":"EntryPoint","urlTemplate":"https:\/\/madachkollegium.hu\/?s={search_term_string}"},"query-input":{"@type":"PropertyValueSpecification","valueRequired":true,"valueName":"search_term_string"}}],"inLanguage":"hu"},{"@type":"Organization","@id":"https:\/\/madachkollegium.hu\/#organization","name":"Mad\u00e1ch Koll\u00e9gium Balassagyarmat","url":"https:\/\/madachkollegium.hu\/","logo":{"@type":"ImageObject","inLanguage":"hu","@id":"https:\/\/madachkollegium.hu\/#\/schema\/logo\/image\/","url":"https:\/\/madachkollegium.hu\/wp-content\/uploads\/2021\/10\/cropped-cimer4_160x160.jpg","contentUrl":"https:\/\/madachkollegium.hu\/wp-content\/uploads\/2021\/10\/cropped-cimer4_160x160.jpg","width":160,"height":160,"caption":"Mad\u00e1ch Koll\u00e9gium Balassagyarmat"},"image":{"@id":"https:\/\/madachkollegium.hu\/#\/schema\/logo\/image\/"},"sameAs":["https:\/\/www.facebook.com\/madachkollegium"]}]}},"_links":{"self":[{"href":"https:\/\/madachkollegium.hu\/index.php\/wp-json\/wp\/v2\/pages\/24","targetHints":{"allow":["GET"]}}],"collection":[{"href":"https:\/\/madachkollegium.hu\/index.php\/wp-json\/wp\/v2\/pages"}],"about":[{"href":"https:\/\/madachkollegium.hu\/index.php\/wp-json\/wp\/v2\/types\/page"}],"author":[{"embeddable":true,"href":"https:\/\/madachkollegium.hu\/index.php\/wp-json\/wp\/v2\/users\/1"}],"replies":[{"embeddable":true,"href":"https:\/\/madachkollegium.hu\/index.php\/wp-json\/wp\/v2\/comments?post=24"}],"version-history":[{"count":0,"href":"https:\/\/madachkollegium.hu\/index.php\/wp-json\/wp\/v2\/pages\/24\/revisions"}],"wp:attachment":[{"href":"https:\/\/madachkollegium.hu\/index.php\/wp-json\/wp\/v2\/media?parent=24"}],"curies":[{"name":"wp","href":"https:\/\/api.w.org\/{rel}","templated":true}]}}