{"id":34,"date":"2021-10-17T12:10:24","date_gmt":"2021-10-17T12:10:24","guid":{"rendered":"http:\/\/madachkollegium.hu\/?page_id=34"},"modified":"2021-10-17T12:10:24","modified_gmt":"2021-10-17T12:10:24","slug":"kollegiumunk-nevadoja-madach-imre","status":"publish","type":"page","link":"https:\/\/madachkollegium.hu\/index.php\/kollegiumunk-nevadoja-madach-imre\/","title":{"rendered":"Koll\u00e9giumunk n\u00e9vad\u00f3ja: Mad\u00e1ch Imre"},"content":{"rendered":"\t\t<div data-elementor-type=\"wp-page\" data-elementor-id=\"34\" class=\"elementor elementor-34\" data-elementor-post-type=\"page\">\n\t\t\t\t\t\t<section class=\"elementor-section elementor-top-section elementor-element elementor-element-2fbf8e9 elementor-section-boxed elementor-section-height-default elementor-section-height-default\" data-id=\"2fbf8e9\" data-element_type=\"section\">\n\t\t\t\t\t\t<div class=\"elementor-container elementor-column-gap-default\">\n\t\t\t\t\t<div class=\"elementor-column elementor-col-100 elementor-top-column elementor-element elementor-element-687a190\" data-id=\"687a190\" data-element_type=\"column\">\n\t\t\t<div class=\"elementor-widget-wrap elementor-element-populated\">\n\t\t\t\t\t\t<div class=\"elementor-element elementor-element-6611ae4 elementor-widget elementor-widget-text-editor\" data-id=\"6611ae4\" data-element_type=\"widget\" data-widget_type=\"text-editor.default\">\n\t\t\t\t<div class=\"elementor-widget-container\">\n\t\t\t\t\t\t\t\t\t<p>Koll\u00e9giumunk 1959-ben vette f\u00f6l Mad\u00e1ch nev\u00e9t. Nem v\u00e9letlen, hogy egy irodalmi kiv\u00e1l\u00f3s\u00e1g lett a n\u00e9vad\u00f3, hiszen v\u00e1rosunkhoz sok ilyen ember k\u00f6t\u0151dik. Olyan nagy szellemek m\u0171k\u00f6dtek vagy \u00e9ltek itt \u00e9let\u00fck egy szakasz\u00e1ban, mint Mad\u00e1ch, Miksz\u00e1th, Komj\u00e1thy, Szab\u00f3 L\u0151rinc, Jobb\u00e1gy K\u00e1roly, hogy csak a legnagyobbakat eml\u00edts\u00fck.<\/p><p>Az 1823-as \u00e9v egyszerre k\u00e9t g\u00e9niuszt is adott irodalmunknak.\u00a0 K\u00f6ztudott, hogy Mad\u00e1ch Imre is, Pet\u0151fi S\u00e1ndor is 1823-ban, s\u0151t az \u00e9vnek ugyanabban a h\u00f3napj\u00e1ban, janu\u00e1rban sz\u00fcletett. Mad\u00e1ch Imr\u00e9t teh\u00e1t els\u0151 \u00edzben a csillagkonstell\u00e1ci\u00f3 \u00e1ll\u00edtotta Pet\u0151fi mell\u00e9,\u00a0 m\u00e1sodszor Arany J\u00e1nos, a korszak \u2013 Mad\u00e1ch \u00e9s Pet\u0151fi mellett \u2013 harmadik l\u00e1ngelm\u00e9je, aki 1861-ben,\u00a0 Az ember trag\u00e9di\u00e1ja t\u00fczetes \u00e1ttanulm\u00e1nyoz\u00e1sa ut\u00e1n azt \u00edrta Tompa Mih\u00e1lynak, hogy Mad\u00e1ch az \u201eEls\u0151 tehets\u00e9g Pet\u0151fi \u00f3ta, ki \u00f6n\u00e1ll\u00f3 ir\u00e1nyt mutat\u201c.\u00a0<\/p><p>De hogy mi is k\u00f6t\u00f6tte irodalmunk e g\u00e9niusz\u00e1t sz\u00fcl\u0151f\u00f6ld\u00fcnkh\u00f6z, N\u00f3gr\u00e1d megy\u00e9hez? A\u00a0 Mad\u00e1ch csal\u00e1d a XIII. sz\u00e1zadig tudta visszavezetni \u0151seit, rokons\u00e1gban \u00e1lltak a k\u00f6lt\u0151 Rimay J\u00e1nossal \u00e9s a t\u00f6r\u00f6kver\u0151 szigetv\u00e1ri h\u0151ssel, Zr\u00ednyi Mikl\u00f3ssal. Nemzets\u00e9gi szob\u00e1t tartott fenn a csal\u00e1d a balassagyarmati v\u00e1rmegyeh\u00e1z\u00e1n. Az emeleti 31-es szoba 700 forint\u00e9rt ker\u00fclt a\u00a0 Mad\u00e1chok birtok\u00e1ba.1430 \u00f3ta a csal\u00e1d\u00e9 a k\u00f6zeli Sztregova falu. Innen ered az \u00fagynevezett sztregovai-\u00e1g, a k\u00f6lt\u0151 felmen\u0151i, kiknek t\u00f6bb tagja N\u00f3gr\u00e1d v\u00e1rmegye szolg\u00e1lat\u00e1ban \u00e1llt, de volt k\u00f6zt\u00fck t\u00f6r\u00f6kver\u0151 h\u0151s, kuruc f\u0151tiszt \u00e9s k\u00f6lt\u0151 (Mad\u00e1ch G\u00e1sp\u00e1r) is.<\/p><p>Mad\u00e1ch Imre 1841 okt\u00f3ber\u00e9ben \u00e9s november\u00e9ben tette le \u00fcgyv\u00e9di vizsg\u00e1j\u00e1t a Pesti Egyetemen. A k\u00f6telez\u0151 egy\u00e9ves joggyakorlatot Balassagyarmaton Sr\u00e9ter J\u00e1nos alisp\u00e1nn\u00e1l, majd annak hal\u00e1la ut\u00e1n Fr\u00e1ter P\u00e1l oldal\u00e1n t\u00f6lt\u00f6tte le. 1842. janu\u00e1r 16-\u00e1t\u00f3l tiszteletbeli aljegyz\u0151k\u00e9nt dolgozott a v\u00e1rosban, 1843. janu\u00e1r 9-\u00e9n iktatt\u00e1k be a N\u00f3gr\u00e1d megyei \u00fcgyv\u00e9dek sor\u00e1ba, majd 1844. janu\u00e1r 8-\u00e1n t\u00e1blab\u00edr\u00f3\u00a0 lett. 1846. j\u00falius 15-\u00e9n f\u0151biztosnak v\u00e1lasztott\u00e1k k\u00f6zfelki\u00e1lt\u00e1ssal. 1847 elej\u00e9n Szontagh P\u00e1llal egy\u00fctt tagja lett a gr\u00f3f Teleki L\u00e1szl\u00f3 \u00e1ltal vezetett Ellenz\u00e9ki K\u00f6rnek. A szabads\u00e1gharc lever\u00e9s\u00e9t k\u00f6vet\u0151en a k\u00f6lt\u0151 Csesztv\u00e9n b\u00fajtatta Gracza Antal \u00e9s Z\u00e1hony Istv\u00e1n felvid\u00e9ki felkel\u0151ket. 1852-ben a hal\u00e1lra \u00edt\u00e9lt R\u00e1k\u00f3czy J\u00e1nost, Kossuth titk\u00e1r\u00e1t alkalmazta Par\u00f3c\u00e1n, mint erd\u0151ker\u00fcl\u0151t.<\/p><p>Szabads\u00e1gharcos rejteget\u00e9se c\u00edm\u00e9n Mad\u00e1ch Imr\u00e9t 1852 augusztus\u00e1ban emiatt elfogt\u00e1k. A rabs\u00e1g h\u00f3napjait \u00e9s v\u00e1l\u00e1s\u00e1t k\u00f6vet\u0151en 1859-60-ban megsz\u00fcletett a nagy m\u0171: Az ember trag\u00e9di\u00e1ja. Cs\u00f6rf\u00f6ly Imre \u00fcgyv\u00e9d lakott abban a Bercs\u00e9nyi utcai, gyarmati h\u00e1zban, ahol Mad\u00e1ch is t\u00f6bbsz\u00f6r megfordult, s Pal\u00e1gyi Menyh\u00e9rtnek, a k\u00f6lt\u0151 hivatott \u00e9letrajz\u00edr\u00f3j\u00e1nak\u00a0 visszaeml\u00e9kez\u00e9se szerint 1858 k\u00f6r\u00fcl, a ma m\u00e1r t\u00e1bl\u00e1val megjel\u00f6lt \u00e9p\u00fcletben vetette fel\u00a0 el\u0151sz\u00f6r Mad\u00e1ch, vajon dr\u00e1mai m\u0171be foglalhat\u00f3-e az emberis\u00e9g t\u00f6rt\u00e9nelme.\u00a0 1861. j\u00falius\u00e1ban mag\u00e1val vitte a f\u0151v\u00e1rosba nagy m\u0171v\u00e9t is, hogy kik\u00e9rje r\u00f3la Arany J\u00e1nos v\u00e9lem\u00e9ny\u00e9t. A Trag\u00e9dia kivet\u00edtett bels\u0151 lelki dr\u00e1m\u00e1j\u00e1ban Mad\u00e1ch, szem\u00e9lyes \u00e9lettapasztalat\u00e1nak \u00e9s k\u00f6nyvt\u00e1rnyi tud\u00e1s\u00e1nak birtok\u00e1ban az emberi l\u00e9t \u00e9rtelm\u00e9t j\u00e1rta k\u00f6r\u00fcl az emberi t\u00f6rt\u00e9nelem eg\u00e9sz\u00e9ben,\u00a0 a szabads\u00e1ghoz \u00e9s a\u00a0 nemzeti f\u00fcggetlens\u00e9ghez elsz\u00e1ntan ragaszkodva.<\/p><p>De milyen k\u00e9rd\u00e9seket vet fel ma az \u201e\u00f6r\u00f6kifj\u00fa\u201d Trag\u00e9dia? Ism\u00e9t a szabads\u00e1g, egyenl\u0151s\u00e9g, testv\u00e9ris\u00e9g jelszav\u00e1t t\u0171zhetj\u00fck a z\u00e1szl\u00f3nkra,\u00a0 melyet olyan csal\u00e1rdul \u00e1tvarrtak, f\u0151leg itt K\u00f6z\u00e9p-Eur\u00f3p\u00e1ban, a gy\u0171l\u00f6let, megal\u00e1z\u00e1s, \u00e9s kiszolg\u00e1ltatotts\u00e1g jelszav\u00e1ra a nemzeti nacionalizmusok jegy\u00e9ben. Nyelvt\u00f6rv\u00e9nyeket alkotnak a t\u00f6bbs\u00e9gi nemzet v\u00e9delm\u00e9ben, embereket al\u00e1znak meg nemzeti hovatartoz\u00e1suk miatt. A modernkori falanszterben, az egys\u00e9ges\u00fclt Eur\u00f3p\u00e1ban a csoport\u00e9rdekek, a piac, a termel\u00e9si mutat\u00f3k h\u00e1l\u00f3j\u00e1ban verg\u0151dnek a\u00a0 t\u00e1rsadalmak,\u00a0 gazdas\u00e1gi v\u00e1ls\u00e1g,\u00a0 p\u00e9nz\u00fcgyi\u00a0 kiszolg\u00e1ltatotts\u00e1g, lepusztul\u00f3 k\u00f6rnyezet \u00e9s \u00e9letn\u00edv\u00f3:\u00a0 az \u00faj eszm\u00e9k eredm\u00e9nyei. A csal\u00e1d, mint a t\u00e1rsadalom alapsejtje, felboml\u00f3ban van. Ami \u00f6sszek\u00f6ti \u0151ket, az a mobiltelefon, az internet \u00e9s a skype, falanszteri \u00e1lltal\u00e1ny d\u00edjszab\u00e1s alapj\u00e1n. Pedig m\u00e9g felhallatszik a t\u00e1volb\u00f3l \u00c1d\u00e1m egyre halkul\u00f3 szava: ,,Mi orsz\u00e1g ez, mi n\u00e9p, melyhez j\u00f6v\u00e9nk? Egyet b\u00e1nok csak: a haza fogalm\u00e1t. Meg\u00e1llott volna az t\u00e1n, \u00fagy hiszem, ez \u00faj rend k\u00f6zt is\u201d. Elmondhatjuk: az ember legnagyobb trag\u00e9di\u00e1ja ma maga az ember, aki \u201da nyolcadik napon, v\u00e9gign\u00e9z azon, amit Isten teremtett, \u00e9s elpuszt\u00edt\u00e1 azt.\u201d\u00a0 Mad\u00e1ch Imre sz\u00e1z\u00f6tven \u00e9ves gondolatai ma id\u0151szer\u0171bbek, mint b\u00e1rmikor.<\/p><p>Viselj\u00fck h\u00e1t b\u00fcszk\u00e9n a nagy m\u0171 \u00edr\u00f3j\u00e1nak nev\u00e9t, aki ezer sz\u00e1llal k\u00f6t\u0151d\u00f6tt v\u00e1rosunkhoz \u00e9s k\u00f6rny\u00e9k\u00e9hez, ahonnan koll\u00e9gist\u00e1ink is j\u00f6ttek.<\/p>\t\t\t\t\t\t\t\t<\/div>\n\t\t\t\t<\/div>\n\t\t\t\t\t<\/div>\n\t\t<\/div>\n\t\t\t\t\t<\/div>\n\t\t<\/section>\n\t\t\t\t<\/div>\n\t\t","protected":false},"excerpt":{"rendered":"<p>Koll\u00e9giumunk 1959-ben vette f\u00f6l Mad\u00e1ch nev\u00e9t. Nem v\u00e9letlen, hogy egy irodalmi kiv\u00e1l\u00f3s\u00e1g lett a n\u00e9vad\u00f3, hiszen v\u00e1rosunkhoz sok ilyen ember k\u00f6t\u0151dik. Olyan nagy szellemek m\u0171k\u00f6dtek vagy \u00e9ltek itt \u00e9let\u00fck egy szakasz\u00e1ban, mint Mad\u00e1ch, Miksz\u00e1th, Komj\u00e1thy, Szab\u00f3 L\u0151rinc, Jobb\u00e1gy K\u00e1roly, hogy csak a legnagyobbakat eml\u00edts\u00fck. Az 1823-as \u00e9v egyszerre k\u00e9t g\u00e9niuszt is adott irodalmunknak.\u00a0 K\u00f6ztudott, hogy [&hellip;]<\/p>\n","protected":false},"author":1,"featured_media":0,"parent":0,"menu_order":0,"comment_status":"closed","ping_status":"closed","template":"","meta":{"footnotes":""},"class_list":["post-34","page","type-page","status-publish","hentry"],"yoast_head":"<!-- This site is optimized with the Yoast SEO plugin v26.6 - https:\/\/yoast.com\/wordpress\/plugins\/seo\/ -->\n<title>Koll\u00e9giumunk n\u00e9vad\u00f3ja: Mad\u00e1ch Imre - .<\/title>\n<meta name=\"robots\" content=\"index, follow, max-snippet:-1, max-image-preview:large, max-video-preview:-1\" \/>\n<link rel=\"canonical\" href=\"https:\/\/madachkollegium.hu\/index.php\/kollegiumunk-nevadoja-madach-imre\/\" \/>\n<meta property=\"og:locale\" content=\"hu_HU\" \/>\n<meta property=\"og:type\" content=\"article\" \/>\n<meta property=\"og:title\" content=\"Koll\u00e9giumunk n\u00e9vad\u00f3ja: Mad\u00e1ch Imre - .\" \/>\n<meta property=\"og:description\" content=\"Koll\u00e9giumunk 1959-ben vette f\u00f6l Mad\u00e1ch nev\u00e9t. Nem v\u00e9letlen, hogy egy irodalmi kiv\u00e1l\u00f3s\u00e1g lett a n\u00e9vad\u00f3, hiszen v\u00e1rosunkhoz sok ilyen ember k\u00f6t\u0151dik. Olyan nagy szellemek m\u0171k\u00f6dtek vagy \u00e9ltek itt \u00e9let\u00fck egy szakasz\u00e1ban, mint Mad\u00e1ch, Miksz\u00e1th, Komj\u00e1thy, Szab\u00f3 L\u0151rinc, Jobb\u00e1gy K\u00e1roly, hogy csak a legnagyobbakat eml\u00edts\u00fck. Az 1823-as \u00e9v egyszerre k\u00e9t g\u00e9niuszt is adott irodalmunknak.\u00a0 K\u00f6ztudott, hogy [&hellip;]\" \/>\n<meta property=\"og:url\" content=\"https:\/\/madachkollegium.hu\/index.php\/kollegiumunk-nevadoja-madach-imre\/\" \/>\n<meta property=\"og:site_name\" content=\".\" \/>\n<meta property=\"article:publisher\" content=\"https:\/\/www.facebook.com\/madachkollegium\" \/>\n<meta name=\"twitter:card\" content=\"summary_large_image\" \/>\n<meta name=\"twitter:label1\" content=\"Becs\u00fclt olvas\u00e1si id\u0151\" \/>\n\t<meta name=\"twitter:data1\" content=\"5 perc\" \/>\n<script type=\"application\/ld+json\" class=\"yoast-schema-graph\">{\"@context\":\"https:\/\/schema.org\",\"@graph\":[{\"@type\":\"WebPage\",\"@id\":\"https:\/\/madachkollegium.hu\/index.php\/kollegiumunk-nevadoja-madach-imre\/\",\"url\":\"https:\/\/madachkollegium.hu\/index.php\/kollegiumunk-nevadoja-madach-imre\/\",\"name\":\"Koll\u00e9giumunk n\u00e9vad\u00f3ja: Mad\u00e1ch Imre - .\",\"isPartOf\":{\"@id\":\"https:\/\/madachkollegium.hu\/#website\"},\"datePublished\":\"2021-10-17T12:10:24+00:00\",\"breadcrumb\":{\"@id\":\"https:\/\/madachkollegium.hu\/index.php\/kollegiumunk-nevadoja-madach-imre\/#breadcrumb\"},\"inLanguage\":\"hu\",\"potentialAction\":[{\"@type\":\"ReadAction\",\"target\":[\"https:\/\/madachkollegium.hu\/index.php\/kollegiumunk-nevadoja-madach-imre\/\"]}]},{\"@type\":\"BreadcrumbList\",\"@id\":\"https:\/\/madachkollegium.hu\/index.php\/kollegiumunk-nevadoja-madach-imre\/#breadcrumb\",\"itemListElement\":[{\"@type\":\"ListItem\",\"position\":1,\"name\":\"Kezd\u0151lap\",\"item\":\"https:\/\/madachkollegium.hu\/\"},{\"@type\":\"ListItem\",\"position\":2,\"name\":\"Koll\u00e9giumunk n\u00e9vad\u00f3ja: Mad\u00e1ch Imre\"}]},{\"@type\":\"WebSite\",\"@id\":\"https:\/\/madachkollegium.hu\/#website\",\"url\":\"https:\/\/madachkollegium.hu\/\",\"name\":\"www.madachkollegium.hu\",\"description\":\"\",\"publisher\":{\"@id\":\"https:\/\/madachkollegium.hu\/#organization\"},\"potentialAction\":[{\"@type\":\"SearchAction\",\"target\":{\"@type\":\"EntryPoint\",\"urlTemplate\":\"https:\/\/madachkollegium.hu\/?s={search_term_string}\"},\"query-input\":{\"@type\":\"PropertyValueSpecification\",\"valueRequired\":true,\"valueName\":\"search_term_string\"}}],\"inLanguage\":\"hu\"},{\"@type\":\"Organization\",\"@id\":\"https:\/\/madachkollegium.hu\/#organization\",\"name\":\"Mad\u00e1ch Koll\u00e9gium Balassagyarmat\",\"url\":\"https:\/\/madachkollegium.hu\/\",\"logo\":{\"@type\":\"ImageObject\",\"inLanguage\":\"hu\",\"@id\":\"https:\/\/madachkollegium.hu\/#\/schema\/logo\/image\/\",\"url\":\"https:\/\/madachkollegium.hu\/wp-content\/uploads\/2021\/10\/cropped-cimer4_160x160.jpg\",\"contentUrl\":\"https:\/\/madachkollegium.hu\/wp-content\/uploads\/2021\/10\/cropped-cimer4_160x160.jpg\",\"width\":160,\"height\":160,\"caption\":\"Mad\u00e1ch Koll\u00e9gium Balassagyarmat\"},\"image\":{\"@id\":\"https:\/\/madachkollegium.hu\/#\/schema\/logo\/image\/\"},\"sameAs\":[\"https:\/\/www.facebook.com\/madachkollegium\"]}]}<\/script>\n<!-- \/ Yoast SEO plugin. -->","yoast_head_json":{"title":"Koll\u00e9giumunk n\u00e9vad\u00f3ja: Mad\u00e1ch Imre - .","robots":{"index":"index","follow":"follow","max-snippet":"max-snippet:-1","max-image-preview":"max-image-preview:large","max-video-preview":"max-video-preview:-1"},"canonical":"https:\/\/madachkollegium.hu\/index.php\/kollegiumunk-nevadoja-madach-imre\/","og_locale":"hu_HU","og_type":"article","og_title":"Koll\u00e9giumunk n\u00e9vad\u00f3ja: Mad\u00e1ch Imre - .","og_description":"Koll\u00e9giumunk 1959-ben vette f\u00f6l Mad\u00e1ch nev\u00e9t. Nem v\u00e9letlen, hogy egy irodalmi kiv\u00e1l\u00f3s\u00e1g lett a n\u00e9vad\u00f3, hiszen v\u00e1rosunkhoz sok ilyen ember k\u00f6t\u0151dik. Olyan nagy szellemek m\u0171k\u00f6dtek vagy \u00e9ltek itt \u00e9let\u00fck egy szakasz\u00e1ban, mint Mad\u00e1ch, Miksz\u00e1th, Komj\u00e1thy, Szab\u00f3 L\u0151rinc, Jobb\u00e1gy K\u00e1roly, hogy csak a legnagyobbakat eml\u00edts\u00fck. Az 1823-as \u00e9v egyszerre k\u00e9t g\u00e9niuszt is adott irodalmunknak.\u00a0 K\u00f6ztudott, hogy [&hellip;]","og_url":"https:\/\/madachkollegium.hu\/index.php\/kollegiumunk-nevadoja-madach-imre\/","og_site_name":".","article_publisher":"https:\/\/www.facebook.com\/madachkollegium","twitter_card":"summary_large_image","twitter_misc":{"Becs\u00fclt olvas\u00e1si id\u0151":"5 perc"},"schema":{"@context":"https:\/\/schema.org","@graph":[{"@type":"WebPage","@id":"https:\/\/madachkollegium.hu\/index.php\/kollegiumunk-nevadoja-madach-imre\/","url":"https:\/\/madachkollegium.hu\/index.php\/kollegiumunk-nevadoja-madach-imre\/","name":"Koll\u00e9giumunk n\u00e9vad\u00f3ja: Mad\u00e1ch Imre - .","isPartOf":{"@id":"https:\/\/madachkollegium.hu\/#website"},"datePublished":"2021-10-17T12:10:24+00:00","breadcrumb":{"@id":"https:\/\/madachkollegium.hu\/index.php\/kollegiumunk-nevadoja-madach-imre\/#breadcrumb"},"inLanguage":"hu","potentialAction":[{"@type":"ReadAction","target":["https:\/\/madachkollegium.hu\/index.php\/kollegiumunk-nevadoja-madach-imre\/"]}]},{"@type":"BreadcrumbList","@id":"https:\/\/madachkollegium.hu\/index.php\/kollegiumunk-nevadoja-madach-imre\/#breadcrumb","itemListElement":[{"@type":"ListItem","position":1,"name":"Kezd\u0151lap","item":"https:\/\/madachkollegium.hu\/"},{"@type":"ListItem","position":2,"name":"Koll\u00e9giumunk n\u00e9vad\u00f3ja: Mad\u00e1ch Imre"}]},{"@type":"WebSite","@id":"https:\/\/madachkollegium.hu\/#website","url":"https:\/\/madachkollegium.hu\/","name":"www.madachkollegium.hu","description":"","publisher":{"@id":"https:\/\/madachkollegium.hu\/#organization"},"potentialAction":[{"@type":"SearchAction","target":{"@type":"EntryPoint","urlTemplate":"https:\/\/madachkollegium.hu\/?s={search_term_string}"},"query-input":{"@type":"PropertyValueSpecification","valueRequired":true,"valueName":"search_term_string"}}],"inLanguage":"hu"},{"@type":"Organization","@id":"https:\/\/madachkollegium.hu\/#organization","name":"Mad\u00e1ch Koll\u00e9gium Balassagyarmat","url":"https:\/\/madachkollegium.hu\/","logo":{"@type":"ImageObject","inLanguage":"hu","@id":"https:\/\/madachkollegium.hu\/#\/schema\/logo\/image\/","url":"https:\/\/madachkollegium.hu\/wp-content\/uploads\/2021\/10\/cropped-cimer4_160x160.jpg","contentUrl":"https:\/\/madachkollegium.hu\/wp-content\/uploads\/2021\/10\/cropped-cimer4_160x160.jpg","width":160,"height":160,"caption":"Mad\u00e1ch Koll\u00e9gium Balassagyarmat"},"image":{"@id":"https:\/\/madachkollegium.hu\/#\/schema\/logo\/image\/"},"sameAs":["https:\/\/www.facebook.com\/madachkollegium"]}]}},"_links":{"self":[{"href":"https:\/\/madachkollegium.hu\/index.php\/wp-json\/wp\/v2\/pages\/34","targetHints":{"allow":["GET"]}}],"collection":[{"href":"https:\/\/madachkollegium.hu\/index.php\/wp-json\/wp\/v2\/pages"}],"about":[{"href":"https:\/\/madachkollegium.hu\/index.php\/wp-json\/wp\/v2\/types\/page"}],"author":[{"embeddable":true,"href":"https:\/\/madachkollegium.hu\/index.php\/wp-json\/wp\/v2\/users\/1"}],"replies":[{"embeddable":true,"href":"https:\/\/madachkollegium.hu\/index.php\/wp-json\/wp\/v2\/comments?post=34"}],"version-history":[{"count":0,"href":"https:\/\/madachkollegium.hu\/index.php\/wp-json\/wp\/v2\/pages\/34\/revisions"}],"wp:attachment":[{"href":"https:\/\/madachkollegium.hu\/index.php\/wp-json\/wp\/v2\/media?parent=34"}],"curies":[{"name":"wp","href":"https:\/\/api.w.org\/{rel}","templated":true}]}}