{"id":40,"date":"2021-10-17T12:12:18","date_gmt":"2021-10-17T12:12:18","guid":{"rendered":"http:\/\/madachkollegium.hu\/?page_id=40"},"modified":"2021-10-17T12:12:18","modified_gmt":"2021-10-17T12:12:18","slug":"a-kollegium-kuldetes-nyilatkozata","status":"publish","type":"page","link":"https:\/\/madachkollegium.hu\/index.php\/a-kollegium-kuldetes-nyilatkozata\/","title":{"rendered":"A koll\u00e9gium k\u00fcldet\u00e9s nyilatkozata"},"content":{"rendered":"\t\t<div data-elementor-type=\"wp-page\" data-elementor-id=\"40\" class=\"elementor elementor-40\" data-elementor-post-type=\"page\">\n\t\t\t\t\t\t<section class=\"elementor-section elementor-top-section elementor-element elementor-element-5902595 elementor-section-boxed elementor-section-height-default elementor-section-height-default\" data-id=\"5902595\" data-element_type=\"section\">\n\t\t\t\t\t\t<div class=\"elementor-container elementor-column-gap-default\">\n\t\t\t\t\t<div class=\"elementor-column elementor-col-100 elementor-top-column elementor-element elementor-element-5b849e6\" data-id=\"5b849e6\" data-element_type=\"column\">\n\t\t\t<div class=\"elementor-widget-wrap elementor-element-populated\">\n\t\t\t\t\t\t<div class=\"elementor-element elementor-element-388c467 elementor-widget elementor-widget-text-editor\" data-id=\"388c467\" data-element_type=\"widget\" data-widget_type=\"text-editor.default\">\n\t\t\t\t<div class=\"elementor-widget-container\">\n\t\t\t\t\t\t\t\t\t<p>\u00a0<\/p><p>Koll\u00e9gist\u00e1inknak egy \u00e9letre sz\u00f3l\u00f3 \u00fatraval\u00f3t k\u00edv\u00e1nunk adni, mert valljuk, hogy csak a sokoldal\u00fa emberek \u00e1llj\u00e1k meg hely\u00fcket az \u00e9letben, csak a stabil tud\u00e1sra lehet a k\u00e9s\u0151bbiekben \u201e\u00e9p\u00edtkezni\u201d.<\/p><p>Olyan koll\u00e9gist\u00e1kat szeretn\u00e9nk nevelni, akik szeretik \u00e9s v\u00e9dik a term\u00e9szetet, gyakorlatiasak, kreat\u00edvak, megb\u00edzhat\u00f3ak, kudarct\u0171r\u0151k \u00e9s elfogadj\u00e1k a m\u00e1ss\u00e1got.<\/p><p>Koll\u00e9giumunk a szem\u00e9lyis\u00e9gfejleszt\u00e9sre t\u00f6rekszik odafigyel\u0151, serkent\u0151 k\u00f6rnyezet megteremt\u00e9s\u00e9vel, ahol minden egyes koll\u00e9gista a k\u00e9pess\u00e9gei szerinti legt\u00f6bbet tudja kihozni mag\u00e1b\u00f3l.<\/p><p>Az Arany J\u00e1nos Tehets\u00e9ggondoz\u00f3 Program sikeres megval\u00f3s\u00edt\u00e1s\u00e1val a di\u00e1kok fels\u0151oktat\u00e1si int\u00e9zm\u00e9nyekbe val\u00f3 eljut\u00e1s\u00e1\u00e9rt fejlesztj\u00fck munkakult\u00far\u00e1nkat, m\u00f3dszertani felk\u00e9sz\u00fclts\u00e9g\u00fcnket.<\/p><p>Hangs\u00falyozzuk, hogy \u201edi\u00e1kk\u00f6zpont\u00fa\u201d koll\u00e9gium vagyunk, \u00e9s ennek a gyakorlatban kell igazol\u00f3dnia.\u00a0<\/p><p>A fenntart\u00f3t, a partneriskol\u00e1kat \u00e9s a sz\u00fcl\u0151ket legfontosabb \u201esz\u00f6vets\u00e9geseinknek\u201d tekintj\u00fck, hisz a koll\u00e9gist\u00e1k nevel\u00e9s\u00e9ben t\u00f6rekv\u00e9seink k\u00f6z\u00f6sek.<\/p><p>Tiszt\u00e1ban vagyunk t\u00e1rsadalmi felel\u0151ss\u00e9g\u00fcnkkel, a j\u00f6v\u0151 nemzed\u00e9k\u00e9t nevelj\u00fck, ez\u00e9rt minden pedag\u00f3gust\u00f3l, munkat\u00e1rst\u00f3l elv\u00e1rjuk, hogy t\u00f6rekedjenek fejl\u0151d\u00e9sre \u00e9s kiv\u00e1l\u00f3s\u00e1gra.<\/p>\t\t\t\t\t\t\t\t<\/div>\n\t\t\t\t<\/div>\n\t\t\t\t\t<\/div>\n\t\t<\/div>\n\t\t\t\t\t<\/div>\n\t\t<\/section>\n\t\t\t\t<\/div>\n\t\t","protected":false},"excerpt":{"rendered":"<p>\u00a0 Koll\u00e9gist\u00e1inknak egy \u00e9letre sz\u00f3l\u00f3 \u00fatraval\u00f3t k\u00edv\u00e1nunk adni, mert valljuk, hogy csak a sokoldal\u00fa emberek \u00e1llj\u00e1k meg hely\u00fcket az \u00e9letben, csak a stabil tud\u00e1sra lehet a k\u00e9s\u0151bbiekben \u201e\u00e9p\u00edtkezni\u201d. Olyan koll\u00e9gist\u00e1kat szeretn\u00e9nk nevelni, akik szeretik \u00e9s v\u00e9dik a term\u00e9szetet, gyakorlatiasak, kreat\u00edvak, megb\u00edzhat\u00f3ak, kudarct\u0171r\u0151k \u00e9s elfogadj\u00e1k a m\u00e1ss\u00e1got. Koll\u00e9giumunk a szem\u00e9lyis\u00e9gfejleszt\u00e9sre t\u00f6rekszik odafigyel\u0151, serkent\u0151 k\u00f6rnyezet megteremt\u00e9s\u00e9vel, ahol [&hellip;]<\/p>\n","protected":false},"author":1,"featured_media":0,"parent":0,"menu_order":0,"comment_status":"closed","ping_status":"closed","template":"","meta":{"footnotes":""},"class_list":["post-40","page","type-page","status-publish","hentry"],"yoast_head":"<!-- This site is optimized with the Yoast SEO plugin v26.6 - https:\/\/yoast.com\/wordpress\/plugins\/seo\/ -->\n<title>A koll\u00e9gium k\u00fcldet\u00e9s nyilatkozata - .<\/title>\n<meta name=\"robots\" content=\"index, follow, max-snippet:-1, max-image-preview:large, max-video-preview:-1\" \/>\n<link rel=\"canonical\" href=\"https:\/\/madachkollegium.hu\/index.php\/a-kollegium-kuldetes-nyilatkozata\/\" \/>\n<meta property=\"og:locale\" content=\"hu_HU\" \/>\n<meta property=\"og:type\" content=\"article\" \/>\n<meta property=\"og:title\" content=\"A koll\u00e9gium k\u00fcldet\u00e9s nyilatkozata - .\" \/>\n<meta property=\"og:description\" content=\"\u00a0 Koll\u00e9gist\u00e1inknak egy \u00e9letre sz\u00f3l\u00f3 \u00fatraval\u00f3t k\u00edv\u00e1nunk adni, mert valljuk, hogy csak a sokoldal\u00fa emberek \u00e1llj\u00e1k meg hely\u00fcket az \u00e9letben, csak a stabil tud\u00e1sra lehet a k\u00e9s\u0151bbiekben \u201e\u00e9p\u00edtkezni\u201d. Olyan koll\u00e9gist\u00e1kat szeretn\u00e9nk nevelni, akik szeretik \u00e9s v\u00e9dik a term\u00e9szetet, gyakorlatiasak, kreat\u00edvak, megb\u00edzhat\u00f3ak, kudarct\u0171r\u0151k \u00e9s elfogadj\u00e1k a m\u00e1ss\u00e1got. Koll\u00e9giumunk a szem\u00e9lyis\u00e9gfejleszt\u00e9sre t\u00f6rekszik odafigyel\u0151, serkent\u0151 k\u00f6rnyezet megteremt\u00e9s\u00e9vel, ahol [&hellip;]\" \/>\n<meta property=\"og:url\" content=\"https:\/\/madachkollegium.hu\/index.php\/a-kollegium-kuldetes-nyilatkozata\/\" \/>\n<meta property=\"og:site_name\" content=\".\" \/>\n<meta property=\"article:publisher\" content=\"https:\/\/www.facebook.com\/madachkollegium\" \/>\n<meta name=\"twitter:card\" content=\"summary_large_image\" \/>\n<meta name=\"twitter:label1\" content=\"Becs\u00fclt olvas\u00e1si id\u0151\" \/>\n\t<meta name=\"twitter:data1\" content=\"1 perc\" \/>\n<script type=\"application\/ld+json\" class=\"yoast-schema-graph\">{\"@context\":\"https:\/\/schema.org\",\"@graph\":[{\"@type\":\"WebPage\",\"@id\":\"https:\/\/madachkollegium.hu\/index.php\/a-kollegium-kuldetes-nyilatkozata\/\",\"url\":\"https:\/\/madachkollegium.hu\/index.php\/a-kollegium-kuldetes-nyilatkozata\/\",\"name\":\"A koll\u00e9gium k\u00fcldet\u00e9s nyilatkozata - .\",\"isPartOf\":{\"@id\":\"https:\/\/madachkollegium.hu\/#website\"},\"datePublished\":\"2021-10-17T12:12:18+00:00\",\"breadcrumb\":{\"@id\":\"https:\/\/madachkollegium.hu\/index.php\/a-kollegium-kuldetes-nyilatkozata\/#breadcrumb\"},\"inLanguage\":\"hu\",\"potentialAction\":[{\"@type\":\"ReadAction\",\"target\":[\"https:\/\/madachkollegium.hu\/index.php\/a-kollegium-kuldetes-nyilatkozata\/\"]}]},{\"@type\":\"BreadcrumbList\",\"@id\":\"https:\/\/madachkollegium.hu\/index.php\/a-kollegium-kuldetes-nyilatkozata\/#breadcrumb\",\"itemListElement\":[{\"@type\":\"ListItem\",\"position\":1,\"name\":\"Kezd\u0151lap\",\"item\":\"https:\/\/madachkollegium.hu\/\"},{\"@type\":\"ListItem\",\"position\":2,\"name\":\"A koll\u00e9gium k\u00fcldet\u00e9s nyilatkozata\"}]},{\"@type\":\"WebSite\",\"@id\":\"https:\/\/madachkollegium.hu\/#website\",\"url\":\"https:\/\/madachkollegium.hu\/\",\"name\":\"www.madachkollegium.hu\",\"description\":\"\",\"publisher\":{\"@id\":\"https:\/\/madachkollegium.hu\/#organization\"},\"potentialAction\":[{\"@type\":\"SearchAction\",\"target\":{\"@type\":\"EntryPoint\",\"urlTemplate\":\"https:\/\/madachkollegium.hu\/?s={search_term_string}\"},\"query-input\":{\"@type\":\"PropertyValueSpecification\",\"valueRequired\":true,\"valueName\":\"search_term_string\"}}],\"inLanguage\":\"hu\"},{\"@type\":\"Organization\",\"@id\":\"https:\/\/madachkollegium.hu\/#organization\",\"name\":\"Mad\u00e1ch Koll\u00e9gium Balassagyarmat\",\"url\":\"https:\/\/madachkollegium.hu\/\",\"logo\":{\"@type\":\"ImageObject\",\"inLanguage\":\"hu\",\"@id\":\"https:\/\/madachkollegium.hu\/#\/schema\/logo\/image\/\",\"url\":\"https:\/\/madachkollegium.hu\/wp-content\/uploads\/2021\/10\/cropped-cimer4_160x160.jpg\",\"contentUrl\":\"https:\/\/madachkollegium.hu\/wp-content\/uploads\/2021\/10\/cropped-cimer4_160x160.jpg\",\"width\":160,\"height\":160,\"caption\":\"Mad\u00e1ch Koll\u00e9gium Balassagyarmat\"},\"image\":{\"@id\":\"https:\/\/madachkollegium.hu\/#\/schema\/logo\/image\/\"},\"sameAs\":[\"https:\/\/www.facebook.com\/madachkollegium\"]}]}<\/script>\n<!-- \/ Yoast SEO plugin. -->","yoast_head_json":{"title":"A koll\u00e9gium k\u00fcldet\u00e9s nyilatkozata - .","robots":{"index":"index","follow":"follow","max-snippet":"max-snippet:-1","max-image-preview":"max-image-preview:large","max-video-preview":"max-video-preview:-1"},"canonical":"https:\/\/madachkollegium.hu\/index.php\/a-kollegium-kuldetes-nyilatkozata\/","og_locale":"hu_HU","og_type":"article","og_title":"A koll\u00e9gium k\u00fcldet\u00e9s nyilatkozata - .","og_description":"\u00a0 Koll\u00e9gist\u00e1inknak egy \u00e9letre sz\u00f3l\u00f3 \u00fatraval\u00f3t k\u00edv\u00e1nunk adni, mert valljuk, hogy csak a sokoldal\u00fa emberek \u00e1llj\u00e1k meg hely\u00fcket az \u00e9letben, csak a stabil tud\u00e1sra lehet a k\u00e9s\u0151bbiekben \u201e\u00e9p\u00edtkezni\u201d. Olyan koll\u00e9gist\u00e1kat szeretn\u00e9nk nevelni, akik szeretik \u00e9s v\u00e9dik a term\u00e9szetet, gyakorlatiasak, kreat\u00edvak, megb\u00edzhat\u00f3ak, kudarct\u0171r\u0151k \u00e9s elfogadj\u00e1k a m\u00e1ss\u00e1got. Koll\u00e9giumunk a szem\u00e9lyis\u00e9gfejleszt\u00e9sre t\u00f6rekszik odafigyel\u0151, serkent\u0151 k\u00f6rnyezet megteremt\u00e9s\u00e9vel, ahol [&hellip;]","og_url":"https:\/\/madachkollegium.hu\/index.php\/a-kollegium-kuldetes-nyilatkozata\/","og_site_name":".","article_publisher":"https:\/\/www.facebook.com\/madachkollegium","twitter_card":"summary_large_image","twitter_misc":{"Becs\u00fclt olvas\u00e1si id\u0151":"1 perc"},"schema":{"@context":"https:\/\/schema.org","@graph":[{"@type":"WebPage","@id":"https:\/\/madachkollegium.hu\/index.php\/a-kollegium-kuldetes-nyilatkozata\/","url":"https:\/\/madachkollegium.hu\/index.php\/a-kollegium-kuldetes-nyilatkozata\/","name":"A koll\u00e9gium k\u00fcldet\u00e9s nyilatkozata - .","isPartOf":{"@id":"https:\/\/madachkollegium.hu\/#website"},"datePublished":"2021-10-17T12:12:18+00:00","breadcrumb":{"@id":"https:\/\/madachkollegium.hu\/index.php\/a-kollegium-kuldetes-nyilatkozata\/#breadcrumb"},"inLanguage":"hu","potentialAction":[{"@type":"ReadAction","target":["https:\/\/madachkollegium.hu\/index.php\/a-kollegium-kuldetes-nyilatkozata\/"]}]},{"@type":"BreadcrumbList","@id":"https:\/\/madachkollegium.hu\/index.php\/a-kollegium-kuldetes-nyilatkozata\/#breadcrumb","itemListElement":[{"@type":"ListItem","position":1,"name":"Kezd\u0151lap","item":"https:\/\/madachkollegium.hu\/"},{"@type":"ListItem","position":2,"name":"A koll\u00e9gium k\u00fcldet\u00e9s nyilatkozata"}]},{"@type":"WebSite","@id":"https:\/\/madachkollegium.hu\/#website","url":"https:\/\/madachkollegium.hu\/","name":"www.madachkollegium.hu","description":"","publisher":{"@id":"https:\/\/madachkollegium.hu\/#organization"},"potentialAction":[{"@type":"SearchAction","target":{"@type":"EntryPoint","urlTemplate":"https:\/\/madachkollegium.hu\/?s={search_term_string}"},"query-input":{"@type":"PropertyValueSpecification","valueRequired":true,"valueName":"search_term_string"}}],"inLanguage":"hu"},{"@type":"Organization","@id":"https:\/\/madachkollegium.hu\/#organization","name":"Mad\u00e1ch Koll\u00e9gium Balassagyarmat","url":"https:\/\/madachkollegium.hu\/","logo":{"@type":"ImageObject","inLanguage":"hu","@id":"https:\/\/madachkollegium.hu\/#\/schema\/logo\/image\/","url":"https:\/\/madachkollegium.hu\/wp-content\/uploads\/2021\/10\/cropped-cimer4_160x160.jpg","contentUrl":"https:\/\/madachkollegium.hu\/wp-content\/uploads\/2021\/10\/cropped-cimer4_160x160.jpg","width":160,"height":160,"caption":"Mad\u00e1ch Koll\u00e9gium Balassagyarmat"},"image":{"@id":"https:\/\/madachkollegium.hu\/#\/schema\/logo\/image\/"},"sameAs":["https:\/\/www.facebook.com\/madachkollegium"]}]}},"_links":{"self":[{"href":"https:\/\/madachkollegium.hu\/index.php\/wp-json\/wp\/v2\/pages\/40","targetHints":{"allow":["GET"]}}],"collection":[{"href":"https:\/\/madachkollegium.hu\/index.php\/wp-json\/wp\/v2\/pages"}],"about":[{"href":"https:\/\/madachkollegium.hu\/index.php\/wp-json\/wp\/v2\/types\/page"}],"author":[{"embeddable":true,"href":"https:\/\/madachkollegium.hu\/index.php\/wp-json\/wp\/v2\/users\/1"}],"replies":[{"embeddable":true,"href":"https:\/\/madachkollegium.hu\/index.php\/wp-json\/wp\/v2\/comments?post=40"}],"version-history":[{"count":0,"href":"https:\/\/madachkollegium.hu\/index.php\/wp-json\/wp\/v2\/pages\/40\/revisions"}],"wp:attachment":[{"href":"https:\/\/madachkollegium.hu\/index.php\/wp-json\/wp\/v2\/media?parent=40"}],"curies":[{"name":"wp","href":"https:\/\/api.w.org\/{rel}","templated":true}]}}