{"id":52,"date":"2021-10-17T12:15:36","date_gmt":"2021-10-17T12:15:36","guid":{"rendered":"http:\/\/madachkollegium.hu\/?page_id=52"},"modified":"2024-10-16T08:57:51","modified_gmt":"2024-10-16T06:57:51","slug":"elerhetosegek","status":"publish","type":"page","link":"https:\/\/madachkollegium.hu\/index.php\/elerhetosegek\/","title":{"rendered":"El\u00e9rhet\u0151s\u00e9gek"},"content":{"rendered":"\t\t<div data-elementor-type=\"wp-page\" data-elementor-id=\"52\" class=\"elementor elementor-52\" data-elementor-post-type=\"page\">\n\t\t\t\t\t\t<section class=\"elementor-section elementor-top-section elementor-element elementor-element-879d3ac elementor-section-boxed elementor-section-height-default elementor-section-height-default\" data-id=\"879d3ac\" data-element_type=\"section\">\n\t\t\t\t\t\t<div class=\"elementor-container elementor-column-gap-default\">\n\t\t\t\t\t<div class=\"elementor-column elementor-col-100 elementor-top-column elementor-element elementor-element-acb4061\" data-id=\"acb4061\" data-element_type=\"column\">\n\t\t\t<div class=\"elementor-widget-wrap elementor-element-populated\">\n\t\t\t\t\t\t<div class=\"elementor-element elementor-element-087a604 elementor-widget elementor-widget-text-editor\" data-id=\"087a604\" data-element_type=\"widget\" data-widget_type=\"text-editor.default\">\n\t\t\t\t<div class=\"elementor-widget-container\">\n\t\t\t\t\t\t\t\t\t<p><strong>Mad\u00e1ch Imre Koll\u00e9gium<\/strong><br \/>2660 Balassagyarmat, R\u00e9gimalom u. 2.<\/p><p>Igazgat\u00f3: Magyar Zolt\u00e1n<\/p><p>Tel :+36 (35) 300 &#8211; 788<\/p><p>Weblap:\u00a0<a href=\"http:\/\/www.madachkollegium.hu\/\">www.madachkollegium.hu<\/a><\/p><p>Email:\u00a0<a href=\"mailto:posta@madachkollegium.edu.hu\">posta@madachkollegium.edu.hu<\/a><\/p><p>OM azonos\u00edt\u00f3: 040523<\/p><p><strong><u style=\"color: var( --e-global-color-text ); font-family: var( --e-global-typography-text-font-family ), Sans-serif; font-weight: var( --e-global-typography-text-font-weight );\">Fenntart\u00f3<\/u><span style=\"color: var( --e-global-color-text ); font-family: var( --e-global-typography-text-font-family ), Sans-serif;\">:<\/span><\/strong><\/p><p><img fetchpriority=\"high\" decoding=\"async\" class=\"alignnone size-full wp-image-55\" src=\"https:\/\/madachkollegium.hu\/wp-content\/uploads\/2021\/10\/tankerulet-1.jpg\" alt=\"\" width=\"500\" height=\"171\" \/><\/p>\t\t\t\t\t\t\t\t<\/div>\n\t\t\t\t<\/div>\n\t\t\t\t\t<\/div>\n\t\t<\/div>\n\t\t\t\t\t<\/div>\n\t\t<\/section>\n\t\t<div class=\"elementor-element elementor-element-cb6805b e-flex e-con-boxed e-con e-parent\" data-id=\"cb6805b\" data-element_type=\"container\">\n\t\t\t\t\t<div class=\"e-con-inner\">\n\t\t\t\t<div class=\"elementor-element elementor-element-8770324 elementor-widget-divider--view-line elementor-widget elementor-widget-divider\" data-id=\"8770324\" data-element_type=\"widget\" data-widget_type=\"divider.default\">\n\t\t\t\t<div class=\"elementor-widget-container\">\n\t\t\t\t\t\t\t<div class=\"elementor-divider\">\n\t\t\t<span class=\"elementor-divider-separator\">\n\t\t\t\t\t\t<\/span>\n\t\t<\/div>\n\t\t\t\t\t\t<\/div>\n\t\t\t\t<\/div>\n\t\t\t\t\t<\/div>\n\t\t\t\t<\/div>\n\t\t<div class=\"elementor-element elementor-element-2289393 e-flex e-con-boxed e-con e-parent\" data-id=\"2289393\" data-element_type=\"container\">\n\t\t\t\t\t<div class=\"e-con-inner\">\n\t\t\t\t<div class=\"elementor-element elementor-element-ce6651c elementor-widget elementor-widget-text-editor\" data-id=\"ce6651c\" data-element_type=\"widget\" data-widget_type=\"text-editor.default\">\n\t\t\t\t<div class=\"elementor-widget-container\">\n\t\t\t\t\t\t\t\t\t<div>\u00a0<\/div><div>\u00a0<\/div><div>SZMK:\u00a0 \u00a0G\u00e1sp\u00e1r Barbara, W\u00e1gner Vivien Vikt\u00f3ria<\/div><div>\u00a0<\/div><div>D\u00d6K:\u00a0 \u00a0Lakatos Elizabet Lenke, Medved Martin<\/div>\t\t\t\t\t\t\t\t<\/div>\n\t\t\t\t<\/div>\n\t\t\t\t\t<\/div>\n\t\t\t\t<\/div>\n\t\t\t\t<\/div>\n\t\t","protected":false},"excerpt":{"rendered":"<p>Mad\u00e1ch Imre Koll\u00e9gium2660 Balassagyarmat, R\u00e9gimalom u. 2. Igazgat\u00f3: Magyar Zolt\u00e1n Tel :+36 (35) 300 &#8211; 788 Weblap:\u00a0www.madachkollegium.hu Email:\u00a0posta@madachkollegium.edu.hu OM azonos\u00edt\u00f3: 040523 Fenntart\u00f3: \u00a0\u00a0SZMK:\u00a0 \u00a0G\u00e1sp\u00e1r Barbara, W\u00e1gner Vivien Vikt\u00f3ria\u00a0D\u00d6K:\u00a0 \u00a0Lakatos Elizabet Lenke, Medved Martin<\/p>\n","protected":false},"author":1,"featured_media":0,"parent":0,"menu_order":0,"comment_status":"closed","ping_status":"closed","template":"","meta":{"footnotes":""},"class_list":["post-52","page","type-page","status-publish","hentry"],"yoast_head":"<!-- This site is optimized with the Yoast SEO plugin v26.6 - https:\/\/yoast.com\/wordpress\/plugins\/seo\/ -->\n<title>El\u00e9rhet\u0151s\u00e9gek - .<\/title>\n<meta name=\"robots\" content=\"index, follow, max-snippet:-1, max-image-preview:large, max-video-preview:-1\" \/>\n<link rel=\"canonical\" href=\"https:\/\/madachkollegium.hu\/index.php\/elerhetosegek\/\" \/>\n<meta property=\"og:locale\" content=\"hu_HU\" \/>\n<meta property=\"og:type\" content=\"article\" \/>\n<meta property=\"og:title\" content=\"El\u00e9rhet\u0151s\u00e9gek - .\" \/>\n<meta property=\"og:description\" content=\"Mad\u00e1ch Imre Koll\u00e9gium2660 Balassagyarmat, R\u00e9gimalom u. 2. Igazgat\u00f3: Magyar Zolt\u00e1n Tel :+36 (35) 300 &#8211; 788 Weblap:\u00a0www.madachkollegium.hu Email:\u00a0posta@madachkollegium.edu.hu OM azonos\u00edt\u00f3: 040523 Fenntart\u00f3: \u00a0\u00a0SZMK:\u00a0 \u00a0G\u00e1sp\u00e1r Barbara, W\u00e1gner Vivien Vikt\u00f3ria\u00a0D\u00d6K:\u00a0 \u00a0Lakatos Elizabet Lenke, Medved Martin\" \/>\n<meta property=\"og:url\" content=\"https:\/\/madachkollegium.hu\/index.php\/elerhetosegek\/\" \/>\n<meta property=\"og:site_name\" content=\".\" \/>\n<meta property=\"article:publisher\" content=\"https:\/\/www.facebook.com\/madachkollegium\" \/>\n<meta property=\"article:modified_time\" content=\"2024-10-16T06:57:51+00:00\" \/>\n<meta property=\"og:image\" content=\"https:\/\/madachkollegium.hu\/wp-content\/uploads\/2021\/10\/tankerulet-1.jpg\" \/>\n<meta name=\"twitter:card\" content=\"summary_large_image\" \/>\n<meta name=\"twitter:label1\" content=\"Becs\u00fclt olvas\u00e1si id\u0151\" \/>\n\t<meta name=\"twitter:data1\" content=\"1 perc\" \/>\n<script type=\"application\/ld+json\" class=\"yoast-schema-graph\">{\"@context\":\"https:\/\/schema.org\",\"@graph\":[{\"@type\":\"WebPage\",\"@id\":\"https:\/\/madachkollegium.hu\/index.php\/elerhetosegek\/\",\"url\":\"https:\/\/madachkollegium.hu\/index.php\/elerhetosegek\/\",\"name\":\"El\u00e9rhet\u0151s\u00e9gek - .\",\"isPartOf\":{\"@id\":\"https:\/\/madachkollegium.hu\/#website\"},\"primaryImageOfPage\":{\"@id\":\"https:\/\/madachkollegium.hu\/index.php\/elerhetosegek\/#primaryimage\"},\"image\":{\"@id\":\"https:\/\/madachkollegium.hu\/index.php\/elerhetosegek\/#primaryimage\"},\"thumbnailUrl\":\"https:\/\/madachkollegium.hu\/wp-content\/uploads\/2021\/10\/tankerulet-1.jpg\",\"datePublished\":\"2021-10-17T12:15:36+00:00\",\"dateModified\":\"2024-10-16T06:57:51+00:00\",\"breadcrumb\":{\"@id\":\"https:\/\/madachkollegium.hu\/index.php\/elerhetosegek\/#breadcrumb\"},\"inLanguage\":\"hu\",\"potentialAction\":[{\"@type\":\"ReadAction\",\"target\":[\"https:\/\/madachkollegium.hu\/index.php\/elerhetosegek\/\"]}]},{\"@type\":\"ImageObject\",\"inLanguage\":\"hu\",\"@id\":\"https:\/\/madachkollegium.hu\/index.php\/elerhetosegek\/#primaryimage\",\"url\":\"https:\/\/madachkollegium.hu\/wp-content\/uploads\/2021\/10\/tankerulet-1.jpg\",\"contentUrl\":\"https:\/\/madachkollegium.hu\/wp-content\/uploads\/2021\/10\/tankerulet-1.jpg\",\"width\":500,\"height\":171},{\"@type\":\"BreadcrumbList\",\"@id\":\"https:\/\/madachkollegium.hu\/index.php\/elerhetosegek\/#breadcrumb\",\"itemListElement\":[{\"@type\":\"ListItem\",\"position\":1,\"name\":\"Kezd\u0151lap\",\"item\":\"https:\/\/madachkollegium.hu\/\"},{\"@type\":\"ListItem\",\"position\":2,\"name\":\"El\u00e9rhet\u0151s\u00e9gek\"}]},{\"@type\":\"WebSite\",\"@id\":\"https:\/\/madachkollegium.hu\/#website\",\"url\":\"https:\/\/madachkollegium.hu\/\",\"name\":\"www.madachkollegium.hu\",\"description\":\"\",\"publisher\":{\"@id\":\"https:\/\/madachkollegium.hu\/#organization\"},\"potentialAction\":[{\"@type\":\"SearchAction\",\"target\":{\"@type\":\"EntryPoint\",\"urlTemplate\":\"https:\/\/madachkollegium.hu\/?s={search_term_string}\"},\"query-input\":{\"@type\":\"PropertyValueSpecification\",\"valueRequired\":true,\"valueName\":\"search_term_string\"}}],\"inLanguage\":\"hu\"},{\"@type\":\"Organization\",\"@id\":\"https:\/\/madachkollegium.hu\/#organization\",\"name\":\"Mad\u00e1ch Koll\u00e9gium Balassagyarmat\",\"url\":\"https:\/\/madachkollegium.hu\/\",\"logo\":{\"@type\":\"ImageObject\",\"inLanguage\":\"hu\",\"@id\":\"https:\/\/madachkollegium.hu\/#\/schema\/logo\/image\/\",\"url\":\"https:\/\/madachkollegium.hu\/wp-content\/uploads\/2021\/10\/cropped-cimer4_160x160.jpg\",\"contentUrl\":\"https:\/\/madachkollegium.hu\/wp-content\/uploads\/2021\/10\/cropped-cimer4_160x160.jpg\",\"width\":160,\"height\":160,\"caption\":\"Mad\u00e1ch Koll\u00e9gium Balassagyarmat\"},\"image\":{\"@id\":\"https:\/\/madachkollegium.hu\/#\/schema\/logo\/image\/\"},\"sameAs\":[\"https:\/\/www.facebook.com\/madachkollegium\"]}]}<\/script>\n<!-- \/ Yoast SEO plugin. -->","yoast_head_json":{"title":"El\u00e9rhet\u0151s\u00e9gek - .","robots":{"index":"index","follow":"follow","max-snippet":"max-snippet:-1","max-image-preview":"max-image-preview:large","max-video-preview":"max-video-preview:-1"},"canonical":"https:\/\/madachkollegium.hu\/index.php\/elerhetosegek\/","og_locale":"hu_HU","og_type":"article","og_title":"El\u00e9rhet\u0151s\u00e9gek - .","og_description":"Mad\u00e1ch Imre Koll\u00e9gium2660 Balassagyarmat, R\u00e9gimalom u. 2. Igazgat\u00f3: Magyar Zolt\u00e1n Tel :+36 (35) 300 &#8211; 788 Weblap:\u00a0www.madachkollegium.hu Email:\u00a0posta@madachkollegium.edu.hu OM azonos\u00edt\u00f3: 040523 Fenntart\u00f3: \u00a0\u00a0SZMK:\u00a0 \u00a0G\u00e1sp\u00e1r Barbara, W\u00e1gner Vivien Vikt\u00f3ria\u00a0D\u00d6K:\u00a0 \u00a0Lakatos Elizabet Lenke, Medved Martin","og_url":"https:\/\/madachkollegium.hu\/index.php\/elerhetosegek\/","og_site_name":".","article_publisher":"https:\/\/www.facebook.com\/madachkollegium","article_modified_time":"2024-10-16T06:57:51+00:00","og_image":[{"url":"https:\/\/madachkollegium.hu\/wp-content\/uploads\/2021\/10\/tankerulet-1.jpg","type":"","width":"","height":""}],"twitter_card":"summary_large_image","twitter_misc":{"Becs\u00fclt olvas\u00e1si id\u0151":"1 perc"},"schema":{"@context":"https:\/\/schema.org","@graph":[{"@type":"WebPage","@id":"https:\/\/madachkollegium.hu\/index.php\/elerhetosegek\/","url":"https:\/\/madachkollegium.hu\/index.php\/elerhetosegek\/","name":"El\u00e9rhet\u0151s\u00e9gek - .","isPartOf":{"@id":"https:\/\/madachkollegium.hu\/#website"},"primaryImageOfPage":{"@id":"https:\/\/madachkollegium.hu\/index.php\/elerhetosegek\/#primaryimage"},"image":{"@id":"https:\/\/madachkollegium.hu\/index.php\/elerhetosegek\/#primaryimage"},"thumbnailUrl":"https:\/\/madachkollegium.hu\/wp-content\/uploads\/2021\/10\/tankerulet-1.jpg","datePublished":"2021-10-17T12:15:36+00:00","dateModified":"2024-10-16T06:57:51+00:00","breadcrumb":{"@id":"https:\/\/madachkollegium.hu\/index.php\/elerhetosegek\/#breadcrumb"},"inLanguage":"hu","potentialAction":[{"@type":"ReadAction","target":["https:\/\/madachkollegium.hu\/index.php\/elerhetosegek\/"]}]},{"@type":"ImageObject","inLanguage":"hu","@id":"https:\/\/madachkollegium.hu\/index.php\/elerhetosegek\/#primaryimage","url":"https:\/\/madachkollegium.hu\/wp-content\/uploads\/2021\/10\/tankerulet-1.jpg","contentUrl":"https:\/\/madachkollegium.hu\/wp-content\/uploads\/2021\/10\/tankerulet-1.jpg","width":500,"height":171},{"@type":"BreadcrumbList","@id":"https:\/\/madachkollegium.hu\/index.php\/elerhetosegek\/#breadcrumb","itemListElement":[{"@type":"ListItem","position":1,"name":"Kezd\u0151lap","item":"https:\/\/madachkollegium.hu\/"},{"@type":"ListItem","position":2,"name":"El\u00e9rhet\u0151s\u00e9gek"}]},{"@type":"WebSite","@id":"https:\/\/madachkollegium.hu\/#website","url":"https:\/\/madachkollegium.hu\/","name":"www.madachkollegium.hu","description":"","publisher":{"@id":"https:\/\/madachkollegium.hu\/#organization"},"potentialAction":[{"@type":"SearchAction","target":{"@type":"EntryPoint","urlTemplate":"https:\/\/madachkollegium.hu\/?s={search_term_string}"},"query-input":{"@type":"PropertyValueSpecification","valueRequired":true,"valueName":"search_term_string"}}],"inLanguage":"hu"},{"@type":"Organization","@id":"https:\/\/madachkollegium.hu\/#organization","name":"Mad\u00e1ch Koll\u00e9gium Balassagyarmat","url":"https:\/\/madachkollegium.hu\/","logo":{"@type":"ImageObject","inLanguage":"hu","@id":"https:\/\/madachkollegium.hu\/#\/schema\/logo\/image\/","url":"https:\/\/madachkollegium.hu\/wp-content\/uploads\/2021\/10\/cropped-cimer4_160x160.jpg","contentUrl":"https:\/\/madachkollegium.hu\/wp-content\/uploads\/2021\/10\/cropped-cimer4_160x160.jpg","width":160,"height":160,"caption":"Mad\u00e1ch Koll\u00e9gium Balassagyarmat"},"image":{"@id":"https:\/\/madachkollegium.hu\/#\/schema\/logo\/image\/"},"sameAs":["https:\/\/www.facebook.com\/madachkollegium"]}]}},"_links":{"self":[{"href":"https:\/\/madachkollegium.hu\/index.php\/wp-json\/wp\/v2\/pages\/52","targetHints":{"allow":["GET"]}}],"collection":[{"href":"https:\/\/madachkollegium.hu\/index.php\/wp-json\/wp\/v2\/pages"}],"about":[{"href":"https:\/\/madachkollegium.hu\/index.php\/wp-json\/wp\/v2\/types\/page"}],"author":[{"embeddable":true,"href":"https:\/\/madachkollegium.hu\/index.php\/wp-json\/wp\/v2\/users\/1"}],"replies":[{"embeddable":true,"href":"https:\/\/madachkollegium.hu\/index.php\/wp-json\/wp\/v2\/comments?post=52"}],"version-history":[{"count":6,"href":"https:\/\/madachkollegium.hu\/index.php\/wp-json\/wp\/v2\/pages\/52\/revisions"}],"predecessor-version":[{"id":2671,"href":"https:\/\/madachkollegium.hu\/index.php\/wp-json\/wp\/v2\/pages\/52\/revisions\/2671"}],"wp:attachment":[{"href":"https:\/\/madachkollegium.hu\/index.php\/wp-json\/wp\/v2\/media?parent=52"}],"curies":[{"name":"wp","href":"https:\/\/api.w.org\/{rel}","templated":true}]}}