{"id":62,"date":"2021-10-17T12:21:57","date_gmt":"2021-10-17T12:21:57","guid":{"rendered":"http:\/\/madachkollegium.hu\/?page_id=62"},"modified":"2021-10-17T12:21:57","modified_gmt":"2021-10-17T12:21:57","slug":"kollegium-tortenete-kepekben","status":"publish","type":"page","link":"https:\/\/madachkollegium.hu\/index.php\/kollegium-tortenete-kepekben\/","title":{"rendered":"Koll\u00e9gium t\u00f6rt\u00e9nete k\u00e9pekben"},"content":{"rendered":"\t\t<div data-elementor-type=\"wp-page\" data-elementor-id=\"62\" class=\"elementor elementor-62\" data-elementor-post-type=\"page\">\n\t\t\t\t\t\t<section class=\"elementor-section elementor-top-section elementor-element elementor-element-7cca076 elementor-section-boxed elementor-section-height-default elementor-section-height-default\" data-id=\"7cca076\" data-element_type=\"section\">\n\t\t\t\t\t\t<div class=\"elementor-container elementor-column-gap-default\">\n\t\t\t\t\t<div class=\"elementor-column elementor-col-100 elementor-top-column elementor-element elementor-element-1ad6232\" data-id=\"1ad6232\" data-element_type=\"column\">\n\t\t\t<div class=\"elementor-widget-wrap elementor-element-populated\">\n\t\t\t\t\t\t<div class=\"elementor-element elementor-element-f6dd6f2 elementor-widget elementor-widget-text-editor\" data-id=\"f6dd6f2\" data-element_type=\"widget\" data-widget_type=\"text-editor.default\">\n\t\t\t\t<div class=\"elementor-widget-container\">\n\t\t\t\t\t\t\t\t\t<p><strong><a href=\"http:\/\/madachkollegium.hu\/index.php\/kollegium\/kepes-tortenet\">A Mad\u00e1ch Imre Koll\u00e9gium t\u00f6rt\u00e9nete k\u00e9pekben<\/a><\/strong><\/p><p>\u201eR\u00e9gi ad\u00f3ss\u00e1gunkat t\u00f6rlesztj\u00fck ezzel a ki\u00e1ll\u00edt\u00e1ssal, hogy m\u00e9lt\u00f3an megeml\u00e9kezz\u00fcnk koll\u00e9giumunk t\u00f6rt\u00e9net\u00e9r\u0151l. Hisz\u00fcnk abban, hogy csak az az int\u00e9zm\u00e9ny lehet sikeres, amely tiszt\u00e1ban van m\u00faltj\u00e1val, \u00e9rt\u00e9keinek gy\u00f6kereivel. Hiszen csak m\u00faltunk \u00e9s \u00e9rt\u00e9keink ismeret\u00e9ben vagyunk k\u00e9pesek a jelen \u00e9s a j\u00f6v\u0151 kih\u00edv\u00e1saira j\u00f3l reag\u00e1lni. Ez a gondolat vezetett arra, hogy felk\u00e9rjem a koll\u00e9giumt\u00f6rt\u00e9neti tabl\u00f3k elk\u00e9sz\u00edt\u00e9s\u00e9re Farkas G\u00e1bor tan\u00e1r urat \u00e9s koll\u00e9g\u00e1imat.\u201d<\/p><p>Magyar Zolt\u00e1n, igazgat\u00f3<\/p><p>\u00a0<\/p><p><br \/>\u201eV\u00e1ltozatos \u00e9s gazdag m\u00falt\u00fa int\u00e9zm\u00e9nyr\u0151l mes\u00e9lnek ezek a tabl\u00f3k: az elm\u00falt majdnem hetven \u00e9v tan\u00e1rt \u00e9s di\u00e1kot pr\u00f3b\u00e1l\u00f3 korszaka mutatkozik itt be f\u00e9nyk\u00e9peken. Elk\u00e9sz\u00edt\u00e9s\u00e9hez a r\u00e9gi id\u0151k j\u00f3 n\u00e9h\u00e1ny tan\u00faj\u00e1t kifaggattuk \u2013 tan\u00e1rokat, vezet\u0151ket, di\u00e1kokat \u2013 akik k\u00f6z\u00fcl m\u00e1r nincs is mindenki k\u00f6z\u00f6tt\u00fcnk. Poros l\u00e1d\u00e1k m\u00e9ly\u00e9n kutattunk, megs\u00e1rgult dokumentumokat, fakult f\u00e9nyk\u00e9peket tal\u00e1lva. Rem\u00e9lj\u00fck, a tabl\u00f3kat n\u00e9zegetve \u00e1ttekinthet\u0151v\u00e9 v\u00e1lik a feladat\u00e1t hivat\u00e1studattal v\u00e9gz\u0151 koll\u00e9gium, a mindig v\u00e1ltoz\u00f3 kor \u00e9s a mindig \u00fajrakezd\u0151 fiatals\u00e1g kapcsolata.\u201d\u00a0<\/p><p>Farkas G\u00e1bor, nevel\u0151tan\u00e1r<\/p>\t\t\t\t\t\t\t\t<\/div>\n\t\t\t\t<\/div>\n\t\t\t\t\t<\/div>\n\t\t<\/div>\n\t\t\t\t\t<\/div>\n\t\t<\/section>\n\t\t\t\t<section class=\"elementor-section elementor-top-section elementor-element elementor-element-dd536e6 elementor-section-boxed elementor-section-height-default elementor-section-height-default\" data-id=\"dd536e6\" data-element_type=\"section\">\n\t\t\t\t\t\t<div class=\"elementor-container elementor-column-gap-default\">\n\t\t\t\t\t<div class=\"elementor-column elementor-col-100 elementor-top-column elementor-element elementor-element-e56c399\" data-id=\"e56c399\" data-element_type=\"column\">\n\t\t\t<div class=\"elementor-widget-wrap elementor-element-populated\">\n\t\t\t\t\t\t<div class=\"elementor-element elementor-element-c2b683f elementor-widget elementor-widget-gallery\" data-id=\"c2b683f\" data-element_type=\"widget\" data-settings=\"{&quot;lazyload&quot;:&quot;yes&quot;,&quot;gallery_layout&quot;:&quot;grid&quot;,&quot;columns&quot;:4,&quot;columns_tablet&quot;:2,&quot;columns_mobile&quot;:1,&quot;gap&quot;:{&quot;unit&quot;:&quot;px&quot;,&quot;size&quot;:10,&quot;sizes&quot;:[]},&quot;gap_tablet&quot;:{&quot;unit&quot;:&quot;px&quot;,&quot;size&quot;:10,&quot;sizes&quot;:[]},&quot;gap_mobile&quot;:{&quot;unit&quot;:&quot;px&quot;,&quot;size&quot;:10,&quot;sizes&quot;:[]},&quot;link_to&quot;:&quot;file&quot;,&quot;aspect_ratio&quot;:&quot;3:2&quot;,&quot;overlay_background&quot;:&quot;yes&quot;,&quot;content_hover_animation&quot;:&quot;fade-in&quot;}\" data-widget_type=\"gallery.default\">\n\t\t\t\t<div class=\"elementor-widget-container\">\n\t\t\t\t\t\t\t<div class=\"elementor-gallery__container\">\n\t\t\t\t\t\t\t<a class=\"e-gallery-item elementor-gallery-item elementor-animated-content\" href=\"https:\/\/madachkollegium.hu\/wp-content\/uploads\/2021\/10\/1.jpg\" data-elementor-open-lightbox=\"yes\" data-elementor-lightbox-slideshow=\"c2b683f\" data-elementor-lightbox-title=\"1\" data-e-action-hash=\"#elementor-action%3Aaction%3Dlightbox%26settings%3DeyJpZCI6NjUsInVybCI6Imh0dHBzOlwvXC9tYWRhY2hrb2xsZWdpdW0uaHVcL3dwLWNvbnRlbnRcL3VwbG9hZHNcLzIwMjFcLzEwXC8xLmpwZyIsInNsaWRlc2hvdyI6ImMyYjY4M2YifQ%3D%3D\">\n\t\t\t\t\t<div class=\"e-gallery-image elementor-gallery-item__image\" data-thumbnail=\"https:\/\/madachkollegium.hu\/wp-content\/uploads\/2021\/10\/1.jpg\" data-width=\"216\" data-height=\"300\" aria-label=\"\" role=\"img\" ><\/div>\n\t\t\t\t\t\t\t\t\t\t\t<div class=\"elementor-gallery-item__overlay\"><\/div>\n\t\t\t\t\t\t\t\t\t\t\t\t\t\t<\/a>\n\t\t\t\t\t\t\t<a class=\"e-gallery-item elementor-gallery-item elementor-animated-content\" href=\"https:\/\/madachkollegium.hu\/wp-content\/uploads\/2021\/10\/2.jpg\" data-elementor-open-lightbox=\"yes\" data-elementor-lightbox-slideshow=\"c2b683f\" data-elementor-lightbox-title=\"2\" data-e-action-hash=\"#elementor-action%3Aaction%3Dlightbox%26settings%3DeyJpZCI6NjYsInVybCI6Imh0dHBzOlwvXC9tYWRhY2hrb2xsZWdpdW0uaHVcL3dwLWNvbnRlbnRcL3VwbG9hZHNcLzIwMjFcLzEwXC8yLmpwZyIsInNsaWRlc2hvdyI6ImMyYjY4M2YifQ%3D%3D\">\n\t\t\t\t\t<div class=\"e-gallery-image elementor-gallery-item__image\" data-thumbnail=\"https:\/\/madachkollegium.hu\/wp-content\/uploads\/2021\/10\/2.jpg\" data-width=\"209\" data-height=\"300\" aria-label=\"\" role=\"img\" ><\/div>\n\t\t\t\t\t\t\t\t\t\t\t<div class=\"elementor-gallery-item__overlay\"><\/div>\n\t\t\t\t\t\t\t\t\t\t\t\t\t\t<\/a>\n\t\t\t\t\t\t\t<a class=\"e-gallery-item elementor-gallery-item elementor-animated-content\" href=\"https:\/\/madachkollegium.hu\/wp-content\/uploads\/2021\/10\/3.jpg\" data-elementor-open-lightbox=\"yes\" data-elementor-lightbox-slideshow=\"c2b683f\" data-elementor-lightbox-title=\"3\" data-e-action-hash=\"#elementor-action%3Aaction%3Dlightbox%26settings%3DeyJpZCI6NjcsInVybCI6Imh0dHBzOlwvXC9tYWRhY2hrb2xsZWdpdW0uaHVcL3dwLWNvbnRlbnRcL3VwbG9hZHNcLzIwMjFcLzEwXC8zLmpwZyIsInNsaWRlc2hvdyI6ImMyYjY4M2YifQ%3D%3D\">\n\t\t\t\t\t<div class=\"e-gallery-image elementor-gallery-item__image\" data-thumbnail=\"https:\/\/madachkollegium.hu\/wp-content\/uploads\/2021\/10\/3.jpg\" data-width=\"208\" data-height=\"300\" aria-label=\"\" role=\"img\" ><\/div>\n\t\t\t\t\t\t\t\t\t\t\t<div class=\"elementor-gallery-item__overlay\"><\/div>\n\t\t\t\t\t\t\t\t\t\t\t\t\t\t<\/a>\n\t\t\t\t\t\t\t<a class=\"e-gallery-item elementor-gallery-item elementor-animated-content\" href=\"https:\/\/madachkollegium.hu\/wp-content\/uploads\/2021\/10\/4.jpg\" data-elementor-open-lightbox=\"yes\" data-elementor-lightbox-slideshow=\"c2b683f\" data-elementor-lightbox-title=\"4\" data-e-action-hash=\"#elementor-action%3Aaction%3Dlightbox%26settings%3DeyJpZCI6NjgsInVybCI6Imh0dHBzOlwvXC9tYWRhY2hrb2xsZWdpdW0uaHVcL3dwLWNvbnRlbnRcL3VwbG9hZHNcLzIwMjFcLzEwXC80LmpwZyIsInNsaWRlc2hvdyI6ImMyYjY4M2YifQ%3D%3D\">\n\t\t\t\t\t<div class=\"e-gallery-image elementor-gallery-item__image\" data-thumbnail=\"https:\/\/madachkollegium.hu\/wp-content\/uploads\/2021\/10\/4.jpg\" data-width=\"204\" data-height=\"300\" aria-label=\"\" role=\"img\" ><\/div>\n\t\t\t\t\t\t\t\t\t\t\t<div class=\"elementor-gallery-item__overlay\"><\/div>\n\t\t\t\t\t\t\t\t\t\t\t\t\t\t<\/a>\n\t\t\t\t\t\t\t<a class=\"e-gallery-item elementor-gallery-item elementor-animated-content\" href=\"https:\/\/madachkollegium.hu\/wp-content\/uploads\/2021\/10\/5.jpg\" data-elementor-open-lightbox=\"yes\" data-elementor-lightbox-slideshow=\"c2b683f\" data-elementor-lightbox-title=\"5\" data-e-action-hash=\"#elementor-action%3Aaction%3Dlightbox%26settings%3DeyJpZCI6NjksInVybCI6Imh0dHBzOlwvXC9tYWRhY2hrb2xsZWdpdW0uaHVcL3dwLWNvbnRlbnRcL3VwbG9hZHNcLzIwMjFcLzEwXC81LmpwZyIsInNsaWRlc2hvdyI6ImMyYjY4M2YifQ%3D%3D\">\n\t\t\t\t\t<div class=\"e-gallery-image elementor-gallery-item__image\" data-thumbnail=\"https:\/\/madachkollegium.hu\/wp-content\/uploads\/2021\/10\/5.jpg\" data-width=\"212\" data-height=\"300\" aria-label=\"\" role=\"img\" ><\/div>\n\t\t\t\t\t\t\t\t\t\t\t<div class=\"elementor-gallery-item__overlay\"><\/div>\n\t\t\t\t\t\t\t\t\t\t\t\t\t\t<\/a>\n\t\t\t\t\t\t\t<a class=\"e-gallery-item elementor-gallery-item elementor-animated-content\" href=\"https:\/\/madachkollegium.hu\/wp-content\/uploads\/2021\/10\/6.jpg\" data-elementor-open-lightbox=\"yes\" data-elementor-lightbox-slideshow=\"c2b683f\" data-elementor-lightbox-title=\"6\" data-e-action-hash=\"#elementor-action%3Aaction%3Dlightbox%26settings%3DeyJpZCI6NzAsInVybCI6Imh0dHBzOlwvXC9tYWRhY2hrb2xsZWdpdW0uaHVcL3dwLWNvbnRlbnRcL3VwbG9hZHNcLzIwMjFcLzEwXC82LmpwZyIsInNsaWRlc2hvdyI6ImMyYjY4M2YifQ%3D%3D\">\n\t\t\t\t\t<div class=\"e-gallery-image elementor-gallery-item__image\" data-thumbnail=\"https:\/\/madachkollegium.hu\/wp-content\/uploads\/2021\/10\/6.jpg\" data-width=\"207\" data-height=\"300\" aria-label=\"\" role=\"img\" ><\/div>\n\t\t\t\t\t\t\t\t\t\t\t<div class=\"elementor-gallery-item__overlay\"><\/div>\n\t\t\t\t\t\t\t\t\t\t\t\t\t\t<\/a>\n\t\t\t\t\t\t\t<a class=\"e-gallery-item elementor-gallery-item elementor-animated-content\" href=\"https:\/\/madachkollegium.hu\/wp-content\/uploads\/2021\/10\/7.jpg\" data-elementor-open-lightbox=\"yes\" data-elementor-lightbox-slideshow=\"c2b683f\" data-elementor-lightbox-title=\"7\" data-e-action-hash=\"#elementor-action%3Aaction%3Dlightbox%26settings%3DeyJpZCI6NzEsInVybCI6Imh0dHBzOlwvXC9tYWRhY2hrb2xsZWdpdW0uaHVcL3dwLWNvbnRlbnRcL3VwbG9hZHNcLzIwMjFcLzEwXC83LmpwZyIsInNsaWRlc2hvdyI6ImMyYjY4M2YifQ%3D%3D\">\n\t\t\t\t\t<div class=\"e-gallery-image elementor-gallery-item__image\" data-thumbnail=\"https:\/\/madachkollegium.hu\/wp-content\/uploads\/2021\/10\/7.jpg\" data-width=\"212\" data-height=\"300\" aria-label=\"\" role=\"img\" ><\/div>\n\t\t\t\t\t\t\t\t\t\t\t<div class=\"elementor-gallery-item__overlay\"><\/div>\n\t\t\t\t\t\t\t\t\t\t\t\t\t\t<\/a>\n\t\t\t\t\t\t\t<a class=\"e-gallery-item elementor-gallery-item elementor-animated-content\" href=\"https:\/\/madachkollegium.hu\/wp-content\/uploads\/2021\/10\/8.jpg\" data-elementor-open-lightbox=\"yes\" data-elementor-lightbox-slideshow=\"c2b683f\" data-elementor-lightbox-title=\"8\" data-e-action-hash=\"#elementor-action%3Aaction%3Dlightbox%26settings%3DeyJpZCI6NzIsInVybCI6Imh0dHBzOlwvXC9tYWRhY2hrb2xsZWdpdW0uaHVcL3dwLWNvbnRlbnRcL3VwbG9hZHNcLzIwMjFcLzEwXC84LmpwZyIsInNsaWRlc2hvdyI6ImMyYjY4M2YifQ%3D%3D\">\n\t\t\t\t\t<div class=\"e-gallery-image elementor-gallery-item__image\" data-thumbnail=\"https:\/\/madachkollegium.hu\/wp-content\/uploads\/2021\/10\/8.jpg\" data-width=\"212\" data-height=\"300\" aria-label=\"\" role=\"img\" ><\/div>\n\t\t\t\t\t\t\t\t\t\t\t<div class=\"elementor-gallery-item__overlay\"><\/div>\n\t\t\t\t\t\t\t\t\t\t\t\t\t\t<\/a>\n\t\t\t\t\t\t\t<a class=\"e-gallery-item elementor-gallery-item elementor-animated-content\" href=\"https:\/\/madachkollegium.hu\/wp-content\/uploads\/2021\/10\/9.jpg\" data-elementor-open-lightbox=\"yes\" data-elementor-lightbox-slideshow=\"c2b683f\" data-elementor-lightbox-title=\"9\" data-e-action-hash=\"#elementor-action%3Aaction%3Dlightbox%26settings%3DeyJpZCI6NzMsInVybCI6Imh0dHBzOlwvXC9tYWRhY2hrb2xsZWdpdW0uaHVcL3dwLWNvbnRlbnRcL3VwbG9hZHNcLzIwMjFcLzEwXC85LmpwZyIsInNsaWRlc2hvdyI6ImMyYjY4M2YifQ%3D%3D\">\n\t\t\t\t\t<div class=\"e-gallery-image elementor-gallery-item__image\" data-thumbnail=\"https:\/\/madachkollegium.hu\/wp-content\/uploads\/2021\/10\/9.jpg\" data-width=\"212\" data-height=\"300\" aria-label=\"\" role=\"img\" ><\/div>\n\t\t\t\t\t\t\t\t\t\t\t<div class=\"elementor-gallery-item__overlay\"><\/div>\n\t\t\t\t\t\t\t\t\t\t\t\t\t\t<\/a>\n\t\t\t\t\t\t\t<a class=\"e-gallery-item elementor-gallery-item elementor-animated-content\" href=\"https:\/\/madachkollegium.hu\/wp-content\/uploads\/2021\/10\/10.jpg\" data-elementor-open-lightbox=\"yes\" data-elementor-lightbox-slideshow=\"c2b683f\" data-elementor-lightbox-title=\"10\" data-e-action-hash=\"#elementor-action%3Aaction%3Dlightbox%26settings%3DeyJpZCI6NzQsInVybCI6Imh0dHBzOlwvXC9tYWRhY2hrb2xsZWdpdW0uaHVcL3dwLWNvbnRlbnRcL3VwbG9hZHNcLzIwMjFcLzEwXC8xMC5qcGciLCJzbGlkZXNob3ciOiJjMmI2ODNmIn0%3D\">\n\t\t\t\t\t<div class=\"e-gallery-image elementor-gallery-item__image\" data-thumbnail=\"https:\/\/madachkollegium.hu\/wp-content\/uploads\/2021\/10\/10.jpg\" data-width=\"211\" data-height=\"300\" aria-label=\"\" role=\"img\" ><\/div>\n\t\t\t\t\t\t\t\t\t\t\t<div class=\"elementor-gallery-item__overlay\"><\/div>\n\t\t\t\t\t\t\t\t\t\t\t\t\t\t<\/a>\n\t\t\t\t\t\t\t<a class=\"e-gallery-item elementor-gallery-item elementor-animated-content\" href=\"https:\/\/madachkollegium.hu\/wp-content\/uploads\/2021\/10\/11.jpg\" data-elementor-open-lightbox=\"yes\" data-elementor-lightbox-slideshow=\"c2b683f\" data-elementor-lightbox-title=\"11\" data-e-action-hash=\"#elementor-action%3Aaction%3Dlightbox%26settings%3DeyJpZCI6NzUsInVybCI6Imh0dHBzOlwvXC9tYWRhY2hrb2xsZWdpdW0uaHVcL3dwLWNvbnRlbnRcL3VwbG9hZHNcLzIwMjFcLzEwXC8xMS5qcGciLCJzbGlkZXNob3ciOiJjMmI2ODNmIn0%3D\">\n\t\t\t\t\t<div class=\"e-gallery-image elementor-gallery-item__image\" data-thumbnail=\"https:\/\/madachkollegium.hu\/wp-content\/uploads\/2021\/10\/11.jpg\" data-width=\"212\" data-height=\"300\" aria-label=\"\" role=\"img\" ><\/div>\n\t\t\t\t\t\t\t\t\t\t\t<div class=\"elementor-gallery-item__overlay\"><\/div>\n\t\t\t\t\t\t\t\t\t\t\t\t\t\t<\/a>\n\t\t\t\t\t\t\t<a class=\"e-gallery-item elementor-gallery-item elementor-animated-content\" href=\"https:\/\/madachkollegium.hu\/wp-content\/uploads\/2021\/10\/12.jpg\" data-elementor-open-lightbox=\"yes\" data-elementor-lightbox-slideshow=\"c2b683f\" data-elementor-lightbox-title=\"12\" data-e-action-hash=\"#elementor-action%3Aaction%3Dlightbox%26settings%3DeyJpZCI6NjQsInVybCI6Imh0dHBzOlwvXC9tYWRhY2hrb2xsZWdpdW0uaHVcL3dwLWNvbnRlbnRcL3VwbG9hZHNcLzIwMjFcLzEwXC8xMi5qcGciLCJzbGlkZXNob3ciOiJjMmI2ODNmIn0%3D\">\n\t\t\t\t\t<div class=\"e-gallery-image elementor-gallery-item__image\" data-thumbnail=\"https:\/\/madachkollegium.hu\/wp-content\/uploads\/2021\/10\/12.jpg\" data-width=\"211\" data-height=\"300\" aria-label=\"\" role=\"img\" ><\/div>\n\t\t\t\t\t\t\t\t\t\t\t<div class=\"elementor-gallery-item__overlay\"><\/div>\n\t\t\t\t\t\t\t\t\t\t\t\t\t\t<\/a>\n\t\t\t\t\t<\/div>\n\t\t\t\t\t<\/div>\n\t\t\t\t<\/div>\n\t\t\t\t\t<\/div>\n\t\t<\/div>\n\t\t\t\t\t<\/div>\n\t\t<\/section>\n\t\t\t\t<\/div>\n\t\t","protected":false},"excerpt":{"rendered":"<p>A Mad\u00e1ch Imre Koll\u00e9gium t\u00f6rt\u00e9nete k\u00e9pekben \u201eR\u00e9gi ad\u00f3ss\u00e1gunkat t\u00f6rlesztj\u00fck ezzel a ki\u00e1ll\u00edt\u00e1ssal, hogy m\u00e9lt\u00f3an megeml\u00e9kezz\u00fcnk koll\u00e9giumunk t\u00f6rt\u00e9net\u00e9r\u0151l. Hisz\u00fcnk abban, hogy csak az az int\u00e9zm\u00e9ny lehet sikeres, amely tiszt\u00e1ban van m\u00faltj\u00e1val, \u00e9rt\u00e9keinek gy\u00f6kereivel. Hiszen csak m\u00faltunk \u00e9s \u00e9rt\u00e9keink ismeret\u00e9ben vagyunk k\u00e9pesek a jelen \u00e9s a j\u00f6v\u0151 kih\u00edv\u00e1saira j\u00f3l reag\u00e1lni. Ez a gondolat vezetett arra, hogy felk\u00e9rjem [&hellip;]<\/p>\n","protected":false},"author":1,"featured_media":0,"parent":0,"menu_order":0,"comment_status":"closed","ping_status":"closed","template":"","meta":{"footnotes":""},"class_list":["post-62","page","type-page","status-publish","hentry"],"yoast_head":"<!-- This site is optimized with the Yoast SEO plugin v26.6 - https:\/\/yoast.com\/wordpress\/plugins\/seo\/ -->\n<title>Koll\u00e9gium t\u00f6rt\u00e9nete k\u00e9pekben - .<\/title>\n<meta name=\"robots\" content=\"index, follow, max-snippet:-1, max-image-preview:large, max-video-preview:-1\" \/>\n<link rel=\"canonical\" href=\"https:\/\/madachkollegium.hu\/index.php\/kollegium-tortenete-kepekben\/\" \/>\n<meta property=\"og:locale\" content=\"hu_HU\" \/>\n<meta property=\"og:type\" content=\"article\" \/>\n<meta property=\"og:title\" content=\"Koll\u00e9gium t\u00f6rt\u00e9nete k\u00e9pekben - .\" \/>\n<meta property=\"og:description\" content=\"A Mad\u00e1ch Imre Koll\u00e9gium t\u00f6rt\u00e9nete k\u00e9pekben \u201eR\u00e9gi ad\u00f3ss\u00e1gunkat t\u00f6rlesztj\u00fck ezzel a ki\u00e1ll\u00edt\u00e1ssal, hogy m\u00e9lt\u00f3an megeml\u00e9kezz\u00fcnk koll\u00e9giumunk t\u00f6rt\u00e9net\u00e9r\u0151l. Hisz\u00fcnk abban, hogy csak az az int\u00e9zm\u00e9ny lehet sikeres, amely tiszt\u00e1ban van m\u00faltj\u00e1val, \u00e9rt\u00e9keinek gy\u00f6kereivel. Hiszen csak m\u00faltunk \u00e9s \u00e9rt\u00e9keink ismeret\u00e9ben vagyunk k\u00e9pesek a jelen \u00e9s a j\u00f6v\u0151 kih\u00edv\u00e1saira j\u00f3l reag\u00e1lni. Ez a gondolat vezetett arra, hogy felk\u00e9rjem [&hellip;]\" \/>\n<meta property=\"og:url\" content=\"https:\/\/madachkollegium.hu\/index.php\/kollegium-tortenete-kepekben\/\" \/>\n<meta property=\"og:site_name\" content=\".\" \/>\n<meta property=\"article:publisher\" content=\"https:\/\/www.facebook.com\/madachkollegium\" \/>\n<meta name=\"twitter:card\" content=\"summary_large_image\" \/>\n<meta name=\"twitter:label1\" content=\"Becs\u00fclt olvas\u00e1si id\u0151\" \/>\n\t<meta name=\"twitter:data1\" content=\"1 perc\" \/>\n<script type=\"application\/ld+json\" class=\"yoast-schema-graph\">{\"@context\":\"https:\/\/schema.org\",\"@graph\":[{\"@type\":\"WebPage\",\"@id\":\"https:\/\/madachkollegium.hu\/index.php\/kollegium-tortenete-kepekben\/\",\"url\":\"https:\/\/madachkollegium.hu\/index.php\/kollegium-tortenete-kepekben\/\",\"name\":\"Koll\u00e9gium t\u00f6rt\u00e9nete k\u00e9pekben - .\",\"isPartOf\":{\"@id\":\"https:\/\/madachkollegium.hu\/#website\"},\"datePublished\":\"2021-10-17T12:21:57+00:00\",\"breadcrumb\":{\"@id\":\"https:\/\/madachkollegium.hu\/index.php\/kollegium-tortenete-kepekben\/#breadcrumb\"},\"inLanguage\":\"hu\",\"potentialAction\":[{\"@type\":\"ReadAction\",\"target\":[\"https:\/\/madachkollegium.hu\/index.php\/kollegium-tortenete-kepekben\/\"]}]},{\"@type\":\"BreadcrumbList\",\"@id\":\"https:\/\/madachkollegium.hu\/index.php\/kollegium-tortenete-kepekben\/#breadcrumb\",\"itemListElement\":[{\"@type\":\"ListItem\",\"position\":1,\"name\":\"Kezd\u0151lap\",\"item\":\"https:\/\/madachkollegium.hu\/\"},{\"@type\":\"ListItem\",\"position\":2,\"name\":\"Koll\u00e9gium t\u00f6rt\u00e9nete k\u00e9pekben\"}]},{\"@type\":\"WebSite\",\"@id\":\"https:\/\/madachkollegium.hu\/#website\",\"url\":\"https:\/\/madachkollegium.hu\/\",\"name\":\"www.madachkollegium.hu\",\"description\":\"\",\"publisher\":{\"@id\":\"https:\/\/madachkollegium.hu\/#organization\"},\"potentialAction\":[{\"@type\":\"SearchAction\",\"target\":{\"@type\":\"EntryPoint\",\"urlTemplate\":\"https:\/\/madachkollegium.hu\/?s={search_term_string}\"},\"query-input\":{\"@type\":\"PropertyValueSpecification\",\"valueRequired\":true,\"valueName\":\"search_term_string\"}}],\"inLanguage\":\"hu\"},{\"@type\":\"Organization\",\"@id\":\"https:\/\/madachkollegium.hu\/#organization\",\"name\":\"Mad\u00e1ch Koll\u00e9gium Balassagyarmat\",\"url\":\"https:\/\/madachkollegium.hu\/\",\"logo\":{\"@type\":\"ImageObject\",\"inLanguage\":\"hu\",\"@id\":\"https:\/\/madachkollegium.hu\/#\/schema\/logo\/image\/\",\"url\":\"https:\/\/madachkollegium.hu\/wp-content\/uploads\/2021\/10\/cropped-cimer4_160x160.jpg\",\"contentUrl\":\"https:\/\/madachkollegium.hu\/wp-content\/uploads\/2021\/10\/cropped-cimer4_160x160.jpg\",\"width\":160,\"height\":160,\"caption\":\"Mad\u00e1ch Koll\u00e9gium Balassagyarmat\"},\"image\":{\"@id\":\"https:\/\/madachkollegium.hu\/#\/schema\/logo\/image\/\"},\"sameAs\":[\"https:\/\/www.facebook.com\/madachkollegium\"]}]}<\/script>\n<!-- \/ Yoast SEO plugin. -->","yoast_head_json":{"title":"Koll\u00e9gium t\u00f6rt\u00e9nete k\u00e9pekben - .","robots":{"index":"index","follow":"follow","max-snippet":"max-snippet:-1","max-image-preview":"max-image-preview:large","max-video-preview":"max-video-preview:-1"},"canonical":"https:\/\/madachkollegium.hu\/index.php\/kollegium-tortenete-kepekben\/","og_locale":"hu_HU","og_type":"article","og_title":"Koll\u00e9gium t\u00f6rt\u00e9nete k\u00e9pekben - .","og_description":"A Mad\u00e1ch Imre Koll\u00e9gium t\u00f6rt\u00e9nete k\u00e9pekben \u201eR\u00e9gi ad\u00f3ss\u00e1gunkat t\u00f6rlesztj\u00fck ezzel a ki\u00e1ll\u00edt\u00e1ssal, hogy m\u00e9lt\u00f3an megeml\u00e9kezz\u00fcnk koll\u00e9giumunk t\u00f6rt\u00e9net\u00e9r\u0151l. Hisz\u00fcnk abban, hogy csak az az int\u00e9zm\u00e9ny lehet sikeres, amely tiszt\u00e1ban van m\u00faltj\u00e1val, \u00e9rt\u00e9keinek gy\u00f6kereivel. Hiszen csak m\u00faltunk \u00e9s \u00e9rt\u00e9keink ismeret\u00e9ben vagyunk k\u00e9pesek a jelen \u00e9s a j\u00f6v\u0151 kih\u00edv\u00e1saira j\u00f3l reag\u00e1lni. Ez a gondolat vezetett arra, hogy felk\u00e9rjem [&hellip;]","og_url":"https:\/\/madachkollegium.hu\/index.php\/kollegium-tortenete-kepekben\/","og_site_name":".","article_publisher":"https:\/\/www.facebook.com\/madachkollegium","twitter_card":"summary_large_image","twitter_misc":{"Becs\u00fclt olvas\u00e1si id\u0151":"1 perc"},"schema":{"@context":"https:\/\/schema.org","@graph":[{"@type":"WebPage","@id":"https:\/\/madachkollegium.hu\/index.php\/kollegium-tortenete-kepekben\/","url":"https:\/\/madachkollegium.hu\/index.php\/kollegium-tortenete-kepekben\/","name":"Koll\u00e9gium t\u00f6rt\u00e9nete k\u00e9pekben - .","isPartOf":{"@id":"https:\/\/madachkollegium.hu\/#website"},"datePublished":"2021-10-17T12:21:57+00:00","breadcrumb":{"@id":"https:\/\/madachkollegium.hu\/index.php\/kollegium-tortenete-kepekben\/#breadcrumb"},"inLanguage":"hu","potentialAction":[{"@type":"ReadAction","target":["https:\/\/madachkollegium.hu\/index.php\/kollegium-tortenete-kepekben\/"]}]},{"@type":"BreadcrumbList","@id":"https:\/\/madachkollegium.hu\/index.php\/kollegium-tortenete-kepekben\/#breadcrumb","itemListElement":[{"@type":"ListItem","position":1,"name":"Kezd\u0151lap","item":"https:\/\/madachkollegium.hu\/"},{"@type":"ListItem","position":2,"name":"Koll\u00e9gium t\u00f6rt\u00e9nete k\u00e9pekben"}]},{"@type":"WebSite","@id":"https:\/\/madachkollegium.hu\/#website","url":"https:\/\/madachkollegium.hu\/","name":"www.madachkollegium.hu","description":"","publisher":{"@id":"https:\/\/madachkollegium.hu\/#organization"},"potentialAction":[{"@type":"SearchAction","target":{"@type":"EntryPoint","urlTemplate":"https:\/\/madachkollegium.hu\/?s={search_term_string}"},"query-input":{"@type":"PropertyValueSpecification","valueRequired":true,"valueName":"search_term_string"}}],"inLanguage":"hu"},{"@type":"Organization","@id":"https:\/\/madachkollegium.hu\/#organization","name":"Mad\u00e1ch Koll\u00e9gium Balassagyarmat","url":"https:\/\/madachkollegium.hu\/","logo":{"@type":"ImageObject","inLanguage":"hu","@id":"https:\/\/madachkollegium.hu\/#\/schema\/logo\/image\/","url":"https:\/\/madachkollegium.hu\/wp-content\/uploads\/2021\/10\/cropped-cimer4_160x160.jpg","contentUrl":"https:\/\/madachkollegium.hu\/wp-content\/uploads\/2021\/10\/cropped-cimer4_160x160.jpg","width":160,"height":160,"caption":"Mad\u00e1ch Koll\u00e9gium Balassagyarmat"},"image":{"@id":"https:\/\/madachkollegium.hu\/#\/schema\/logo\/image\/"},"sameAs":["https:\/\/www.facebook.com\/madachkollegium"]}]}},"_links":{"self":[{"href":"https:\/\/madachkollegium.hu\/index.php\/wp-json\/wp\/v2\/pages\/62","targetHints":{"allow":["GET"]}}],"collection":[{"href":"https:\/\/madachkollegium.hu\/index.php\/wp-json\/wp\/v2\/pages"}],"about":[{"href":"https:\/\/madachkollegium.hu\/index.php\/wp-json\/wp\/v2\/types\/page"}],"author":[{"embeddable":true,"href":"https:\/\/madachkollegium.hu\/index.php\/wp-json\/wp\/v2\/users\/1"}],"replies":[{"embeddable":true,"href":"https:\/\/madachkollegium.hu\/index.php\/wp-json\/wp\/v2\/comments?post=62"}],"version-history":[{"count":0,"href":"https:\/\/madachkollegium.hu\/index.php\/wp-json\/wp\/v2\/pages\/62\/revisions"}],"wp:attachment":[{"href":"https:\/\/madachkollegium.hu\/index.php\/wp-json\/wp\/v2\/media?parent=62"}],"curies":[{"name":"wp","href":"https:\/\/api.w.org\/{rel}","templated":true}]}}