{"id":80,"date":"2021-10-17T12:22:48","date_gmt":"2021-10-17T12:22:48","guid":{"rendered":"http:\/\/madachkollegium.hu\/?page_id=80"},"modified":"2021-10-17T12:22:48","modified_gmt":"2021-10-17T12:22:48","slug":"pedagogiai-innovacio","status":"publish","type":"page","link":"https:\/\/madachkollegium.hu\/index.php\/pedagogiai-innovacio\/","title":{"rendered":"Pedag\u00f3giai innov\u00e1ci\u00f3"},"content":{"rendered":"\t\t<div data-elementor-type=\"wp-page\" data-elementor-id=\"80\" class=\"elementor elementor-80\" data-elementor-post-type=\"page\">\n\t\t\t\t\t\t<section class=\"elementor-section elementor-top-section elementor-element elementor-element-5f66fc2 elementor-section-boxed elementor-section-height-default elementor-section-height-default\" data-id=\"5f66fc2\" data-element_type=\"section\">\n\t\t\t\t\t\t<div class=\"elementor-container elementor-column-gap-default\">\n\t\t\t\t\t<div class=\"elementor-column elementor-col-100 elementor-top-column elementor-element elementor-element-628962c\" data-id=\"628962c\" data-element_type=\"column\">\n\t\t\t<div class=\"elementor-widget-wrap elementor-element-populated\">\n\t\t\t\t\t\t<div class=\"elementor-element elementor-element-1ab7984 elementor-widget elementor-widget-text-editor\" data-id=\"1ab7984\" data-element_type=\"widget\" data-widget_type=\"text-editor.default\">\n\t\t\t\t<div class=\"elementor-widget-container\">\n\t\t\t\t\t\t\t\t\t<p>Fontosnak tartjuk a pedag\u00f3giai innov\u00e1ci\u00f3t, \u00fagy gondoljuk ez siker\u00fcnk kulcsa. Ez els\u0151k\u00e9nt az Arany J\u00e1nos Tehets\u00e9ggondoz\u00f3 Programmal kezd\u0151d\u00f6tt, amikor is int\u00e9zm\u00e9ny\u00fcnk kil\u00e9pett az \u00fan. gyermekmeg\u0151rz\u0151 koll\u00e9giumok skatuly\u00e1j\u00e1b\u00f3l, aminek a h\u00e1tr\u00e1nyos helyzet\u0171 \u00e9s tehets\u00e9ges gyermekek seg\u00edt\u00e9s\u00e9n t\u00fal nem elhanyagolhat\u00f3 hozad\u00e9ka volt a tanul\u00f3i l\u00e9tsz\u00e1m n\u00f6veked\u00e9se. Sikeres p\u00e1ly\u00e1zati tev\u00e9kenys\u00e9g\u00fcnk eredm\u00e9nyek\u00e9nt bekapcsol\u00f3dtunk a T\u00c1MOP 3.1.4. kompetencia alap\u00fa oktat\u00e1sba n\u00e9gy t\u00e9m\u00e1val: k\u00f6rnyezeti nevel\u00e9s, viselked\u00e9skult\u00fara, csal\u00e1d \u00e9s csal\u00e1dfak\u00e9sz\u00edt\u00e9s, p\u00e9nz\u00fcgyi \u00e9s v\u00e1llalkoz\u00e1si ismeretek. Ezekkel a t\u00e9m\u00e1kkal aktu\u00e1lis \u00e9s korszer\u0171 ismeretekkel b\u0151v\u00edtett\u00fck koll\u00e9giumi nevel\u00e9s\u00fcnk t\u00e1rh\u00e1z\u00e1t, majd pedig csatlakoztunk a tehets\u00e9g h\u00e1l\u00f3zathoz.\u00a0<\/p><p>Ezeknek a\u00a0 ter\u00fcleteknek a fenntart\u00e1s\u00e1ban \u00e9s tov\u00e1bbfejleszt\u00e9s\u00e9ben l\u00e1tjuk a koll\u00e9gium pedag\u00f3giai fejleszt\u00e9s\u00e9nek f\u0151 ir\u00e1ny\u00e1t a tov\u00e1bbiakban is. A tan\u00e1rok tov\u00e1bbk\u00e9pz\u00e9s\u00e9ben \u00e9s m\u00f3dszertani fejleszt\u00e9s\u00e9ben ezeket a ter\u00fcleteket kell szem el\u0151tt tartanunk.<\/p><p><strong>T\u00c1MOP 3.1.4<\/strong>.<\/p><p>\u00a0Balassagyarmat V\u00e1ros \u00d6nkorm\u00e1nyzata 2009-ben sikeresen p\u00e1ly\u00e1zott a T\u00e1rsadalmi Meg\u00fajul\u00e1s Operat\u00edv Program (T\u00c1MOP) Kompetencia alap\u00fa oktat\u00e1s, egyenl\u0151 hozz\u00e1f\u00e9r\u00e9s \u2013 innovat\u00edv int\u00e9zm\u00e9nyekben, c\u00edm\u0171 p\u00e1ly\u00e1zatban. A p\u00e1ly\u00e1zatban koll\u00e9giumunk a Mad\u00e1ch Imre Koll\u00e9gium t\u00f6bb m\u00e1s v\u00e1rosi oktat\u00e1si int\u00e9zm\u00e9nyekkel k\u00f6z\u00f6sen vett r\u00e9szt.<\/p><p>A programban szerepl\u0151 koll\u00e9g\u00e1k hozt\u00e1k az \u00f6tletet mindenki szem\u00e9lyes kompetenci\u00e1j\u00e1t figyelembe v\u00e9ve v\u00e1lasztotta ki a t\u00e9m\u00e1t \u00e9s alak\u00edtotta ki tartalm\u00e1t.<\/p><p>A kompetencia alap\u00fa program keret\u00e9ben megtartott foglalkoz\u00e1sok:<\/p><ol><li>Viselked\u00e9skult\u00fara \u2013 AJTP 10. \u00e9vfolyam<\/li><li>Csal\u00e1d, csal\u00e1dkutat\u00e1s, csal\u00e1dfak\u00e9sz\u00edt\u00e9s \u2013 AJTP 10. \u00e9vfolyam<\/li><li>K\u00f6rnyezeti kompetencia ter\u00fclet \u2013 AJTP 9. \u00e9vfolyam<\/li><li>\u00c9letp\u00e1lya-\u00e9p\u00edt\u00e9si kompetencia ter\u00fclet \u2013 AJTP 11. \u00e9vfolyam<\/li><\/ol><p>Mind a n\u00e9gy kompetencia alap\u00fa oktat\u00e1s m\u00f3dszer\u00e9vel lefolytatott tematikus egys\u00e9gek harminc \u00f3r\u00e1ban ker\u00fcltek megval\u00f3s\u00edt\u00e1sra, a koll\u00e9giumi saj\u00e1toss\u00e1gok f\u00fcggv\u00e9ny\u00e9ben t\u00f6mb\u00f6s\u00edtett h\u00e9tv\u00e9g\u00e9k keret\u00e9ben, amit az AJTP -ben r\u00e9sztvev\u0151 tanul\u00f3k sz\u00e1m\u00e1ra k\u00f6telez\u0151 jelleg\u0171ek voltak. Az erdei iskolai program megval\u00f3s\u00edt\u00e1s\u00e1ra az \u00e9retts\u00e9gi sz\u00fcnetben volt lehet\u0151s\u00e9g.<\/p><p>A kompetencia alap\u00fa oktat\u00e1s megval\u00f3s\u00edt\u00e1sa az AJTP kereteire \u00e9p\u00fclt, figyelembe v\u00e9ve \u201eAz oktat\u00e1si \u00e9s kultur\u00e1lis miniszter 36\/2009. (XII.23.) OKM rendelete a Koll\u00e9giumi nevel\u00e9s orsz\u00e1gos alapprogramj\u00e1nak kiad\u00e1s\u00e1r\u00f3l sz\u00f3l\u00f3 46\/2001. (XII.22.) OM rendelet m\u00f3dos\u00edt\u00e1s\u00e1r\u00f3l sz\u00f3l\u00f3 rendelet\u00e9t, k\u00fcl\u00f6n\u00f6s tekintettel annak 4. sz\u00e1m\u00fa mell\u00e9klet\u00e9re, mely az AJTP program tev\u00e9kenys\u00e9g \u00e9s foglalkoz\u00e1srendszer\u00e9t hat\u00e1rozza meg.<\/p><p>A koll\u00e9gist\u00e1k akt\u00edvan r\u00e9szt vesznek az \u00faj t\u00edpus\u00fa kompetencia alap\u00fa foglalkoz\u00e1sokon. Mivel itt a hagyom\u00e1nyos \u00e9rt\u00e9kel\u00e9s (oszt\u00e1lyoz\u00e1s) nem k\u00f6vetelm\u00e9ny, hat\u00e9konyan \u00e9s re\u00e1lisan m\u0171k\u00f6dik az egym\u00e1s \u00e9rt\u00e9kel\u00e9se \u00e9s az akt\u00edv r\u00e9szv\u00e9tel a tan\u00e1ri sz\u00f6veges, magyar\u00e1z\u00f3 \u00e9rt\u00e9kel\u00e9sek sor\u00e1n.\u00a0<\/p><p>Az \u00f6t \u00e9vre v\u00e1llalt fenntart\u00e1s k\u00f6vetelm\u00e9nyeit be\u00e9p\u00edtett\u00fck a pedag\u00f3giai programunkba. A bevezet\u0151 tan\u00e9v pozit\u00edv tapasztalatai alapj\u00e1n a kompetencia alap\u00fa oktat\u00e1st kiterjesztj\u00fck a 9-13. \u00e9vfolyamokra is.<\/p><p>Pedag\u00f3gusaink a p\u00e1ly\u00e1zatnak k\u00f6sz\u00f6nhet\u0151en 60-160 \u00f3ra k\u00f6z\u00f6tti m\u00f3dszertani tanfolyamokon friss\u00edtett\u00e9k tud\u00e1sukat.<\/p><p>A p\u00e1ly\u00e1zat lehet\u0151s\u00e9get biztos\u00edtott arra is, hogy jelent\u0151s m\u00e9rt\u00e9kben fejlessz\u00fck IKT eszk\u00f6zeinket, amelyeket szint\u00e9n be\u00e9p\u00edtett\u00fck koll\u00e9giumunk napi pedag\u00f3giai gyakorlat\u00e1ba.<\/p>\t\t\t\t\t\t\t\t<\/div>\n\t\t\t\t<\/div>\n\t\t\t\t\t<\/div>\n\t\t<\/div>\n\t\t\t\t\t<\/div>\n\t\t<\/section>\n\t\t\t\t<\/div>\n\t\t","protected":false},"excerpt":{"rendered":"<p>Fontosnak tartjuk a pedag\u00f3giai innov\u00e1ci\u00f3t, \u00fagy gondoljuk ez siker\u00fcnk kulcsa. Ez els\u0151k\u00e9nt az Arany J\u00e1nos Tehets\u00e9ggondoz\u00f3 Programmal kezd\u0151d\u00f6tt, amikor is int\u00e9zm\u00e9ny\u00fcnk kil\u00e9pett az \u00fan. gyermekmeg\u0151rz\u0151 koll\u00e9giumok skatuly\u00e1j\u00e1b\u00f3l, aminek a h\u00e1tr\u00e1nyos helyzet\u0171 \u00e9s tehets\u00e9ges gyermekek seg\u00edt\u00e9s\u00e9n t\u00fal nem elhanyagolhat\u00f3 hozad\u00e9ka volt a tanul\u00f3i l\u00e9tsz\u00e1m n\u00f6veked\u00e9se. Sikeres p\u00e1ly\u00e1zati tev\u00e9kenys\u00e9g\u00fcnk eredm\u00e9nyek\u00e9nt bekapcsol\u00f3dtunk a T\u00c1MOP 3.1.4. kompetencia alap\u00fa oktat\u00e1sba [&hellip;]<\/p>\n","protected":false},"author":1,"featured_media":0,"parent":0,"menu_order":0,"comment_status":"closed","ping_status":"closed","template":"","meta":{"footnotes":""},"class_list":["post-80","page","type-page","status-publish","hentry"],"yoast_head":"<!-- This site is optimized with the Yoast SEO plugin v26.6 - https:\/\/yoast.com\/wordpress\/plugins\/seo\/ -->\n<title>Pedag\u00f3giai innov\u00e1ci\u00f3 - .<\/title>\n<meta name=\"robots\" content=\"index, follow, max-snippet:-1, max-image-preview:large, max-video-preview:-1\" \/>\n<link rel=\"canonical\" href=\"https:\/\/madachkollegium.hu\/index.php\/pedagogiai-innovacio\/\" \/>\n<meta property=\"og:locale\" content=\"hu_HU\" \/>\n<meta property=\"og:type\" content=\"article\" \/>\n<meta property=\"og:title\" content=\"Pedag\u00f3giai innov\u00e1ci\u00f3 - .\" \/>\n<meta property=\"og:description\" content=\"Fontosnak tartjuk a pedag\u00f3giai innov\u00e1ci\u00f3t, \u00fagy gondoljuk ez siker\u00fcnk kulcsa. Ez els\u0151k\u00e9nt az Arany J\u00e1nos Tehets\u00e9ggondoz\u00f3 Programmal kezd\u0151d\u00f6tt, amikor is int\u00e9zm\u00e9ny\u00fcnk kil\u00e9pett az \u00fan. gyermekmeg\u0151rz\u0151 koll\u00e9giumok skatuly\u00e1j\u00e1b\u00f3l, aminek a h\u00e1tr\u00e1nyos helyzet\u0171 \u00e9s tehets\u00e9ges gyermekek seg\u00edt\u00e9s\u00e9n t\u00fal nem elhanyagolhat\u00f3 hozad\u00e9ka volt a tanul\u00f3i l\u00e9tsz\u00e1m n\u00f6veked\u00e9se. Sikeres p\u00e1ly\u00e1zati tev\u00e9kenys\u00e9g\u00fcnk eredm\u00e9nyek\u00e9nt bekapcsol\u00f3dtunk a T\u00c1MOP 3.1.4. kompetencia alap\u00fa oktat\u00e1sba [&hellip;]\" \/>\n<meta property=\"og:url\" content=\"https:\/\/madachkollegium.hu\/index.php\/pedagogiai-innovacio\/\" \/>\n<meta property=\"og:site_name\" content=\".\" \/>\n<meta property=\"article:publisher\" content=\"https:\/\/www.facebook.com\/madachkollegium\" \/>\n<meta name=\"twitter:card\" content=\"summary_large_image\" \/>\n<meta name=\"twitter:label1\" content=\"Becs\u00fclt olvas\u00e1si id\u0151\" \/>\n\t<meta name=\"twitter:data1\" content=\"3 perc\" \/>\n<script type=\"application\/ld+json\" class=\"yoast-schema-graph\">{\"@context\":\"https:\/\/schema.org\",\"@graph\":[{\"@type\":\"WebPage\",\"@id\":\"https:\/\/madachkollegium.hu\/index.php\/pedagogiai-innovacio\/\",\"url\":\"https:\/\/madachkollegium.hu\/index.php\/pedagogiai-innovacio\/\",\"name\":\"Pedag\u00f3giai innov\u00e1ci\u00f3 - .\",\"isPartOf\":{\"@id\":\"https:\/\/madachkollegium.hu\/#website\"},\"datePublished\":\"2021-10-17T12:22:48+00:00\",\"breadcrumb\":{\"@id\":\"https:\/\/madachkollegium.hu\/index.php\/pedagogiai-innovacio\/#breadcrumb\"},\"inLanguage\":\"hu\",\"potentialAction\":[{\"@type\":\"ReadAction\",\"target\":[\"https:\/\/madachkollegium.hu\/index.php\/pedagogiai-innovacio\/\"]}]},{\"@type\":\"BreadcrumbList\",\"@id\":\"https:\/\/madachkollegium.hu\/index.php\/pedagogiai-innovacio\/#breadcrumb\",\"itemListElement\":[{\"@type\":\"ListItem\",\"position\":1,\"name\":\"Kezd\u0151lap\",\"item\":\"https:\/\/madachkollegium.hu\/\"},{\"@type\":\"ListItem\",\"position\":2,\"name\":\"Pedag\u00f3giai innov\u00e1ci\u00f3\"}]},{\"@type\":\"WebSite\",\"@id\":\"https:\/\/madachkollegium.hu\/#website\",\"url\":\"https:\/\/madachkollegium.hu\/\",\"name\":\"www.madachkollegium.hu\",\"description\":\"\",\"publisher\":{\"@id\":\"https:\/\/madachkollegium.hu\/#organization\"},\"potentialAction\":[{\"@type\":\"SearchAction\",\"target\":{\"@type\":\"EntryPoint\",\"urlTemplate\":\"https:\/\/madachkollegium.hu\/?s={search_term_string}\"},\"query-input\":{\"@type\":\"PropertyValueSpecification\",\"valueRequired\":true,\"valueName\":\"search_term_string\"}}],\"inLanguage\":\"hu\"},{\"@type\":\"Organization\",\"@id\":\"https:\/\/madachkollegium.hu\/#organization\",\"name\":\"Mad\u00e1ch Koll\u00e9gium Balassagyarmat\",\"url\":\"https:\/\/madachkollegium.hu\/\",\"logo\":{\"@type\":\"ImageObject\",\"inLanguage\":\"hu\",\"@id\":\"https:\/\/madachkollegium.hu\/#\/schema\/logo\/image\/\",\"url\":\"https:\/\/madachkollegium.hu\/wp-content\/uploads\/2021\/10\/cropped-cimer4_160x160.jpg\",\"contentUrl\":\"https:\/\/madachkollegium.hu\/wp-content\/uploads\/2021\/10\/cropped-cimer4_160x160.jpg\",\"width\":160,\"height\":160,\"caption\":\"Mad\u00e1ch Koll\u00e9gium Balassagyarmat\"},\"image\":{\"@id\":\"https:\/\/madachkollegium.hu\/#\/schema\/logo\/image\/\"},\"sameAs\":[\"https:\/\/www.facebook.com\/madachkollegium\"]}]}<\/script>\n<!-- \/ Yoast SEO plugin. -->","yoast_head_json":{"title":"Pedag\u00f3giai innov\u00e1ci\u00f3 - .","robots":{"index":"index","follow":"follow","max-snippet":"max-snippet:-1","max-image-preview":"max-image-preview:large","max-video-preview":"max-video-preview:-1"},"canonical":"https:\/\/madachkollegium.hu\/index.php\/pedagogiai-innovacio\/","og_locale":"hu_HU","og_type":"article","og_title":"Pedag\u00f3giai innov\u00e1ci\u00f3 - .","og_description":"Fontosnak tartjuk a pedag\u00f3giai innov\u00e1ci\u00f3t, \u00fagy gondoljuk ez siker\u00fcnk kulcsa. Ez els\u0151k\u00e9nt az Arany J\u00e1nos Tehets\u00e9ggondoz\u00f3 Programmal kezd\u0151d\u00f6tt, amikor is int\u00e9zm\u00e9ny\u00fcnk kil\u00e9pett az \u00fan. gyermekmeg\u0151rz\u0151 koll\u00e9giumok skatuly\u00e1j\u00e1b\u00f3l, aminek a h\u00e1tr\u00e1nyos helyzet\u0171 \u00e9s tehets\u00e9ges gyermekek seg\u00edt\u00e9s\u00e9n t\u00fal nem elhanyagolhat\u00f3 hozad\u00e9ka volt a tanul\u00f3i l\u00e9tsz\u00e1m n\u00f6veked\u00e9se. Sikeres p\u00e1ly\u00e1zati tev\u00e9kenys\u00e9g\u00fcnk eredm\u00e9nyek\u00e9nt bekapcsol\u00f3dtunk a T\u00c1MOP 3.1.4. kompetencia alap\u00fa oktat\u00e1sba [&hellip;]","og_url":"https:\/\/madachkollegium.hu\/index.php\/pedagogiai-innovacio\/","og_site_name":".","article_publisher":"https:\/\/www.facebook.com\/madachkollegium","twitter_card":"summary_large_image","twitter_misc":{"Becs\u00fclt olvas\u00e1si id\u0151":"3 perc"},"schema":{"@context":"https:\/\/schema.org","@graph":[{"@type":"WebPage","@id":"https:\/\/madachkollegium.hu\/index.php\/pedagogiai-innovacio\/","url":"https:\/\/madachkollegium.hu\/index.php\/pedagogiai-innovacio\/","name":"Pedag\u00f3giai innov\u00e1ci\u00f3 - .","isPartOf":{"@id":"https:\/\/madachkollegium.hu\/#website"},"datePublished":"2021-10-17T12:22:48+00:00","breadcrumb":{"@id":"https:\/\/madachkollegium.hu\/index.php\/pedagogiai-innovacio\/#breadcrumb"},"inLanguage":"hu","potentialAction":[{"@type":"ReadAction","target":["https:\/\/madachkollegium.hu\/index.php\/pedagogiai-innovacio\/"]}]},{"@type":"BreadcrumbList","@id":"https:\/\/madachkollegium.hu\/index.php\/pedagogiai-innovacio\/#breadcrumb","itemListElement":[{"@type":"ListItem","position":1,"name":"Kezd\u0151lap","item":"https:\/\/madachkollegium.hu\/"},{"@type":"ListItem","position":2,"name":"Pedag\u00f3giai innov\u00e1ci\u00f3"}]},{"@type":"WebSite","@id":"https:\/\/madachkollegium.hu\/#website","url":"https:\/\/madachkollegium.hu\/","name":"www.madachkollegium.hu","description":"","publisher":{"@id":"https:\/\/madachkollegium.hu\/#organization"},"potentialAction":[{"@type":"SearchAction","target":{"@type":"EntryPoint","urlTemplate":"https:\/\/madachkollegium.hu\/?s={search_term_string}"},"query-input":{"@type":"PropertyValueSpecification","valueRequired":true,"valueName":"search_term_string"}}],"inLanguage":"hu"},{"@type":"Organization","@id":"https:\/\/madachkollegium.hu\/#organization","name":"Mad\u00e1ch Koll\u00e9gium Balassagyarmat","url":"https:\/\/madachkollegium.hu\/","logo":{"@type":"ImageObject","inLanguage":"hu","@id":"https:\/\/madachkollegium.hu\/#\/schema\/logo\/image\/","url":"https:\/\/madachkollegium.hu\/wp-content\/uploads\/2021\/10\/cropped-cimer4_160x160.jpg","contentUrl":"https:\/\/madachkollegium.hu\/wp-content\/uploads\/2021\/10\/cropped-cimer4_160x160.jpg","width":160,"height":160,"caption":"Mad\u00e1ch Koll\u00e9gium Balassagyarmat"},"image":{"@id":"https:\/\/madachkollegium.hu\/#\/schema\/logo\/image\/"},"sameAs":["https:\/\/www.facebook.com\/madachkollegium"]}]}},"_links":{"self":[{"href":"https:\/\/madachkollegium.hu\/index.php\/wp-json\/wp\/v2\/pages\/80","targetHints":{"allow":["GET"]}}],"collection":[{"href":"https:\/\/madachkollegium.hu\/index.php\/wp-json\/wp\/v2\/pages"}],"about":[{"href":"https:\/\/madachkollegium.hu\/index.php\/wp-json\/wp\/v2\/types\/page"}],"author":[{"embeddable":true,"href":"https:\/\/madachkollegium.hu\/index.php\/wp-json\/wp\/v2\/users\/1"}],"replies":[{"embeddable":true,"href":"https:\/\/madachkollegium.hu\/index.php\/wp-json\/wp\/v2\/comments?post=80"}],"version-history":[{"count":0,"href":"https:\/\/madachkollegium.hu\/index.php\/wp-json\/wp\/v2\/pages\/80\/revisions"}],"wp:attachment":[{"href":"https:\/\/madachkollegium.hu\/index.php\/wp-json\/wp\/v2\/media?parent=80"}],"curies":[{"name":"wp","href":"https:\/\/api.w.org\/{rel}","templated":true}]}}