{"id":89,"date":"2021-10-17T12:23:48","date_gmt":"2021-10-17T12:23:48","guid":{"rendered":"http:\/\/madachkollegium.hu\/?page_id=89"},"modified":"2021-10-17T12:23:48","modified_gmt":"2021-10-17T12:23:48","slug":"pedagogusaink","status":"publish","type":"page","link":"https:\/\/madachkollegium.hu\/index.php\/pedagogusaink\/","title":{"rendered":"Pedag\u00f3gusaink"},"content":{"rendered":"\t\t<div data-elementor-type=\"wp-page\" data-elementor-id=\"89\" class=\"elementor elementor-89\" data-elementor-post-type=\"page\">\n\t\t\t\t\t\t<section class=\"elementor-section elementor-top-section elementor-element elementor-element-efacdbe elementor-section-boxed elementor-section-height-default elementor-section-height-default\" data-id=\"efacdbe\" data-element_type=\"section\">\n\t\t\t\t\t\t<div class=\"elementor-container elementor-column-gap-default\">\n\t\t\t\t\t<div class=\"elementor-column elementor-col-100 elementor-top-column elementor-element elementor-element-81c71d7\" data-id=\"81c71d7\" data-element_type=\"column\">\n\t\t\t<div class=\"elementor-widget-wrap elementor-element-populated\">\n\t\t\t\t\t\t<div class=\"elementor-element elementor-element-0bc276c elementor-widget elementor-widget-text-editor\" data-id=\"0bc276c\" data-element_type=\"widget\" data-widget_type=\"text-editor.default\">\n\t\t\t\t<div class=\"elementor-widget-container\">\n\t\t\t\t\t\t\t\t\t<table width=\"741\"><tbody><tr><td colspan=\"3\"><p>Pedag\u00f3gusaink<\/p><\/td><\/tr><tr><td width=\"259\"><p>Neve<\/p><\/td><td width=\"263\"><p>Beoszt\u00e1sa<\/p><\/td><td width=\"197\"><p>El\u00e9rhet\u0151s\u00e9ge<\/p><\/td><\/tr><tr><td><p>Magyar Zolt\u00e1n<\/p><\/td><td><p>Igazgat\u00f3<\/p><\/td><td rowspan=\"11\"><p>35 \/ 500 &#8211; 509<\/p><p>35 \/ 500 &#8211; 788<\/p><\/td><\/tr><tr><td><p>Balla P\u00e9ter<\/p><\/td><td><p>Pedag\u00f3giai fel\u00fcgyel\u0151<\/p><\/td><\/tr><tr><td><p>Benk\u00f3 R\u00f3bert<\/p><\/td><td><p>Nevel\u0151tan\u00e1r<\/p><\/td><\/tr><tr><td><p>Bir\u00f3 Annam\u00e1ria<\/p><\/td><td><p>Nevel\u0151tan\u00e1r<\/p><\/td><\/tr><tr><td>\u00a0<\/td><td>\u00a0<\/td><\/tr><tr><td><p>Garai Krisztina<\/p><\/td><td><p>Pedag\u00f3giai fel\u00fcgyel\u0151<\/p><\/td><\/tr><tr><td>\u00a0<\/td><td>\u00a0<\/td><\/tr><tr><td><p>Hering Arnold<\/p><\/td><td><p>Nevel\u0151tan\u00e1r<\/p><\/td><\/tr><tr><td><p>Hugyecz J\u00e1nos<\/p><\/td><td><p>Nevel\u0151tan\u00e1r<\/p><\/td><\/tr><tr><td><p>Jele D\u00e1vid<\/p><\/td><td><p>\u00a0Nevel\u0151tan\u00e1r \u00e9s AJTP programgazda<\/p><\/td><\/tr><tr><td><p>Nagy L\u00e1szl\u00f3n\u00e9<\/p><\/td><td><p>Nevel\u0151tan\u00e1r<\/p><\/td><\/tr><tr><td><p>Praszna Lajos<\/p><\/td><td><p>Pedag\u00f3giai fel\u00fcgyel\u0151<\/p><\/td><td>\u00a0<\/td><\/tr><\/tbody><\/table>\t\t\t\t\t\t\t\t<\/div>\n\t\t\t\t<\/div>\n\t\t\t\t\t<\/div>\n\t\t<\/div>\n\t\t\t\t\t<\/div>\n\t\t<\/section>\n\t\t\t\t<\/div>\n\t\t","protected":false},"excerpt":{"rendered":"<p>Pedag\u00f3gusaink Neve Beoszt\u00e1sa El\u00e9rhet\u0151s\u00e9ge Magyar Zolt\u00e1n Igazgat\u00f3 35 \/ 500 &#8211; 509 35 \/ 500 &#8211; 788 Balla P\u00e9ter Pedag\u00f3giai fel\u00fcgyel\u0151 Benk\u00f3 R\u00f3bert Nevel\u0151tan\u00e1r Bir\u00f3 Annam\u00e1ria Nevel\u0151tan\u00e1r \u00a0 \u00a0 Garai Krisztina Pedag\u00f3giai fel\u00fcgyel\u0151 \u00a0 \u00a0 Hering Arnold Nevel\u0151tan\u00e1r Hugyecz J\u00e1nos Nevel\u0151tan\u00e1r Jele D\u00e1vid \u00a0Nevel\u0151tan\u00e1r \u00e9s AJTP programgazda Nagy L\u00e1szl\u00f3n\u00e9 Nevel\u0151tan\u00e1r Praszna Lajos Pedag\u00f3giai fel\u00fcgyel\u0151 \u00a0<\/p>\n","protected":false},"author":1,"featured_media":0,"parent":0,"menu_order":0,"comment_status":"closed","ping_status":"closed","template":"","meta":{"footnotes":""},"class_list":["post-89","page","type-page","status-publish","hentry"],"yoast_head":"<!-- This site is optimized with the Yoast SEO plugin v26.6 - https:\/\/yoast.com\/wordpress\/plugins\/seo\/ -->\n<title>Pedag\u00f3gusaink - .<\/title>\n<meta name=\"robots\" content=\"index, follow, max-snippet:-1, max-image-preview:large, max-video-preview:-1\" \/>\n<link rel=\"canonical\" href=\"https:\/\/madachkollegium.hu\/index.php\/pedagogusaink\/\" \/>\n<meta property=\"og:locale\" content=\"hu_HU\" \/>\n<meta property=\"og:type\" content=\"article\" \/>\n<meta property=\"og:title\" content=\"Pedag\u00f3gusaink - .\" \/>\n<meta property=\"og:description\" content=\"Pedag\u00f3gusaink Neve Beoszt\u00e1sa El\u00e9rhet\u0151s\u00e9ge Magyar Zolt\u00e1n Igazgat\u00f3 35 \/ 500 &#8211; 509 35 \/ 500 &#8211; 788 Balla P\u00e9ter Pedag\u00f3giai fel\u00fcgyel\u0151 Benk\u00f3 R\u00f3bert Nevel\u0151tan\u00e1r Bir\u00f3 Annam\u00e1ria Nevel\u0151tan\u00e1r \u00a0 \u00a0 Garai Krisztina Pedag\u00f3giai fel\u00fcgyel\u0151 \u00a0 \u00a0 Hering Arnold Nevel\u0151tan\u00e1r Hugyecz J\u00e1nos Nevel\u0151tan\u00e1r Jele D\u00e1vid \u00a0Nevel\u0151tan\u00e1r \u00e9s AJTP programgazda Nagy L\u00e1szl\u00f3n\u00e9 Nevel\u0151tan\u00e1r Praszna Lajos Pedag\u00f3giai fel\u00fcgyel\u0151 \u00a0\" \/>\n<meta property=\"og:url\" content=\"https:\/\/madachkollegium.hu\/index.php\/pedagogusaink\/\" \/>\n<meta property=\"og:site_name\" content=\".\" \/>\n<meta property=\"article:publisher\" content=\"https:\/\/www.facebook.com\/madachkollegium\" \/>\n<meta name=\"twitter:card\" content=\"summary_large_image\" \/>\n<meta name=\"twitter:label1\" content=\"Becs\u00fclt olvas\u00e1si id\u0151\" \/>\n\t<meta name=\"twitter:data1\" content=\"1 perc\" \/>\n<script type=\"application\/ld+json\" class=\"yoast-schema-graph\">{\"@context\":\"https:\/\/schema.org\",\"@graph\":[{\"@type\":\"WebPage\",\"@id\":\"https:\/\/madachkollegium.hu\/index.php\/pedagogusaink\/\",\"url\":\"https:\/\/madachkollegium.hu\/index.php\/pedagogusaink\/\",\"name\":\"Pedag\u00f3gusaink - .\",\"isPartOf\":{\"@id\":\"https:\/\/madachkollegium.hu\/#website\"},\"datePublished\":\"2021-10-17T12:23:48+00:00\",\"breadcrumb\":{\"@id\":\"https:\/\/madachkollegium.hu\/index.php\/pedagogusaink\/#breadcrumb\"},\"inLanguage\":\"hu\",\"potentialAction\":[{\"@type\":\"ReadAction\",\"target\":[\"https:\/\/madachkollegium.hu\/index.php\/pedagogusaink\/\"]}]},{\"@type\":\"BreadcrumbList\",\"@id\":\"https:\/\/madachkollegium.hu\/index.php\/pedagogusaink\/#breadcrumb\",\"itemListElement\":[{\"@type\":\"ListItem\",\"position\":1,\"name\":\"Kezd\u0151lap\",\"item\":\"https:\/\/madachkollegium.hu\/\"},{\"@type\":\"ListItem\",\"position\":2,\"name\":\"Pedag\u00f3gusaink\"}]},{\"@type\":\"WebSite\",\"@id\":\"https:\/\/madachkollegium.hu\/#website\",\"url\":\"https:\/\/madachkollegium.hu\/\",\"name\":\"www.madachkollegium.hu\",\"description\":\"\",\"publisher\":{\"@id\":\"https:\/\/madachkollegium.hu\/#organization\"},\"potentialAction\":[{\"@type\":\"SearchAction\",\"target\":{\"@type\":\"EntryPoint\",\"urlTemplate\":\"https:\/\/madachkollegium.hu\/?s={search_term_string}\"},\"query-input\":{\"@type\":\"PropertyValueSpecification\",\"valueRequired\":true,\"valueName\":\"search_term_string\"}}],\"inLanguage\":\"hu\"},{\"@type\":\"Organization\",\"@id\":\"https:\/\/madachkollegium.hu\/#organization\",\"name\":\"Mad\u00e1ch Koll\u00e9gium Balassagyarmat\",\"url\":\"https:\/\/madachkollegium.hu\/\",\"logo\":{\"@type\":\"ImageObject\",\"inLanguage\":\"hu\",\"@id\":\"https:\/\/madachkollegium.hu\/#\/schema\/logo\/image\/\",\"url\":\"https:\/\/madachkollegium.hu\/wp-content\/uploads\/2021\/10\/cropped-cimer4_160x160.jpg\",\"contentUrl\":\"https:\/\/madachkollegium.hu\/wp-content\/uploads\/2021\/10\/cropped-cimer4_160x160.jpg\",\"width\":160,\"height\":160,\"caption\":\"Mad\u00e1ch Koll\u00e9gium Balassagyarmat\"},\"image\":{\"@id\":\"https:\/\/madachkollegium.hu\/#\/schema\/logo\/image\/\"},\"sameAs\":[\"https:\/\/www.facebook.com\/madachkollegium\"]}]}<\/script>\n<!-- \/ Yoast SEO plugin. -->","yoast_head_json":{"title":"Pedag\u00f3gusaink - .","robots":{"index":"index","follow":"follow","max-snippet":"max-snippet:-1","max-image-preview":"max-image-preview:large","max-video-preview":"max-video-preview:-1"},"canonical":"https:\/\/madachkollegium.hu\/index.php\/pedagogusaink\/","og_locale":"hu_HU","og_type":"article","og_title":"Pedag\u00f3gusaink - .","og_description":"Pedag\u00f3gusaink Neve Beoszt\u00e1sa El\u00e9rhet\u0151s\u00e9ge Magyar Zolt\u00e1n Igazgat\u00f3 35 \/ 500 &#8211; 509 35 \/ 500 &#8211; 788 Balla P\u00e9ter Pedag\u00f3giai fel\u00fcgyel\u0151 Benk\u00f3 R\u00f3bert Nevel\u0151tan\u00e1r Bir\u00f3 Annam\u00e1ria Nevel\u0151tan\u00e1r \u00a0 \u00a0 Garai Krisztina Pedag\u00f3giai fel\u00fcgyel\u0151 \u00a0 \u00a0 Hering Arnold Nevel\u0151tan\u00e1r Hugyecz J\u00e1nos Nevel\u0151tan\u00e1r Jele D\u00e1vid \u00a0Nevel\u0151tan\u00e1r \u00e9s AJTP programgazda Nagy L\u00e1szl\u00f3n\u00e9 Nevel\u0151tan\u00e1r Praszna Lajos Pedag\u00f3giai fel\u00fcgyel\u0151 \u00a0","og_url":"https:\/\/madachkollegium.hu\/index.php\/pedagogusaink\/","og_site_name":".","article_publisher":"https:\/\/www.facebook.com\/madachkollegium","twitter_card":"summary_large_image","twitter_misc":{"Becs\u00fclt olvas\u00e1si id\u0151":"1 perc"},"schema":{"@context":"https:\/\/schema.org","@graph":[{"@type":"WebPage","@id":"https:\/\/madachkollegium.hu\/index.php\/pedagogusaink\/","url":"https:\/\/madachkollegium.hu\/index.php\/pedagogusaink\/","name":"Pedag\u00f3gusaink - .","isPartOf":{"@id":"https:\/\/madachkollegium.hu\/#website"},"datePublished":"2021-10-17T12:23:48+00:00","breadcrumb":{"@id":"https:\/\/madachkollegium.hu\/index.php\/pedagogusaink\/#breadcrumb"},"inLanguage":"hu","potentialAction":[{"@type":"ReadAction","target":["https:\/\/madachkollegium.hu\/index.php\/pedagogusaink\/"]}]},{"@type":"BreadcrumbList","@id":"https:\/\/madachkollegium.hu\/index.php\/pedagogusaink\/#breadcrumb","itemListElement":[{"@type":"ListItem","position":1,"name":"Kezd\u0151lap","item":"https:\/\/madachkollegium.hu\/"},{"@type":"ListItem","position":2,"name":"Pedag\u00f3gusaink"}]},{"@type":"WebSite","@id":"https:\/\/madachkollegium.hu\/#website","url":"https:\/\/madachkollegium.hu\/","name":"www.madachkollegium.hu","description":"","publisher":{"@id":"https:\/\/madachkollegium.hu\/#organization"},"potentialAction":[{"@type":"SearchAction","target":{"@type":"EntryPoint","urlTemplate":"https:\/\/madachkollegium.hu\/?s={search_term_string}"},"query-input":{"@type":"PropertyValueSpecification","valueRequired":true,"valueName":"search_term_string"}}],"inLanguage":"hu"},{"@type":"Organization","@id":"https:\/\/madachkollegium.hu\/#organization","name":"Mad\u00e1ch Koll\u00e9gium Balassagyarmat","url":"https:\/\/madachkollegium.hu\/","logo":{"@type":"ImageObject","inLanguage":"hu","@id":"https:\/\/madachkollegium.hu\/#\/schema\/logo\/image\/","url":"https:\/\/madachkollegium.hu\/wp-content\/uploads\/2021\/10\/cropped-cimer4_160x160.jpg","contentUrl":"https:\/\/madachkollegium.hu\/wp-content\/uploads\/2021\/10\/cropped-cimer4_160x160.jpg","width":160,"height":160,"caption":"Mad\u00e1ch Koll\u00e9gium Balassagyarmat"},"image":{"@id":"https:\/\/madachkollegium.hu\/#\/schema\/logo\/image\/"},"sameAs":["https:\/\/www.facebook.com\/madachkollegium"]}]}},"_links":{"self":[{"href":"https:\/\/madachkollegium.hu\/index.php\/wp-json\/wp\/v2\/pages\/89","targetHints":{"allow":["GET"]}}],"collection":[{"href":"https:\/\/madachkollegium.hu\/index.php\/wp-json\/wp\/v2\/pages"}],"about":[{"href":"https:\/\/madachkollegium.hu\/index.php\/wp-json\/wp\/v2\/types\/page"}],"author":[{"embeddable":true,"href":"https:\/\/madachkollegium.hu\/index.php\/wp-json\/wp\/v2\/users\/1"}],"replies":[{"embeddable":true,"href":"https:\/\/madachkollegium.hu\/index.php\/wp-json\/wp\/v2\/comments?post=89"}],"version-history":[{"count":0,"href":"https:\/\/madachkollegium.hu\/index.php\/wp-json\/wp\/v2\/pages\/89\/revisions"}],"wp:attachment":[{"href":"https:\/\/madachkollegium.hu\/index.php\/wp-json\/wp\/v2\/media?parent=89"}],"curies":[{"name":"wp","href":"https:\/\/api.w.org\/{rel}","templated":true}]}}